{"id":4720,"date":"2026-01-06T17:53:56","date_gmt":"2026-01-06T17:53:56","guid":{"rendered":"https:\/\/nen.kmkoncept.fr\/?post_type=product&#038;p=4720"},"modified":"2026-04-28T07:29:56","modified_gmt":"2026-04-28T07:29:56","slug":"derive-100-retractable","status":"publish","type":"product","link":"https:\/\/www.nenuphar.com\/en\/shop\/glisse\/planche-a-voile\/ailerons-derives\/derive-100-retractable\/","title":{"rendered":"RETRACTABLE CENTERBOARD"},"content":{"rendered":"<p>100% retractable centerboard for Bic windsurf . Without brake<\/p>","protected":false},"excerpt":{"rendered":"<p>100% retractable centerboard for Bic windsurf . Without brake<\/p>","protected":false},"featured_media":4732,"template":"","meta":{"_acf_changed":false,"_uag_custom_page_level_css":""},"product_brand":[445],"product_cat":[157],"product_tag":[],"class_list":{"0":"post-4720","1":"product","2":"type-product","3":"status-publish","4":"has-post-thumbnail","6":"product_brand-bic","7":"product_cat-ailerons-derives","9":"first","10":"instock","11":"taxable","12":"shipping-taxable","13":"purchasable","14":"product-type-simple"},"acf":[],"aioseo_notices":[],"uagb_featured_image_src":{"full":["https:\/\/www.nenuphar.com\/wp-content\/uploads\/2026\/01\/505.jpg",650,400,false],"thumbnail":["https:\/\/www.nenuphar.com\/wp-content\/uploads\/2026\/01\/505-150x150.jpg",150,150,true],"medium":["https:\/\/www.nenuphar.com\/wp-content\/uploads\/2026\/01\/505-300x185.jpg",300,185,true],"medium_large":["https:\/\/www.nenuphar.com\/wp-content\/uploads\/2026\/01\/505.jpg",650,400,false],"large":["https:\/\/www.nenuphar.com\/wp-content\/uploads\/2026\/01\/505.jpg",650,400,false],"1536x1536":["https:\/\/www.nenuphar.com\/wp-content\/uploads\/2026\/01\/505.jpg",650,400,false],"2048x2048":["https:\/\/www.nenuphar.com\/wp-content\/uploads\/2026\/01\/505.jpg",650,400,false],"trp-custom-language-flag":["https:\/\/www.nenuphar.com\/wp-content\/uploads\/2026\/01\/505.jpg",18,12,false],"woocommerce_thumbnail":["https:\/\/www.nenuphar.com\/wp-content\/uploads\/2026\/01\/505-300x300.jpg",300,300,true],"woocommerce_single":["https:\/\/www.nenuphar.com\/wp-content\/uploads\/2026\/01\/505-600x369.jpg",600,369,true],"woocommerce_gallery_thumbnail":["https:\/\/www.nenuphar.com\/wp-content\/uploads\/2026\/01\/505-100x100.jpg",100,100,true]},"uagb_author_info":{"display_name":"Karine","author_link":"https:\/\/www.nenuphar.com\/en\/author\/"},"uagb_comment_info":0,"uagb_excerpt":"D\u00e9rive planche \u00e0 voile Bic 100% r\u00e9tractable","_links":{"self":[{"href":"https:\/\/www.nenuphar.com\/en\/wp-json\/wp\/v2\/product\/4720","targetHints":{"allow":["GET"]}}],"collection":[{"href":"https:\/\/www.nenuphar.com\/en\/wp-json\/wp\/v2\/product"}],"about":[{"href":"https:\/\/www.nenuphar.com\/en\/wp-json\/wp\/v2\/types\/product"}],"wp:featuredmedia":[{"embeddable":true,"href":"https:\/\/www.nenuphar.com\/en\/wp-json\/wp\/v2\/media\/4732"}],"wp:attachment":[{"href":"https:\/\/www.nenuphar.com\/en\/wp-json\/wp\/v2\/media?parent=4720"}],"wp:term":[{"taxonomy":"product_brand","embeddable":true,"href":"https:\/\/www.nenuphar.com\/en\/wp-json\/wp\/v2\/product_brand?post=4720"},{"taxonomy":"product_cat","embeddable":true,"href":"https:\/\/www.nenuphar.com\/en\/wp-json\/wp\/v2\/product_cat?post=4720"},{"taxonomy":"product_tag","embeddable":true,"href":"https:\/\/www.nenuphar.com\/en\/wp-json\/wp\/v2\/product_tag?post=4720"}],"curies":[{"name":"wp","href":"https:\/\/api.w.org\/{rel}","templated":true}]}}