{"id":4727,"date":"2026-01-06T17:53:56","date_gmt":"2026-01-06T17:53:56","guid":{"rendered":"https:\/\/nen.kmkoncept.fr\/?post_type=product&#038;p=4727"},"modified":"2026-04-28T07:29:59","modified_gmt":"2026-04-28T07:29:59","slug":"aileron-select-ff-43-dtt-deep-tuttle","status":"publish","type":"product","link":"https:\/\/www.nenuphar.com\/en\/shop\/glisse\/planche-a-voile\/ailerons-derives\/aileron-select-ff-43-dtt-deep-tuttle\/","title":{"rendered":"SELECT S1 43 DTT Fin \u2013 Deep Tuttle"},"content":{"rendered":"<p>Aileron Select FF<\/p>\n<p>43 cm<\/p>\n<p>Pour boitier DEEP TUTTLE.<\/p>\n<p>Fits the Techno Blue Line 160D board<\/p>\n<p>Powerful fin promoting early planing<br \/> The double-curved outline is ideal for all sailing conditions<br \/> Le Ride 43 est d\u00e9velopp\u00e9 pour les TECHNO 133, 293D et 160D<\/p>","protected":false},"excerpt":{"rendered":"<p>Aileron Select FF 43 cm Pour boitier DEEP TUTTLE. Se monte sur le flotteur Techno Blue Line 160D Aileron puissant favorisant le planning L\u2019outline en double courbe est id\u00e9al pour toutes les conditions de navigation Le Ride 43 est d\u00e9velopp\u00e9 pour les TECHNO 133, 293D et 160D<\/p>","protected":false},"featured_media":4740,"template":"","meta":{"_acf_changed":false,"_uag_custom_page_level_css":""},"product_brand":[445],"product_cat":[157],"product_tag":[],"class_list":{"0":"post-4727","1":"product","2":"type-product","3":"status-publish","4":"has-post-thumbnail","6":"product_brand-bic","7":"product_cat-ailerons-derives","9":"first","10":"instock","11":"taxable","12":"shipping-taxable","13":"purchasable","14":"product-type-simple"},"acf":[],"aioseo_notices":[],"uagb_featured_image_src":{"full":["https:\/\/www.nenuphar.com\/wp-content\/uploads\/2026\/01\/5139.jpg",213,460,false],"thumbnail":["https:\/\/www.nenuphar.com\/wp-content\/uploads\/2026\/01\/5139-150x150.jpg",150,150,true],"medium":["https:\/\/www.nenuphar.com\/wp-content\/uploads\/2026\/01\/5139-139x300.jpg",139,300,true],"medium_large":["https:\/\/www.nenuphar.com\/wp-content\/uploads\/2026\/01\/5139.jpg",213,460,false],"large":["https:\/\/www.nenuphar.com\/wp-content\/uploads\/2026\/01\/5139.jpg",213,460,false],"1536x1536":["https:\/\/www.nenuphar.com\/wp-content\/uploads\/2026\/01\/5139.jpg",213,460,false],"2048x2048":["https:\/\/www.nenuphar.com\/wp-content\/uploads\/2026\/01\/5139.jpg",213,460,false],"trp-custom-language-flag":["https:\/\/www.nenuphar.com\/wp-content\/uploads\/2026\/01\/5139.jpg",6,12,false],"woocommerce_thumbnail":["https:\/\/www.nenuphar.com\/wp-content\/uploads\/2026\/01\/5139-213x300.jpg",213,300,true],"woocommerce_single":["https:\/\/www.nenuphar.com\/wp-content\/uploads\/2026\/01\/5139.jpg",213,460,false],"woocommerce_gallery_thumbnail":["https:\/\/www.nenuphar.com\/wp-content\/uploads\/2026\/01\/5139-100x100.jpg",100,100,true]},"uagb_author_info":{"display_name":"Karine","author_link":"https:\/\/www.nenuphar.com\/en\/author\/"},"uagb_comment_info":0,"uagb_excerpt":"Aileron Select FF 43 cm Pour boitier DEEP TUTTLE. Se monte sur le flotteur Techno Blue Line 160D Aileron puissant favorisant le planning L\u2019outline en double courbe est id\u00e9al pour toutes les conditions de navigation Le Ride 43 est d\u00e9velopp\u00e9 pour les TECHNO 133, 293D et 160D","_links":{"self":[{"href":"https:\/\/www.nenuphar.com\/en\/wp-json\/wp\/v2\/product\/4727","targetHints":{"allow":["GET"]}}],"collection":[{"href":"https:\/\/www.nenuphar.com\/en\/wp-json\/wp\/v2\/product"}],"about":[{"href":"https:\/\/www.nenuphar.com\/en\/wp-json\/wp\/v2\/types\/product"}],"wp:featuredmedia":[{"embeddable":true,"href":"https:\/\/www.nenuphar.com\/en\/wp-json\/wp\/v2\/media\/4740"}],"wp:attachment":[{"href":"https:\/\/www.nenuphar.com\/en\/wp-json\/wp\/v2\/media?parent=4727"}],"wp:term":[{"taxonomy":"product_brand","embeddable":true,"href":"https:\/\/www.nenuphar.com\/en\/wp-json\/wp\/v2\/product_brand?post=4727"},{"taxonomy":"product_cat","embeddable":true,"href":"https:\/\/www.nenuphar.com\/en\/wp-json\/wp\/v2\/product_cat?post=4727"},{"taxonomy":"product_tag","embeddable":true,"href":"https:\/\/www.nenuphar.com\/en\/wp-json\/wp\/v2\/product_tag?post=4727"}],"curies":[{"name":"wp","href":"https:\/\/api.w.org\/{rel}","templated":true}]}}