{"id":4728,"date":"2026-01-06T17:53:56","date_gmt":"2026-01-06T17:53:56","guid":{"rendered":"https:\/\/nen.kmkoncept.fr\/?post_type=product&#038;p=4728"},"modified":"2026-04-28T07:29:59","modified_gmt":"2026-04-28T07:29:59","slug":"aileron-select-ff46-dtt","status":"publish","type":"product","link":"https:\/\/www.nenuphar.com\/en\/shop\/glisse\/planche-a-voile\/ailerons-derives\/aileron-select-ff46-dtt\/","title":{"rendered":"SELECT FF46 DTT Fin \u2013 Deep Tuttle T293OD &gt; 2012"},"content":{"rendered":"<p>Fin for Bic Techno 293 board with Deep Tuttle box. For boards manufactured after 2012.<\/p>\n<p>Aileron de 46 cm. OK pour toutes classes d&rsquo;\u00e2ge :<\/p>\n<p>&#8211; moins de 15 ans,<\/p>\n<p>&#8211; moins de 17 ans,<\/p>\n<p>&#8211; moins de 19 ans,<\/p>\n<p>&#8211; Open.<\/p>\n<p>Avant 2012, utilisez les ailerons r\u00e9f 952934 pour les boitiers Trimbox<\/p>","protected":false},"excerpt":{"rendered":"<p>Aileron pour planche Bic Techno 293 avec boitier Deep Tuttle. Pour les flotteurs fabriqu\u00e9s apr\u00e8s 2012. Aileron de 46 cm. OK pour toutes classes d&rsquo;\u00e2ge : &#8211; moins de 15 ans, &#8211; moins de 17 ans, &#8211; moins de 19 ans, &#8211; Open. Avant 2012, utilisez les ailerons r\u00e9f 952934 pour les boitiers Trimbox<\/p>","protected":false},"featured_media":4741,"template":"","meta":{"_acf_changed":false,"_uag_custom_page_level_css":""},"product_brand":[445],"product_cat":[157],"product_tag":[],"class_list":{"0":"post-4728","1":"product","2":"type-product","3":"status-publish","4":"has-post-thumbnail","6":"product_brand-bic","7":"product_cat-ailerons-derives","9":"first","10":"instock","11":"taxable","12":"shipping-taxable","13":"purchasable","14":"product-type-simple"},"acf":[],"aioseo_notices":[],"uagb_featured_image_src":{"full":["https:\/\/www.nenuphar.com\/wp-content\/uploads\/2026\/01\/4416.jpg",664,1430,false],"thumbnail":["https:\/\/www.nenuphar.com\/wp-content\/uploads\/2026\/01\/4416-150x150.jpg",150,150,true],"medium":["https:\/\/www.nenuphar.com\/wp-content\/uploads\/2026\/01\/4416-139x300.jpg",139,300,true],"medium_large":["https:\/\/www.nenuphar.com\/wp-content\/uploads\/2026\/01\/4416.jpg",664,1430,false],"large":["https:\/\/www.nenuphar.com\/wp-content\/uploads\/2026\/01\/4416-475x1024.jpg",475,1024,true],"1536x1536":["https:\/\/www.nenuphar.com\/wp-content\/uploads\/2026\/01\/4416.jpg",664,1430,false],"2048x2048":["https:\/\/www.nenuphar.com\/wp-content\/uploads\/2026\/01\/4416.jpg",664,1430,false],"trp-custom-language-flag":["https:\/\/www.nenuphar.com\/wp-content\/uploads\/2026\/01\/4416.jpg",6,12,false],"woocommerce_thumbnail":["https:\/\/www.nenuphar.com\/wp-content\/uploads\/2026\/01\/4416-300x300.jpg",300,300,true],"woocommerce_single":["https:\/\/www.nenuphar.com\/wp-content\/uploads\/2026\/01\/4416-600x1292.jpg",600,1292,true],"woocommerce_gallery_thumbnail":["https:\/\/www.nenuphar.com\/wp-content\/uploads\/2026\/01\/4416-100x100.jpg",100,100,true]},"uagb_author_info":{"display_name":"Karine","author_link":"https:\/\/www.nenuphar.com\/en\/author\/"},"uagb_comment_info":0,"uagb_excerpt":"Aileron pour planche Bic Techno 293 avec boitier Deep Tuttle. Pour les flotteurs fabriqu\u00e9s apr\u00e8s 2012. Aileron de 46 cm. OK pour toutes classes d&rsquo;\u00e2ge : &#8211; moins de 15 ans, &#8211; moins de 17 ans, &#8211; moins de 19 ans, &#8211; Open. Avant 2012, utilisez les ailerons r\u00e9f 952934 pour les boitiers Trimbox","_links":{"self":[{"href":"https:\/\/www.nenuphar.com\/en\/wp-json\/wp\/v2\/product\/4728","targetHints":{"allow":["GET"]}}],"collection":[{"href":"https:\/\/www.nenuphar.com\/en\/wp-json\/wp\/v2\/product"}],"about":[{"href":"https:\/\/www.nenuphar.com\/en\/wp-json\/wp\/v2\/types\/product"}],"wp:featuredmedia":[{"embeddable":true,"href":"https:\/\/www.nenuphar.com\/en\/wp-json\/wp\/v2\/media\/4741"}],"wp:attachment":[{"href":"https:\/\/www.nenuphar.com\/en\/wp-json\/wp\/v2\/media?parent=4728"}],"wp:term":[{"taxonomy":"product_brand","embeddable":true,"href":"https:\/\/www.nenuphar.com\/en\/wp-json\/wp\/v2\/product_brand?post=4728"},{"taxonomy":"product_cat","embeddable":true,"href":"https:\/\/www.nenuphar.com\/en\/wp-json\/wp\/v2\/product_cat?post=4728"},{"taxonomy":"product_tag","embeddable":true,"href":"https:\/\/www.nenuphar.com\/en\/wp-json\/wp\/v2\/product_tag?post=4728"}],"curies":[{"name":"wp","href":"https:\/\/api.w.org\/{rel}","templated":true}]}}