{"id":4747,"date":"2026-01-06T17:55:11","date_gmt":"2026-01-06T17:55:11","guid":{"rendered":"https:\/\/nen.kmkoncept.fr\/?post_type=product&#038;p=4747"},"modified":"2026-04-28T07:30:08","modified_gmt":"2026-04-28T07:30:08","slug":"wind-beach-225-d-flotteur-complet-tough-tec-deco-2023","status":"publish","type":"product","link":"https:\/\/www.nenuphar.com\/en\/shop\/glisse\/planche-a-voile\/flotteurs-pav\/wind-beach-225-d-flotteur-complet-tough-tec-deco-2023\/","title":{"rendered":"Premium Microfiber Cloth"},"content":{"rendered":"<p>Premium Microfiber Cloth \u2013 Pack of 10 (sealed).\nAdvantages: Size: 40 \u00d7 40 cm. Blue. 70% polyester, 30% polyamide. Extremely durable, ideal for washing and polishing. High absorption capacity for liquids and grease.<\/p>","protected":false},"excerpt":{"rendered":"<p>Premium Microfiber Cloth \u2013 Pack of 10 (sealed).\nAdvantages: Size: 40 \u00d7 40 cm. Blue. 70% polyester, 30% polyamide. Extremely durable, ideal for washing and polishing. High absorption capacity for liquids and grease.<\/p>","protected":false},"featured_media":4757,"template":"","meta":{"_acf_changed":false,"_uag_custom_page_level_css":""},"product_brand":[],"product_cat":[150],"product_tag":[],"class_list":{"0":"post-4747","1":"product","2":"type-product","3":"status-publish","4":"has-post-thumbnail","6":"product_cat-flotteurs-pav","8":"first","9":"instock","10":"taxable","11":"shipping-taxable","12":"purchasable","13":"product-type-simple"},"acf":[],"aioseo_notices":[],"uagb_featured_image_src":{"full":["https:\/\/www.nenuphar.com\/wp-content\/uploads\/2026\/01\/5416-scaled.jpg",877,2560,false],"thumbnail":["https:\/\/www.nenuphar.com\/wp-content\/uploads\/2026\/01\/5416-150x150.jpg",150,150,true],"medium":["https:\/\/www.nenuphar.com\/wp-content\/uploads\/2026\/01\/5416-103x300.jpg",103,300,true],"medium_large":["https:\/\/www.nenuphar.com\/wp-content\/uploads\/2026\/01\/5416-768x2241.jpg",768,2241,true],"large":["https:\/\/www.nenuphar.com\/wp-content\/uploads\/2026\/01\/5416-351x1024.jpg",351,1024,true],"1536x1536":["https:\/\/www.nenuphar.com\/wp-content\/uploads\/2026\/01\/5416-526x1536.jpg",526,1536,true],"2048x2048":["https:\/\/www.nenuphar.com\/wp-content\/uploads\/2026\/01\/5416-702x2048.jpg",702,2048,true],"trp-custom-language-flag":["https:\/\/www.nenuphar.com\/wp-content\/uploads\/2026\/01\/5416-scaled.jpg",4,12,false],"woocommerce_thumbnail":["https:\/\/www.nenuphar.com\/wp-content\/uploads\/2026\/01\/5416-300x300.jpg",300,300,true],"woocommerce_single":["https:\/\/www.nenuphar.com\/wp-content\/uploads\/2026\/01\/5416-600x1751.jpg",600,1751,true],"woocommerce_gallery_thumbnail":["https:\/\/www.nenuphar.com\/wp-content\/uploads\/2026\/01\/5416-100x100.jpg",100,100,true]},"uagb_author_info":{"display_name":"Karine","author_link":"https:\/\/www.nenuphar.com\/en\/author\/"},"uagb_comment_info":0,"uagb_excerpt":"CHIFFON EN MICROFIBRE PR\u00c9MIUM PAR 10 SOUS FILM AVANTAGES : Format : 40 x 40 cm. Bleu. 70 % Polyester 30 % Polyamide Extr\u00eame solidit\u00e9, id\u00e9al pour lavages et lustrages Grande capacit\u00e9 \u00e0 absorber les liquides et graisses.","_links":{"self":[{"href":"https:\/\/www.nenuphar.com\/en\/wp-json\/wp\/v2\/product\/4747","targetHints":{"allow":["GET"]}}],"collection":[{"href":"https:\/\/www.nenuphar.com\/en\/wp-json\/wp\/v2\/product"}],"about":[{"href":"https:\/\/www.nenuphar.com\/en\/wp-json\/wp\/v2\/types\/product"}],"wp:featuredmedia":[{"embeddable":true,"href":"https:\/\/www.nenuphar.com\/en\/wp-json\/wp\/v2\/media\/4757"}],"wp:attachment":[{"href":"https:\/\/www.nenuphar.com\/en\/wp-json\/wp\/v2\/media?parent=4747"}],"wp:term":[{"taxonomy":"product_brand","embeddable":true,"href":"https:\/\/www.nenuphar.com\/en\/wp-json\/wp\/v2\/product_brand?post=4747"},{"taxonomy":"product_cat","embeddable":true,"href":"https:\/\/www.nenuphar.com\/en\/wp-json\/wp\/v2\/product_cat?post=4747"},{"taxonomy":"product_tag","embeddable":true,"href":"https:\/\/www.nenuphar.com\/en\/wp-json\/wp\/v2\/product_tag?post=4747"}],"curies":[{"name":"wp","href":"https:\/\/api.w.org\/{rel}","templated":true}]}}