{"id":4749,"date":"2026-01-06T17:55:11","date_gmt":"2026-01-06T17:55:11","guid":{"rendered":"https:\/\/nen.kmkoncept.fr\/?post_type=product&#038;p=4749"},"modified":"2026-02-24T09:32:03","modified_gmt":"2026-02-24T09:32:03","slug":"wind-techno-160d-tahe-ace-tec","status":"publish","type":"product","link":"https:\/\/www.nenuphar.com\/en\/shop\/glisse\/planche-a-voile\/flotteurs-pav\/wind-techno-160d-tahe-ace-tec\/","title":{"rendered":"De-yellowing, Rust Remover &amp; Descaler \u2013 250 ml Spray"},"content":{"rendered":"<p>Advantages:<\/p>\n<p>Alternative solution to corrosive mineral acids<\/p>\n<p>and hazardous to handle<\/p>\n<p>Respecte les supports (joints caoutchouc, plastiques)<\/p>\n<p>Removes limescale deposits and calcium buildup<\/p>\n<p>Highly powerful descaler<\/p>\n<p>Optimal use-by period: 3 years<\/p>","protected":false},"excerpt":{"rendered":"<p>AVANTAGES : Solution alternative aux acides min\u00e9raux corrosifs et dangereux \u00e0 manipuler Respecte les supports (joints caoutchouc, plastiques) D\u00e9truit les concr\u00e9tions calcaires et la chaux Tr\u00e8s puissant d\u00e9tartrant D\u00e9lai limite d&rsquo;utilisation optimal : 3 ans<\/p>","protected":false},"featured_media":4763,"template":"","meta":{"_acf_changed":false,"_uag_custom_page_level_css":""},"product_brand":[],"product_cat":[150],"product_tag":[],"class_list":{"0":"post-4749","1":"product","2":"type-product","3":"status-publish","4":"has-post-thumbnail","6":"product_cat-flotteurs-pav","8":"first","9":"onbackorder","10":"taxable","11":"shipping-taxable","12":"purchasable","13":"product-type-simple"},"acf":[],"aioseo_notices":[],"uagb_featured_image_src":{"full":["https:\/\/www.nenuphar.com\/wp-content\/uploads\/2026\/01\/5189.png",540,540,false],"thumbnail":["https:\/\/www.nenuphar.com\/wp-content\/uploads\/2026\/01\/5189-150x150.png",150,150,true],"medium":["https:\/\/www.nenuphar.com\/wp-content\/uploads\/2026\/01\/5189-300x300.png",300,300,true],"medium_large":["https:\/\/www.nenuphar.com\/wp-content\/uploads\/2026\/01\/5189.png",540,540,false],"large":["https:\/\/www.nenuphar.com\/wp-content\/uploads\/2026\/01\/5189.png",540,540,false],"1536x1536":["https:\/\/www.nenuphar.com\/wp-content\/uploads\/2026\/01\/5189.png",540,540,false],"2048x2048":["https:\/\/www.nenuphar.com\/wp-content\/uploads\/2026\/01\/5189.png",540,540,false],"trp-custom-language-flag":["https:\/\/www.nenuphar.com\/wp-content\/uploads\/2026\/01\/5189.png",12,12,false],"woocommerce_thumbnail":["https:\/\/www.nenuphar.com\/wp-content\/uploads\/2026\/01\/5189-300x300.png",300,300,true],"woocommerce_single":["https:\/\/www.nenuphar.com\/wp-content\/uploads\/2026\/01\/5189.png",540,540,false],"woocommerce_gallery_thumbnail":["https:\/\/www.nenuphar.com\/wp-content\/uploads\/2026\/01\/5189-100x100.png",100,100,true]},"uagb_author_info":{"display_name":"Karine","author_link":"https:\/\/www.nenuphar.com\/en\/author\/"},"uagb_comment_info":0,"uagb_excerpt":"AVANTAGES : Solution alternative aux acides min\u00e9raux corrosifs et dangereux \u00e0 manipuler Respecte les supports (joints caoutchouc, plastiques) D\u00e9truit les concr\u00e9tions calcaires et la chaux Tr\u00e8s puissant d\u00e9tartrant D\u00e9lai limite d&rsquo;utilisation optimal : 3 ans","_links":{"self":[{"href":"https:\/\/www.nenuphar.com\/en\/wp-json\/wp\/v2\/product\/4749","targetHints":{"allow":["GET"]}}],"collection":[{"href":"https:\/\/www.nenuphar.com\/en\/wp-json\/wp\/v2\/product"}],"about":[{"href":"https:\/\/www.nenuphar.com\/en\/wp-json\/wp\/v2\/types\/product"}],"wp:featuredmedia":[{"embeddable":true,"href":"https:\/\/www.nenuphar.com\/en\/wp-json\/wp\/v2\/media\/4763"}],"wp:attachment":[{"href":"https:\/\/www.nenuphar.com\/en\/wp-json\/wp\/v2\/media?parent=4749"}],"wp:term":[{"taxonomy":"product_brand","embeddable":true,"href":"https:\/\/www.nenuphar.com\/en\/wp-json\/wp\/v2\/product_brand?post=4749"},{"taxonomy":"product_cat","embeddable":true,"href":"https:\/\/www.nenuphar.com\/en\/wp-json\/wp\/v2\/product_cat?post=4749"},{"taxonomy":"product_tag","embeddable":true,"href":"https:\/\/www.nenuphar.com\/en\/wp-json\/wp\/v2\/product_tag?post=4749"}],"curies":[{"name":"wp","href":"https:\/\/api.w.org\/{rel}","templated":true}]}}