{"id":475,"date":"2026-01-04T13:52:43","date_gmt":"2026-01-04T13:52:43","guid":{"rendered":"https:\/\/nen.kmkoncept.fr\/?post_type=product&#038;p=475"},"modified":"2026-04-28T07:27:58","modified_gmt":"2026-04-28T07:27:58","slug":"gd-voile-vent-douest-regate-avec-lattes","status":"publish","type":"product","link":"https:\/\/www.nenuphar.com\/en\/shop\/navigation\/voiles\/catamarans\/gd-voile-vent-douest-regate-avec-lattes\/","title":{"rendered":"VENT D'OUEST MAINSAIL"},"content":{"rendered":"<p>Fabriqu\u00e9e dans nos ateliers, en France.<\/p>\n<p>Dacron blanc 240 grammes.<\/p>\n<p>Fen\u00eatre en monifilm renforc\u00e9.<\/p>\n<p>Renfort t\u00e9flon \u00e0 la but\u00e9e de latte.<\/p>\n<p>3-part toothed grommets.<\/p>\n<p>Nerf de chute.<\/p>\n<p>Draft visibility strip<\/p>\n<p>Attention: si vous souhaitez que votre voile soit exp\u00e9di\u00e9e roul\u00e9e, des frais de port suppl\u00e9mentaires sont \u00e0 pr\u00e9voir. Livraison franco = voile pli\u00e9e<\/p>","protected":false},"excerpt":{"rendered":"<p>Fabriqu\u00e9e dans nos ateliers, en France. Dacron blanc 240 grammes. Fen\u00eatre en monifilm renforc\u00e9. Renfort t\u00e9flon \u00e0 la but\u00e9e de latte. Oeillets \u00e0 dents 3 parties. Nerf de chute. Bande de visu de creux. Attention: si vous souhaitez que votre voile soit exp\u00e9di\u00e9e roul\u00e9e, des frais de port suppl\u00e9mentaires sont \u00e0 pr\u00e9voir. Livraison franco = [&hellip;]<\/p>\n","protected":false},"featured_media":0,"template":"","meta":{"_acf_changed":false,"_uag_custom_page_level_css":""},"product_brand":[430],"product_cat":[63,219],"product_tag":[511],"class_list":{"0":"post-475","1":"product","2":"type-product","3":"status-publish","5":"product_brand-nenuphar","6":"product_cat-catamarans","7":"product_cat-vent-douest","8":"product_tag-vent-douest","9":"product_shipping_class-schenker","11":"first","12":"onbackorder","13":"taxable","14":"shipping-taxable","15":"purchasable","16":"product-type-simple"},"acf":[],"aioseo_notices":[],"uagb_featured_image_src":{"full":false,"thumbnail":false,"medium":false,"medium_large":false,"large":false,"1536x1536":false,"2048x2048":false,"trp-custom-language-flag":false,"woocommerce_thumbnail":false,"woocommerce_single":false,"woocommerce_gallery_thumbnail":false},"uagb_author_info":{"display_name":"Karine","author_link":"https:\/\/www.nenuphar.com\/en\/author\/"},"uagb_comment_info":0,"uagb_excerpt":"Fabriqu\u00e9e dans nos ateliers, en France. Dacron blanc 240 grammes. Fen\u00eatre en monifilm renforc\u00e9. Renfort t\u00e9flon \u00e0 la but\u00e9e de latte. Oeillets \u00e0 dents 3 parties. Nerf de chute. Bande de visu de creux. Attention: si vous souhaitez que votre voile soit exp\u00e9di\u00e9e roul\u00e9e, des frais de port suppl\u00e9mentaires sont \u00e0 pr\u00e9voir. Livraison franco =&hellip;","_links":{"self":[{"href":"https:\/\/www.nenuphar.com\/en\/wp-json\/wp\/v2\/product\/475","targetHints":{"allow":["GET"]}}],"collection":[{"href":"https:\/\/www.nenuphar.com\/en\/wp-json\/wp\/v2\/product"}],"about":[{"href":"https:\/\/www.nenuphar.com\/en\/wp-json\/wp\/v2\/types\/product"}],"wp:attachment":[{"href":"https:\/\/www.nenuphar.com\/en\/wp-json\/wp\/v2\/media?parent=475"}],"wp:term":[{"taxonomy":"product_brand","embeddable":true,"href":"https:\/\/www.nenuphar.com\/en\/wp-json\/wp\/v2\/product_brand?post=475"},{"taxonomy":"product_cat","embeddable":true,"href":"https:\/\/www.nenuphar.com\/en\/wp-json\/wp\/v2\/product_cat?post=475"},{"taxonomy":"product_tag","embeddable":true,"href":"https:\/\/www.nenuphar.com\/en\/wp-json\/wp\/v2\/product_tag?post=475"}],"curies":[{"name":"wp","href":"https:\/\/api.w.org\/{rel}","templated":true}]}}