{"id":4754,"date":"2026-01-06T17:55:12","date_gmt":"2026-01-06T17:55:12","guid":{"rendered":"https:\/\/nen.kmkoncept.fr\/?post_type=product&#038;p=4754"},"modified":"2026-04-28T07:29:58","modified_gmt":"2026-04-28T07:29:58","slug":"sup-wind-ace-tech-11-6-breeze","status":"publish","type":"product","link":"https:\/\/www.nenuphar.com\/en\/shop\/glisse\/planche-a-voile\/flotteurs-pav\/sup-wind-ace-tech-11-6-breeze\/","title":{"rendered":"TAHE 11.6 BREEZE WIND SUP"},"content":{"rendered":"<h2>SUP + Windsurfing<\/h2>\n<p><strong>The SUP Wind 11\u20196 is equipped with a mast foot box and a retractable daggerboard for windsurfing in light to medium winds.<\/strong><\/p>\n<p><strong>La d\u00e9co 2020 sera disponible en novembre 2019<\/strong><\/p>","protected":false},"excerpt":{"rendered":"<p>Its large volume, evenly distributed across the board, and longboard-style rocker provide excellent glide, whether on flat water or in waves. This volume also ensures stability without compromising performance. The SUP Wind 11\u20196 is an all-around board, ideal for family vacations. SUP, windsurfing, or surfing, it can handle all conditions, even for heavier riders.<\/p>\n<p>Like the 10\u20196, the 11\u20196 WIND is derived from one of our bestsellers: the 11\u20196 Performer. Exceptionally stable, the 11\u20196 is ideal for learning windsurfing as it features a retractable daggerboard for easy upwind sailing and safe progression, even in onshore winds. Its large volume and excellent glide in light to medium winds also make it suitable for long-distance sailing. It accommodates all body types, including very heavy riders.<\/p>\n<h3>Key features<\/h3>\n<p><em class=\"fa fa-check\"><\/em> \u2013 Longboard-style surf shapes for reassuring stability on flat water and good performance in the waves <br \/><em class=\"fa fa-check\"><\/em> \u2013 Attachment points: leash plug on the tail + two anchor points for equipment in front of the standing area<br \/><em class=\"fa fa-check\"><\/em> \u2013 Moderate rocker profile to maintain good glide on calm water while remaining effective in surf<br \/><em class=\"fa fa-check\"><\/em> \u2013 Round thumb tail shape for smooth turns and rail-to-rail transitions.<br \/><em class=\"fa fa-check\"><\/em> \u2013 EVA deck pad with Wave Groove pattern for added comfort and grip.<br \/><em class=\"fa fa-check\"><\/em> \u2013 Integrated mast foot box for attaching a windsurfing rig<br \/><em class=\"fa fa-check\"><\/em> \u2013 Retractable daggerboard for upwind sailing in light to medium winds<\/p>","protected":false},"featured_media":4772,"template":"","meta":{"_acf_changed":false,"_uag_custom_page_level_css":""},"product_brand":[471],"product_cat":[150],"product_tag":[],"class_list":{"0":"post-4754","1":"product","2":"type-product","3":"status-publish","4":"has-post-thumbnail","6":"product_brand-tahe","7":"product_cat-flotteurs-pav","8":"product_shipping_class-schenker","10":"first","11":"onbackorder","12":"taxable","13":"shipping-taxable","14":"purchasable","15":"product-type-simple"},"acf":[],"aioseo_notices":[],"uagb_featured_image_src":{"full":["https:\/\/www.nenuphar.com\/wp-content\/uploads\/2026\/01\/5194.png",900,900,false],"thumbnail":["https:\/\/www.nenuphar.com\/wp-content\/uploads\/2026\/01\/5194-150x150.png",150,150,true],"medium":["https:\/\/www.nenuphar.com\/wp-content\/uploads\/2026\/01\/5194-300x300.png",300,300,true],"medium_large":["https:\/\/www.nenuphar.com\/wp-content\/uploads\/2026\/01\/5194-768x768.png",768,768,true],"large":["https:\/\/www.nenuphar.com\/wp-content\/uploads\/2026\/01\/5194.png",900,900,false],"1536x1536":["https:\/\/www.nenuphar.com\/wp-content\/uploads\/2026\/01\/5194.png",900,900,false],"2048x2048":["https:\/\/www.nenuphar.com\/wp-content\/uploads\/2026\/01\/5194.png",900,900,false],"trp-custom-language-flag":["https:\/\/www.nenuphar.com\/wp-content\/uploads\/2026\/01\/5194.png",12,12,false],"woocommerce_thumbnail":["https:\/\/www.nenuphar.com\/wp-content\/uploads\/2026\/01\/5194-300x300.png",300,300,true],"woocommerce_single":["https:\/\/www.nenuphar.com\/wp-content\/uploads\/2026\/01\/5194-600x600.png",600,600,true],"woocommerce_gallery_thumbnail":["https:\/\/www.nenuphar.com\/wp-content\/uploads\/2026\/01\/5194-100x100.png",100,100,true]},"uagb_author_info":{"display_name":"Karine","author_link":"https:\/\/www.nenuphar.com\/en\/author\/"},"uagb_comment_info":0,"uagb_excerpt":"Son volume important r\u00e9parti de fa\u00e7on homog\u00e8ne sur tout le flotteur et son rocker de grand longboard lui conf\u00e8rent une tr\u00e8s bonne glisse, que ce soit sur le plat ou dans les vagues. Ce volume garantit \u00e9galement la stabilit\u00e9 sans p\u00e9naliser les performances. Le SUP Wind 11\u20196 est un flotteur \u00e0 tout faire, id\u00e9al pour&hellip;","_links":{"self":[{"href":"https:\/\/www.nenuphar.com\/en\/wp-json\/wp\/v2\/product\/4754","targetHints":{"allow":["GET"]}}],"collection":[{"href":"https:\/\/www.nenuphar.com\/en\/wp-json\/wp\/v2\/product"}],"about":[{"href":"https:\/\/www.nenuphar.com\/en\/wp-json\/wp\/v2\/types\/product"}],"wp:featuredmedia":[{"embeddable":true,"href":"https:\/\/www.nenuphar.com\/en\/wp-json\/wp\/v2\/media\/4772"}],"wp:attachment":[{"href":"https:\/\/www.nenuphar.com\/en\/wp-json\/wp\/v2\/media?parent=4754"}],"wp:term":[{"taxonomy":"product_brand","embeddable":true,"href":"https:\/\/www.nenuphar.com\/en\/wp-json\/wp\/v2\/product_brand?post=4754"},{"taxonomy":"product_cat","embeddable":true,"href":"https:\/\/www.nenuphar.com\/en\/wp-json\/wp\/v2\/product_cat?post=4754"},{"taxonomy":"product_tag","embeddable":true,"href":"https:\/\/www.nenuphar.com\/en\/wp-json\/wp\/v2\/product_tag?post=4754"}],"curies":[{"name":"wp","href":"https:\/\/api.w.org\/{rel}","templated":true}]}}