{"id":476,"date":"2026-01-04T13:52:43","date_gmt":"2026-01-04T13:52:43","guid":{"rendered":"https:\/\/nen.kmkoncept.fr\/?post_type=product&#038;p=476"},"modified":"2026-04-28T07:27:58","modified_gmt":"2026-04-28T07:27:58","slug":"gd-voile-laser-pico-compatible-dacron-couleur","status":"publish","type":"product","link":"https:\/\/www.nenuphar.com\/en\/shop\/series\/deriveurs\/laser-deriveurs\/laser-pico\/gd-voile-laser-pico-compatible-dacron-couleur\/","title":{"rendered":"GD VOILE LASER PICO COMPATIBLE DACRON COULEUR"},"content":{"rendered":"<p>Voile compatible pour Laser Pico.<\/p>\n<p>Voile fabriqu\u00e9e dans nos ateliers de Nemours.<\/p>\n<p>Couleurs non contractuelles.<\/p>\n<p>Choix possible.<\/p>","protected":false},"excerpt":{"rendered":"<p>Laser\u00ae is a registered trademark of Velum Limited and Performance Sailcraft Australia Ltd. N\u00e9nuphar SA is completely independent from Velum Limited, Laser Performance Limited, and Performance Sailcraft Australia Ltd.<\/p>","protected":false},"featured_media":0,"template":"","meta":{"_acf_changed":false,"_uag_custom_page_level_css":""},"product_brand":[430],"product_cat":[63,244],"product_tag":[],"class_list":{"0":"post-476","1":"product","2":"type-product","3":"status-publish","5":"product_brand-nenuphar","6":"product_cat-catamarans","7":"product_cat-laser-pico","9":"first","10":"instock","11":"taxable","12":"shipping-taxable","13":"purchasable","14":"product-type-simple"},"acf":[],"aioseo_notices":[],"uagb_featured_image_src":{"full":false,"thumbnail":false,"medium":false,"medium_large":false,"large":false,"1536x1536":false,"2048x2048":false,"trp-custom-language-flag":false,"woocommerce_thumbnail":false,"woocommerce_single":false,"woocommerce_gallery_thumbnail":false},"uagb_author_info":{"display_name":"Karine","author_link":"https:\/\/www.nenuphar.com\/en\/author\/"},"uagb_comment_info":0,"uagb_excerpt":"Laser\u00ae est une marque d\u00e9pos\u00e9e de Velum limited et Performance Sailcraft Australia Ltd. N\u00e9nuphar SA est totalement ind\u00e9pendant de Velum limited, de Laser Performance Limited et de Performance Sailcraft Australia Ltd.","_links":{"self":[{"href":"https:\/\/www.nenuphar.com\/en\/wp-json\/wp\/v2\/product\/476","targetHints":{"allow":["GET"]}}],"collection":[{"href":"https:\/\/www.nenuphar.com\/en\/wp-json\/wp\/v2\/product"}],"about":[{"href":"https:\/\/www.nenuphar.com\/en\/wp-json\/wp\/v2\/types\/product"}],"wp:attachment":[{"href":"https:\/\/www.nenuphar.com\/en\/wp-json\/wp\/v2\/media?parent=476"}],"wp:term":[{"taxonomy":"product_brand","embeddable":true,"href":"https:\/\/www.nenuphar.com\/en\/wp-json\/wp\/v2\/product_brand?post=476"},{"taxonomy":"product_cat","embeddable":true,"href":"https:\/\/www.nenuphar.com\/en\/wp-json\/wp\/v2\/product_cat?post=476"},{"taxonomy":"product_tag","embeddable":true,"href":"https:\/\/www.nenuphar.com\/en\/wp-json\/wp\/v2\/product_tag?post=476"}],"curies":[{"name":"wp","href":"https:\/\/api.w.org\/{rel}","templated":true}]}}