{"id":4795,"date":"2026-01-06T17:58:36","date_gmt":"2026-01-06T17:58:36","guid":{"rendered":"https:\/\/nen.kmkoncept.fr\/?post_type=product&#038;p=4795"},"modified":"2026-04-28T07:29:56","modified_gmt":"2026-04-28T07:29:56","slug":"tendon-rechange","status":"publish","type":"product","link":"https:\/\/www.nenuphar.com\/en\/shop\/glisse\/planche-a-voile\/mats-planche-a-voile\/tendon-rechange\/","title":{"rendered":"REPLACEMENT TANDON"},"content":{"rendered":"<p>Tendon de rechange pour partie basse de pied de m\u00e2t de planche \u00e0 voile. Pi\u00e8ce de rechange pour ref 930649<\/p>\n<p>Attention: depuis 2021 les tendons sont bleus et les per\u00e7ages \u00e0 90 degr\u00e9s l&rsquo;un de l&rsquo;autre.<\/p>","protected":false},"excerpt":{"rendered":"<p>Tendon mast foot, replace tend. Replacement For 930649<\/p>","protected":false},"featured_media":4805,"template":"","meta":{"_acf_changed":false,"_uag_custom_page_level_css":""},"product_brand":[445],"product_cat":[153],"product_tag":[],"class_list":{"0":"post-4795","1":"product","2":"type-product","3":"status-publish","4":"has-post-thumbnail","6":"product_brand-bic","7":"product_cat-mats-planche-a-voile","9":"first","10":"instock","11":"taxable","12":"shipping-taxable","13":"purchasable","14":"product-type-simple"},"acf":[],"aioseo_notices":[],"uagb_featured_image_src":{"full":["https:\/\/www.nenuphar.com\/wp-content\/uploads\/2026\/01\/5947-scaled.jpg",2560,1519,false],"thumbnail":["https:\/\/www.nenuphar.com\/wp-content\/uploads\/2026\/01\/5947-150x150.jpg",150,150,true],"medium":["https:\/\/www.nenuphar.com\/wp-content\/uploads\/2026\/01\/5947-300x178.jpg",300,178,true],"medium_large":["https:\/\/www.nenuphar.com\/wp-content\/uploads\/2026\/01\/5947-768x456.jpg",768,456,true],"large":["https:\/\/www.nenuphar.com\/wp-content\/uploads\/2026\/01\/5947-1024x608.jpg",1024,608,true],"1536x1536":["https:\/\/www.nenuphar.com\/wp-content\/uploads\/2026\/01\/5947-1536x911.jpg",1536,911,true],"2048x2048":["https:\/\/www.nenuphar.com\/wp-content\/uploads\/2026\/01\/5947-2048x1215.jpg",2048,1215,true],"trp-custom-language-flag":["https:\/\/www.nenuphar.com\/wp-content\/uploads\/2026\/01\/5947-scaled.jpg",18,12,false],"woocommerce_thumbnail":["https:\/\/www.nenuphar.com\/wp-content\/uploads\/2026\/01\/5947-300x300.jpg",300,300,true],"woocommerce_single":["https:\/\/www.nenuphar.com\/wp-content\/uploads\/2026\/01\/5947-600x356.jpg",600,356,true],"woocommerce_gallery_thumbnail":["https:\/\/www.nenuphar.com\/wp-content\/uploads\/2026\/01\/5947-100x100.jpg",100,100,true]},"uagb_author_info":{"display_name":"Karine","author_link":"https:\/\/www.nenuphar.com\/en\/author\/"},"uagb_comment_info":0,"uagb_excerpt":"Tendon de rechange pour partie basse de pied de m\u00e2t de planche \u00e0 voile. Pi\u00e8ce de rechange pour ref 930649 Attention: depuis 2021 les tendons sont bleus et les per\u00e7ages \u00e0 90 degr\u00e9s l&rsquo;un de l&rsquo;autre.","_links":{"self":[{"href":"https:\/\/www.nenuphar.com\/en\/wp-json\/wp\/v2\/product\/4795","targetHints":{"allow":["GET"]}}],"collection":[{"href":"https:\/\/www.nenuphar.com\/en\/wp-json\/wp\/v2\/product"}],"about":[{"href":"https:\/\/www.nenuphar.com\/en\/wp-json\/wp\/v2\/types\/product"}],"wp:featuredmedia":[{"embeddable":true,"href":"https:\/\/www.nenuphar.com\/en\/wp-json\/wp\/v2\/media\/4805"}],"wp:attachment":[{"href":"https:\/\/www.nenuphar.com\/en\/wp-json\/wp\/v2\/media?parent=4795"}],"wp:term":[{"taxonomy":"product_brand","embeddable":true,"href":"https:\/\/www.nenuphar.com\/en\/wp-json\/wp\/v2\/product_brand?post=4795"},{"taxonomy":"product_cat","embeddable":true,"href":"https:\/\/www.nenuphar.com\/en\/wp-json\/wp\/v2\/product_cat?post=4795"},{"taxonomy":"product_tag","embeddable":true,"href":"https:\/\/www.nenuphar.com\/en\/wp-json\/wp\/v2\/product_tag?post=4795"}],"curies":[{"name":"wp","href":"https:\/\/api.w.org\/{rel}","templated":true}]}}