{"id":482,"date":"2026-01-04T13:52:43","date_gmt":"2026-01-04T13:52:43","guid":{"rendered":"https:\/\/nen.kmkoncept.fr\/?post_type=product&#038;p=482"},"modified":"2026-04-28T07:28:00","modified_gmt":"2026-04-28T07:28:00","slug":"gd-voile-corsaire-racing-crosscut-htp-square","status":"publish","type":"product","link":"https:\/\/www.nenuphar.com\/en\/shop\/navigation\/voiles\/catamarans\/gd-voile-corsaire-racing-crosscut-htp-square\/","title":{"rendered":"CORSAIRE RACING  MAINSAILCROSSCUT HTP + SQUARE"},"content":{"rendered":"<p>De s\u00e9rie: 1 bande de ris, les lattes, oeillet cunningham, nerf de chute, penons, bande visualisation du creux, coutures triples bleues, fen\u00eatre. TISSU: 180G\/M\u00b2 HTP + SQUARE DIM: P 6650 \/ E 2510 SURF 11.60 M\u00b2 Fabriqu\u00e9 en France.<\/p>\n<p>Attention: si vous souhaitez que votre voile soit exp\u00e9di\u00e9e roul\u00e9e, des frais de port suppl\u00e9mentaires sont \u00e0 pr\u00e9voir. Livraison franco = voile pli\u00e9e<\/p>","protected":false},"excerpt":{"rendered":"<p>De s\u00e9rie: 1 bande de ris, les lattes, oeillet cunningham, nerf de chute, penons, bande visualisation du creux, coutures triples bleues, fen\u00eatre. TISSU: 180G\/M\u00b2 HTP + SQUARE DIM: P 6650 \/ E 2510 SURF 11.60 M\u00b2 Fabriqu\u00e9 en France. Attention: si vous souhaitez que votre voile soit exp\u00e9di\u00e9e roul\u00e9e, des frais de port suppl\u00e9mentaires sont [&hellip;]<\/p>\n","protected":false},"featured_media":7230,"template":"","meta":{"_acf_changed":false,"_uag_custom_page_level_css":""},"product_brand":[430],"product_cat":[63,198],"product_tag":[482],"class_list":{"0":"post-482","1":"product","2":"type-product","3":"status-publish","4":"has-post-thumbnail","6":"product_brand-nenuphar","7":"product_cat-catamarans","8":"product_cat-corsaire","9":"product_tag-corsaire","10":"product_shipping_class-schenker","12":"first","13":"onbackorder","14":"taxable","15":"shipping-taxable","16":"purchasable","17":"product-type-simple"},"acf":[],"aioseo_notices":[],"uagb_featured_image_src":{"full":["https:\/\/www.nenuphar.com\/wp-content\/uploads\/2026\/02\/1520.jpg",267,400,false],"thumbnail":["https:\/\/www.nenuphar.com\/wp-content\/uploads\/2026\/02\/1520-150x150.jpg",150,150,true],"medium":["https:\/\/www.nenuphar.com\/wp-content\/uploads\/2026\/02\/1520-200x300.jpg",200,300,true],"medium_large":["https:\/\/www.nenuphar.com\/wp-content\/uploads\/2026\/02\/1520.jpg",267,400,false],"large":["https:\/\/www.nenuphar.com\/wp-content\/uploads\/2026\/02\/1520.jpg",267,400,false],"1536x1536":["https:\/\/www.nenuphar.com\/wp-content\/uploads\/2026\/02\/1520.jpg",267,400,false],"2048x2048":["https:\/\/www.nenuphar.com\/wp-content\/uploads\/2026\/02\/1520.jpg",267,400,false],"trp-custom-language-flag":["https:\/\/www.nenuphar.com\/wp-content\/uploads\/2026\/02\/1520-8x12.jpg",8,12,true],"woocommerce_thumbnail":["https:\/\/www.nenuphar.com\/wp-content\/uploads\/2026\/02\/1520-267x300.jpg",267,300,true],"woocommerce_single":["https:\/\/www.nenuphar.com\/wp-content\/uploads\/2026\/02\/1520.jpg",267,400,false],"woocommerce_gallery_thumbnail":["https:\/\/www.nenuphar.com\/wp-content\/uploads\/2026\/02\/1520-100x100.jpg",100,100,true]},"uagb_author_info":{"display_name":"Karine","author_link":"https:\/\/www.nenuphar.com\/en\/author\/"},"uagb_comment_info":0,"uagb_excerpt":"De s\u00e9rie: 1 bande de ris, les lattes, oeillet cunningham, nerf de chute, penons, bande visualisation du creux, coutures triples bleues, fen\u00eatre. TISSU: 180G\/M\u00b2 HTP + SQUARE DIM: P 6650 \/ E 2510 SURF 11.60 M\u00b2 Fabriqu\u00e9 en France. Attention: si vous souhaitez que votre voile soit exp\u00e9di\u00e9e roul\u00e9e, des frais de port suppl\u00e9mentaires sont&hellip;","_links":{"self":[{"href":"https:\/\/www.nenuphar.com\/en\/wp-json\/wp\/v2\/product\/482","targetHints":{"allow":["GET"]}}],"collection":[{"href":"https:\/\/www.nenuphar.com\/en\/wp-json\/wp\/v2\/product"}],"about":[{"href":"https:\/\/www.nenuphar.com\/en\/wp-json\/wp\/v2\/types\/product"}],"wp:featuredmedia":[{"embeddable":true,"href":"https:\/\/www.nenuphar.com\/en\/wp-json\/wp\/v2\/media\/7230"}],"wp:attachment":[{"href":"https:\/\/www.nenuphar.com\/en\/wp-json\/wp\/v2\/media?parent=482"}],"wp:term":[{"taxonomy":"product_brand","embeddable":true,"href":"https:\/\/www.nenuphar.com\/en\/wp-json\/wp\/v2\/product_brand?post=482"},{"taxonomy":"product_cat","embeddable":true,"href":"https:\/\/www.nenuphar.com\/en\/wp-json\/wp\/v2\/product_cat?post=482"},{"taxonomy":"product_tag","embeddable":true,"href":"https:\/\/www.nenuphar.com\/en\/wp-json\/wp\/v2\/product_tag?post=482"}],"curies":[{"name":"wp","href":"https:\/\/api.w.org\/{rel}","templated":true}]}}