{"id":484,"date":"2026-01-04T13:52:43","date_gmt":"2026-01-04T13:52:43","guid":{"rendered":"https:\/\/nen.kmkoncept.fr\/?post_type=product&#038;p=484"},"modified":"2026-04-28T07:28:00","modified_gmt":"2026-04-28T07:28:00","slug":"gd-voile-windy-racing-210g-htp","status":"publish","type":"product","link":"https:\/\/www.nenuphar.com\/en\/shop\/navigation\/voiles\/catamarans\/gd-voile-windy-racing-210g-htp\/","title":{"rendered":"MICRO CARBINE HOOKS RACING JIB + SQUARE"},"content":{"rendered":"<p>GD VOILE REGATE COUPE 2011<\/p>\n<p>Livr\u00e9e avec son sac tube, pour grand voile roul\u00e9e.<\/p>\n<p>PRECISEZ LE N\u00b0 DE VOILE DANS LA RUBRIQUE REMARQUES EN CAS DE COMMANDE, et commandez les n\u00b0 ainsi que la pose de ceux-ci si vous souhaitiez que nous les posions.\u00a0 Fabriqu\u00e9 en France.<\/p>\n<p>Attention: si vous souhaitez que votre voile soit exp\u00e9di\u00e9e roul\u00e9e, des frais de port suppl\u00e9mentaires sont \u00e0 pr\u00e9voir. Livraison franco = voile pli\u00e9e<\/p>","protected":false},"excerpt":{"rendered":"<p>GD VOILE REGATE COUPE 2011 Livr\u00e9e avec son sac tube, pour grand voile roul\u00e9e. PRECISEZ LE N\u00b0 DE VOILE DANS LA RUBRIQUE REMARQUES EN CAS DE COMMANDE, et commandez les n\u00b0 ainsi que la pose de ceux-ci si vous souhaitiez que nous les posions.\u00a0 Fabriqu\u00e9 en France. Attention: si vous souhaitez que votre voile soit [&hellip;]<\/p>\n","protected":false},"featured_media":7232,"template":"","meta":{"_acf_changed":false,"_uag_custom_page_level_css":""},"product_brand":[430],"product_cat":[63,220],"product_tag":[512],"class_list":{"0":"post-484","1":"product","2":"type-product","3":"status-publish","4":"has-post-thumbnail","6":"product_brand-nenuphar","7":"product_cat-catamarans","8":"product_cat-windy","9":"product_tag-windy","10":"product_shipping_class-schenker","12":"first","13":"onbackorder","14":"taxable","15":"shipping-taxable","16":"purchasable","17":"product-type-simple"},"acf":[],"aioseo_notices":[],"uagb_featured_image_src":{"full":["https:\/\/www.nenuphar.com\/wp-content\/uploads\/2026\/02\/1523.jpg",400,267,false],"thumbnail":["https:\/\/www.nenuphar.com\/wp-content\/uploads\/2026\/02\/1523-150x150.jpg",150,150,true],"medium":["https:\/\/www.nenuphar.com\/wp-content\/uploads\/2026\/02\/1523-300x200.jpg",300,200,true],"medium_large":["https:\/\/www.nenuphar.com\/wp-content\/uploads\/2026\/02\/1523.jpg",400,267,false],"large":["https:\/\/www.nenuphar.com\/wp-content\/uploads\/2026\/02\/1523.jpg",400,267,false],"1536x1536":["https:\/\/www.nenuphar.com\/wp-content\/uploads\/2026\/02\/1523.jpg",400,267,false],"2048x2048":["https:\/\/www.nenuphar.com\/wp-content\/uploads\/2026\/02\/1523.jpg",400,267,false],"trp-custom-language-flag":["https:\/\/www.nenuphar.com\/wp-content\/uploads\/2026\/02\/1523-18x12.jpg",18,12,true],"woocommerce_thumbnail":["https:\/\/www.nenuphar.com\/wp-content\/uploads\/2026\/02\/1523-300x267.jpg",300,267,true],"woocommerce_single":["https:\/\/www.nenuphar.com\/wp-content\/uploads\/2026\/02\/1523.jpg",400,267,false],"woocommerce_gallery_thumbnail":["https:\/\/www.nenuphar.com\/wp-content\/uploads\/2026\/02\/1523-100x100.jpg",100,100,true]},"uagb_author_info":{"display_name":"Karine","author_link":"https:\/\/www.nenuphar.com\/en\/author\/"},"uagb_comment_info":0,"uagb_excerpt":"GD VOILE REGATE COUPE 2011 Livr\u00e9e avec son sac tube, pour grand voile roul\u00e9e. PRECISEZ LE N\u00b0 DE VOILE DANS LA RUBRIQUE REMARQUES EN CAS DE COMMANDE, et commandez les n\u00b0 ainsi que la pose de ceux-ci si vous souhaitiez que nous les posions.\u00a0 Fabriqu\u00e9 en France. Attention: si vous souhaitez que votre voile soit&hellip;","_links":{"self":[{"href":"https:\/\/www.nenuphar.com\/en\/wp-json\/wp\/v2\/product\/484","targetHints":{"allow":["GET"]}}],"collection":[{"href":"https:\/\/www.nenuphar.com\/en\/wp-json\/wp\/v2\/product"}],"about":[{"href":"https:\/\/www.nenuphar.com\/en\/wp-json\/wp\/v2\/types\/product"}],"wp:featuredmedia":[{"embeddable":true,"href":"https:\/\/www.nenuphar.com\/en\/wp-json\/wp\/v2\/media\/7232"}],"wp:attachment":[{"href":"https:\/\/www.nenuphar.com\/en\/wp-json\/wp\/v2\/media?parent=484"}],"wp:term":[{"taxonomy":"product_brand","embeddable":true,"href":"https:\/\/www.nenuphar.com\/en\/wp-json\/wp\/v2\/product_brand?post=484"},{"taxonomy":"product_cat","embeddable":true,"href":"https:\/\/www.nenuphar.com\/en\/wp-json\/wp\/v2\/product_cat?post=484"},{"taxonomy":"product_tag","embeddable":true,"href":"https:\/\/www.nenuphar.com\/en\/wp-json\/wp\/v2\/product_tag?post=484"}],"curies":[{"name":"wp","href":"https:\/\/api.w.org\/{rel}","templated":true}]}}