{"id":4930,"date":"2026-01-06T18:04:50","date_gmt":"2026-01-06T18:04:50","guid":{"rendered":"https:\/\/nen.kmkoncept.fr\/?post_type=product&#038;p=4930"},"modified":"2026-04-28T07:30:50","modified_gmt":"2026-04-28T07:30:50","slug":"spi-445","status":"publish","type":"product","link":"https:\/\/www.nenuphar.com\/en\/shop\/series\/deriveurs\/445\/spi-445\/","title":{"rendered":"SAIL COVER"},"content":{"rendered":"<p>-20% sur les r\u00e9f\u00e9rences : 50114C \/ 50115C \/ 50116C<\/p>\n<p>Beautiful boom cover, made in our workshops in France.<\/p>\n<p>Made from marine-treated cotton-polyester for references 50114c, 50115c, and 50116c.<\/p>\n<p>Made from Sunbrella Marine acrylic for references 50111c, 50112c, and 50113c.<\/p>\n<p>Very easy to handle thanks to its click-clack buckle fastening.<\/p>\n<p>Choose the size that suits you:<\/p>","protected":false},"excerpt":{"rendered":"<p>-20% sur les r\u00e9f\u00e9rences : 50114C \/ 50115C \/ 50116C Superbe taud de b\u00f4me fabriqu\u00e9 dans nos ateliers en France; dans du coton polyester trait\u00e9 marine pour les r\u00e9f\u00e9rences 50114c, 50115c et 50116c, dans de l&rsquo;acrylique Sunbrella Marin pour les r\u00e9f\u00e9rences 50111c, 50112c et 50113c. Tr\u00e8s facile \u00e0 manipuler gr\u00e2ce \u00e0 sa fixation par boucles [&hellip;]<\/p>\n","protected":false},"featured_media":8112,"template":"","meta":{"_acf_changed":false,"_uag_custom_page_level_css":""},"product_brand":[430],"product_cat":[187,152],"product_tag":[422],"class_list":{"0":"post-4930","1":"product","2":"type-product","3":"status-publish","4":"has-post-thumbnail","6":"product_brand-nenuphar","7":"product_cat-187","8":"product_cat-voiles-planche-a-voile","9":"product_tag-422","11":"first","12":"onbackorder","13":"taxable","14":"shipping-taxable","15":"purchasable","16":"product-type-variable"},"acf":[],"aioseo_notices":[],"uagb_featured_image_src":{"full":["https:\/\/www.nenuphar.com\/wp-content\/uploads\/2026\/01\/1405.jpg",1113,997,false],"thumbnail":["https:\/\/www.nenuphar.com\/wp-content\/uploads\/2026\/01\/1405-150x150.jpg",150,150,true],"medium":["https:\/\/www.nenuphar.com\/wp-content\/uploads\/2026\/01\/1405-300x269.jpg",300,269,true],"medium_large":["https:\/\/www.nenuphar.com\/wp-content\/uploads\/2026\/01\/1405-768x688.jpg",768,688,true],"large":["https:\/\/www.nenuphar.com\/wp-content\/uploads\/2026\/01\/1405-1024x917.jpg",1024,917,true],"1536x1536":["https:\/\/www.nenuphar.com\/wp-content\/uploads\/2026\/01\/1405.jpg",1113,997,false],"2048x2048":["https:\/\/www.nenuphar.com\/wp-content\/uploads\/2026\/01\/1405.jpg",1113,997,false],"trp-custom-language-flag":["https:\/\/www.nenuphar.com\/wp-content\/uploads\/2026\/01\/1405-13x12.jpg",13,12,true],"woocommerce_thumbnail":["https:\/\/www.nenuphar.com\/wp-content\/uploads\/2026\/01\/1405-300x300.jpg",300,300,true],"woocommerce_single":["https:\/\/www.nenuphar.com\/wp-content\/uploads\/2026\/01\/1405-600x537.jpg",600,537,true],"woocommerce_gallery_thumbnail":["https:\/\/www.nenuphar.com\/wp-content\/uploads\/2026\/01\/1405-100x100.jpg",100,100,true]},"uagb_author_info":{"display_name":"Karine","author_link":"https:\/\/www.nenuphar.com\/en\/author\/"},"uagb_comment_info":0,"uagb_excerpt":"-20% sur les r\u00e9f\u00e9rences : 50114C \/ 50115C \/ 50116C Superbe taud de b\u00f4me fabriqu\u00e9 dans nos ateliers en France; dans du coton polyester trait\u00e9 marine pour les r\u00e9f\u00e9rences 50114c, 50115c et 50116c, dans de l&rsquo;acrylique Sunbrella Marin pour les r\u00e9f\u00e9rences 50111c, 50112c et 50113c. Tr\u00e8s facile \u00e0 manipuler gr\u00e2ce \u00e0 sa fixation par boucles&hellip;","_links":{"self":[{"href":"https:\/\/www.nenuphar.com\/en\/wp-json\/wp\/v2\/product\/4930","targetHints":{"allow":["GET"]}}],"collection":[{"href":"https:\/\/www.nenuphar.com\/en\/wp-json\/wp\/v2\/product"}],"about":[{"href":"https:\/\/www.nenuphar.com\/en\/wp-json\/wp\/v2\/types\/product"}],"wp:featuredmedia":[{"embeddable":true,"href":"https:\/\/www.nenuphar.com\/en\/wp-json\/wp\/v2\/media\/8112"}],"wp:attachment":[{"href":"https:\/\/www.nenuphar.com\/en\/wp-json\/wp\/v2\/media?parent=4930"}],"wp:term":[{"taxonomy":"product_brand","embeddable":true,"href":"https:\/\/www.nenuphar.com\/en\/wp-json\/wp\/v2\/product_brand?post=4930"},{"taxonomy":"product_cat","embeddable":true,"href":"https:\/\/www.nenuphar.com\/en\/wp-json\/wp\/v2\/product_cat?post=4930"},{"taxonomy":"product_tag","embeddable":true,"href":"https:\/\/www.nenuphar.com\/en\/wp-json\/wp\/v2\/product_tag?post=4930"}],"curies":[{"name":"wp","href":"https:\/\/api.w.org\/{rel}","templated":true}]}}