{"id":496,"date":"2026-01-04T13:52:48","date_gmt":"2026-01-04T13:52:48","guid":{"rendered":"https:\/\/nen.kmkoncept.fr\/?post_type=product&#038;p=496"},"modified":"2026-04-28T07:28:03","modified_gmt":"2026-04-28T07:28:03","slug":"voile-open-bic-compatible-ecole-22-lattes","status":"publish","type":"product","link":"https:\/\/www.nenuphar.com\/en\/shop\/navigation\/voiles\/catamarans\/voile-open-bic-compatible-ecole-22-lattes\/","title":{"rendered":"VOILE OPEN BIC COMPATIBLE ECOLE 2+2 LATTES"},"content":{"rendered":"<p>Voile compatible pour Open Bic, Open Skiff.<\/p>\n<p>Uniquement pour une utilisation loisirs.<\/p>\n<p>Voile livr\u00e9e pli\u00e9e, sans sac ni latte.<\/p>\n<p>Si vous d\u00e9sirez recevoir la voile roul\u00e9e, contactez-nous.<\/p><\/p>","protected":false},"excerpt":{"rendered":"<p>Voile compatible pour Open Bic, Open Skiff. Uniquement pour une utilisation loisirs. Voile livr\u00e9e pli\u00e9e, sans sac ni latte. Si vous d\u00e9sirez recevoir la voile roul\u00e9e, contactez-nous.<\/p>","protected":false},"featured_media":7237,"template":"","meta":{"_acf_changed":false,"_uag_custom_page_level_css":""},"product_brand":[430],"product_cat":[63],"product_tag":[],"class_list":{"0":"post-496","1":"product","2":"type-product","3":"status-publish","4":"has-post-thumbnail","6":"product_brand-nenuphar","7":"product_cat-catamarans","9":"first","10":"onbackorder","11":"taxable","12":"shipping-taxable","13":"purchasable","14":"product-type-simple"},"acf":[],"aioseo_notices":[],"uagb_featured_image_src":{"full":["https:\/\/www.nenuphar.com\/wp-content\/uploads\/2026\/02\/3775-scaled.jpg",2560,1920,false],"thumbnail":["https:\/\/www.nenuphar.com\/wp-content\/uploads\/2026\/02\/3775-150x150.jpg",150,150,true],"medium":["https:\/\/www.nenuphar.com\/wp-content\/uploads\/2026\/02\/3775-300x225.jpg",300,225,true],"medium_large":["https:\/\/www.nenuphar.com\/wp-content\/uploads\/2026\/02\/3775-768x576.jpg",768,576,true],"large":["https:\/\/www.nenuphar.com\/wp-content\/uploads\/2026\/02\/3775-1024x768.jpg",1024,768,true],"1536x1536":["https:\/\/www.nenuphar.com\/wp-content\/uploads\/2026\/02\/3775-1536x1152.jpg",1536,1152,true],"2048x2048":["https:\/\/www.nenuphar.com\/wp-content\/uploads\/2026\/02\/3775-2048x1536.jpg",2048,1536,true],"trp-custom-language-flag":["https:\/\/www.nenuphar.com\/wp-content\/uploads\/2026\/02\/3775-16x12.jpg",16,12,true],"woocommerce_thumbnail":["https:\/\/www.nenuphar.com\/wp-content\/uploads\/2026\/02\/3775-300x300.jpg",300,300,true],"woocommerce_single":["https:\/\/www.nenuphar.com\/wp-content\/uploads\/2026\/02\/3775-600x450.jpg",600,450,true],"woocommerce_gallery_thumbnail":["https:\/\/www.nenuphar.com\/wp-content\/uploads\/2026\/02\/3775-100x100.jpg",100,100,true]},"uagb_author_info":{"display_name":"Karine","author_link":"https:\/\/www.nenuphar.com\/en\/author\/"},"uagb_comment_info":0,"uagb_excerpt":"Voile compatible pour Open Bic, Open Skiff. Uniquement pour une utilisation loisirs. Voile livr\u00e9e pli\u00e9e, sans sac ni latte. Si vous d\u00e9sirez recevoir la voile roul\u00e9e, contactez-nous.","_links":{"self":[{"href":"https:\/\/www.nenuphar.com\/en\/wp-json\/wp\/v2\/product\/496","targetHints":{"allow":["GET"]}}],"collection":[{"href":"https:\/\/www.nenuphar.com\/en\/wp-json\/wp\/v2\/product"}],"about":[{"href":"https:\/\/www.nenuphar.com\/en\/wp-json\/wp\/v2\/types\/product"}],"wp:featuredmedia":[{"embeddable":true,"href":"https:\/\/www.nenuphar.com\/en\/wp-json\/wp\/v2\/media\/7237"}],"wp:attachment":[{"href":"https:\/\/www.nenuphar.com\/en\/wp-json\/wp\/v2\/media?parent=496"}],"wp:term":[{"taxonomy":"product_brand","embeddable":true,"href":"https:\/\/www.nenuphar.com\/en\/wp-json\/wp\/v2\/product_brand?post=496"},{"taxonomy":"product_cat","embeddable":true,"href":"https:\/\/www.nenuphar.com\/en\/wp-json\/wp\/v2\/product_cat?post=496"},{"taxonomy":"product_tag","embeddable":true,"href":"https:\/\/www.nenuphar.com\/en\/wp-json\/wp\/v2\/product_tag?post=496"}],"curies":[{"name":"wp","href":"https:\/\/api.w.org\/{rel}","templated":true}]}}