{"id":4987,"date":"2026-01-06T18:06:05","date_gmt":"2026-01-06T18:06:05","guid":{"rendered":"https:\/\/nen.kmkoncept.fr\/?post_type=product&#038;p=4987"},"modified":"2026-04-28T07:27:56","modified_gmt":"2026-04-28T07:27:56","slug":"spi-vaurien-nouvelle-jauge","status":"publish","type":"product","link":"https:\/\/www.nenuphar.com\/en\/shop\/series\/deriveurs\/vaurien\/spi-vaurien-nouvelle-jauge\/","title":{"rendered":"VAURIEN SPINNAKER NEW JAUGE"},"content":{"rendered":"<p>Made in France.<\/p>\n<p>Spinnaker delivered without a bag. New-class Vaurien spinnaker. Designed and manufactured in our workshops based on advice from experienced users. One or more colored panels can be added on request for easier visibility on the water.<\/p>","protected":false},"excerpt":{"rendered":"<p>Fabriqu\u00e9 en France. Spi livr\u00e9 sans sac. Spi de Vaurien nouvelle jauge. Il est con\u00e7u et r\u00e9alis\u00e9 dans nos ateliers suite aux conseils prodigu\u00e9s par des utilisateurs intensifs. Possibilit\u00e9 d&rsquo;une ou plusieurs laizes couleur sur demande, pour un rep\u00e9rage facilit\u00e9 sur l&rsquo;eau .<\/p>","protected":false},"featured_media":4991,"template":"","meta":{"_acf_changed":false,"_uag_custom_page_level_css":""},"product_brand":[430],"product_cat":[218,152],"product_tag":[425],"class_list":{"0":"post-4987","1":"product","2":"type-product","3":"status-publish","4":"has-post-thumbnail","6":"product_brand-nenuphar","7":"product_cat-vaurien","8":"product_cat-voiles-planche-a-voile","9":"product_tag-vaurien","11":"first","12":"onbackorder","13":"taxable","14":"shipping-taxable","15":"purchasable","16":"product-type-simple"},"acf":[],"aioseo_notices":[],"uagb_featured_image_src":{"full":["https:\/\/www.nenuphar.com\/wp-content\/uploads\/2026\/01\/1139.jpg",338,400,false],"thumbnail":["https:\/\/www.nenuphar.com\/wp-content\/uploads\/2026\/01\/1139-150x150.jpg",150,150,true],"medium":["https:\/\/www.nenuphar.com\/wp-content\/uploads\/2026\/01\/1139-254x300.jpg",254,300,true],"medium_large":["https:\/\/www.nenuphar.com\/wp-content\/uploads\/2026\/01\/1139.jpg",338,400,false],"large":["https:\/\/www.nenuphar.com\/wp-content\/uploads\/2026\/01\/1139.jpg",338,400,false],"1536x1536":["https:\/\/www.nenuphar.com\/wp-content\/uploads\/2026\/01\/1139.jpg",338,400,false],"2048x2048":["https:\/\/www.nenuphar.com\/wp-content\/uploads\/2026\/01\/1139.jpg",338,400,false],"trp-custom-language-flag":["https:\/\/www.nenuphar.com\/wp-content\/uploads\/2026\/01\/1139.jpg",10,12,false],"woocommerce_thumbnail":["https:\/\/www.nenuphar.com\/wp-content\/uploads\/2026\/01\/1139-300x300.jpg",300,300,true],"woocommerce_single":["https:\/\/www.nenuphar.com\/wp-content\/uploads\/2026\/01\/1139.jpg",338,400,false],"woocommerce_gallery_thumbnail":["https:\/\/www.nenuphar.com\/wp-content\/uploads\/2026\/01\/1139-100x100.jpg",100,100,true]},"uagb_author_info":{"display_name":"Karine","author_link":"https:\/\/www.nenuphar.com\/en\/author\/"},"uagb_comment_info":0,"uagb_excerpt":"Fabriqu\u00e9 en France. Spi livr\u00e9 sans sac. Spi de Vaurien nouvelle jauge. Il est con\u00e7u et r\u00e9alis\u00e9 dans nos ateliers suite aux conseils prodigu\u00e9s par des utilisateurs intensifs. Possibilit\u00e9 d&rsquo;une ou plusieurs laizes couleur sur demande, pour un rep\u00e9rage facilit\u00e9 sur l&rsquo;eau .","_links":{"self":[{"href":"https:\/\/www.nenuphar.com\/en\/wp-json\/wp\/v2\/product\/4987","targetHints":{"allow":["GET"]}}],"collection":[{"href":"https:\/\/www.nenuphar.com\/en\/wp-json\/wp\/v2\/product"}],"about":[{"href":"https:\/\/www.nenuphar.com\/en\/wp-json\/wp\/v2\/types\/product"}],"wp:featuredmedia":[{"embeddable":true,"href":"https:\/\/www.nenuphar.com\/en\/wp-json\/wp\/v2\/media\/4991"}],"wp:attachment":[{"href":"https:\/\/www.nenuphar.com\/en\/wp-json\/wp\/v2\/media?parent=4987"}],"wp:term":[{"taxonomy":"product_brand","embeddable":true,"href":"https:\/\/www.nenuphar.com\/en\/wp-json\/wp\/v2\/product_brand?post=4987"},{"taxonomy":"product_cat","embeddable":true,"href":"https:\/\/www.nenuphar.com\/en\/wp-json\/wp\/v2\/product_cat?post=4987"},{"taxonomy":"product_tag","embeddable":true,"href":"https:\/\/www.nenuphar.com\/en\/wp-json\/wp\/v2\/product_tag?post=4987"}],"curies":[{"name":"wp","href":"https:\/\/api.w.org\/{rel}","templated":true}]}}