{"id":4989,"date":"2026-01-06T18:06:06","date_gmt":"2026-01-06T18:06:06","guid":{"rendered":"https:\/\/nen.kmkoncept.fr\/?post_type=product&#038;p=4989"},"modified":"2026-04-28T07:27:56","modified_gmt":"2026-04-28T07:27:56","slug":"spi-asymetrique-17-m%c2%b2-hc-18-compatible","status":"publish","type":"product","link":"https:\/\/www.nenuphar.com\/en\/shop\/glisse\/planche-a-voile\/voiles-planche-a-voile\/spi-asymetrique-17-m%c2%b2-hc-18-compatible\/","title":{"rendered":"HOBIE 18 COMPATIBLE ASYMETRICAL SPINNAKER"},"content":{"rendered":"<p>Spinnaker delivered without a bag. Compatible with Hobie Cat 18. Designed and made in our workshops based on advice from experienced users. One or more colored panels can be added on request for easier visibility on the water.<\/p>","protected":false},"excerpt":{"rendered":"<p>Spinnaker delivered without a bag. Compatible with Hobie Cat 18. Designed and made in our workshops based on advice from experienced users. One or more colored panels can be added on request for easier visibility on the water.<\/p>","protected":false},"featured_media":0,"template":"","meta":{"_acf_changed":false,"_uag_custom_page_level_css":""},"product_brand":[430],"product_cat":[152],"product_tag":[],"class_list":{"0":"post-4989","1":"product","2":"type-product","3":"status-publish","5":"product_brand-nenuphar","6":"product_cat-voiles-planche-a-voile","8":"first","9":"onbackorder","10":"taxable","11":"shipping-taxable","12":"purchasable","13":"product-type-simple"},"acf":[],"aioseo_notices":[],"uagb_featured_image_src":{"full":false,"thumbnail":false,"medium":false,"medium_large":false,"large":false,"1536x1536":false,"2048x2048":false,"trp-custom-language-flag":false,"woocommerce_thumbnail":false,"woocommerce_single":false,"woocommerce_gallery_thumbnail":false},"uagb_author_info":{"display_name":"Karine","author_link":"https:\/\/www.nenuphar.com\/en\/author\/"},"uagb_comment_info":0,"uagb_excerpt":"Spi livr\u00e9 sans sac. Spi pour Hobie Cat 18 compatible. Il est con\u00e7u et r\u00e9alis\u00e9 dans nos ateliers suite aux conseils prodigu\u00e9s par des utilisateurs intensifs. Possibilit\u00e9 d&rsquo;une ou plusieurs laizes couleur sur demande, pour un rep\u00e9rage facilit\u00e9 sur l&rsquo;eau .","_links":{"self":[{"href":"https:\/\/www.nenuphar.com\/en\/wp-json\/wp\/v2\/product\/4989","targetHints":{"allow":["GET"]}}],"collection":[{"href":"https:\/\/www.nenuphar.com\/en\/wp-json\/wp\/v2\/product"}],"about":[{"href":"https:\/\/www.nenuphar.com\/en\/wp-json\/wp\/v2\/types\/product"}],"wp:attachment":[{"href":"https:\/\/www.nenuphar.com\/en\/wp-json\/wp\/v2\/media?parent=4989"}],"wp:term":[{"taxonomy":"product_brand","embeddable":true,"href":"https:\/\/www.nenuphar.com\/en\/wp-json\/wp\/v2\/product_brand?post=4989"},{"taxonomy":"product_cat","embeddable":true,"href":"https:\/\/www.nenuphar.com\/en\/wp-json\/wp\/v2\/product_cat?post=4989"},{"taxonomy":"product_tag","embeddable":true,"href":"https:\/\/www.nenuphar.com\/en\/wp-json\/wp\/v2\/product_tag?post=4989"}],"curies":[{"name":"wp","href":"https:\/\/api.w.org\/{rel}","templated":true}]}}