{"id":5021,"date":"2026-01-06T18:06:32","date_gmt":"2026-01-06T18:06:32","guid":{"rendered":"https:\/\/nen.kmkoncept.fr\/?post_type=product&#038;p=5021"},"modified":"2026-04-28T07:28:04","modified_gmt":"2026-04-28T07:28:04","slug":"spi-asymetrique-open-5-00-tri-radial-homologue","status":"publish","type":"product","link":"https:\/\/www.nenuphar.com\/en\/shop\/series\/deriveurs\/open-5-0\/spi-asymetrique-open-5-00-tri-radial-homologue\/","title":{"rendered":"Open 5.00 Tri Radial Asymmetric Spinnaker \u2013 Certified"},"content":{"rendered":"<p>Spi Open 500 homologu\u00e9 par la classe.<\/p>\n<p>Coloris possibles (spi uni):<\/p>\n<p>&#8211; gris<\/p>\n<p>&#8211; noir<\/p>\n<p>&#8211; jaune<\/p>\n<p>&#8211; bleu ciel<\/p>\n<p>&#8211; bleu France<\/p>\n<p>&#8211; rouge<\/p>\n<p>&#8211; blanc (d\u00e9conseill\u00e9)<\/p>\n<p>Spinnaker comes with its bag<\/p>\n<p>Livr\u00e9 avec son sac.<\/p><\/p>","protected":false},"excerpt":{"rendered":"<p>Spi Open 500 homologu\u00e9 par la classe. Coloris possibles (spi uni): &#8211; gris &#8211; noir &#8211; jaune &#8211; bleu ciel &#8211; bleu France &#8211; rouge &#8211; blanc (d\u00e9conseill\u00e9) Spi livr\u00e9 avec son sac Livr\u00e9 avec son sac.<\/p>","protected":false},"featured_media":5026,"template":"","meta":{"_acf_changed":false,"_uag_custom_page_level_css":""},"product_brand":[430],"product_cat":[208,152],"product_tag":[499,500,501],"class_list":{"0":"post-5021","1":"product","2":"type-product","3":"status-publish","4":"has-post-thumbnail","6":"product_brand-nenuphar","7":"product_cat-open-5-0","8":"product_cat-voiles-planche-a-voile","9":"product_tag-open","10":"product_tag-open-5","11":"product_tag-open-5-0","13":"first","14":"onbackorder","15":"taxable","16":"shipping-taxable","17":"purchasable","18":"product-type-simple"},"acf":[],"aioseo_notices":[],"uagb_featured_image_src":{"full":["https:\/\/www.nenuphar.com\/wp-content\/uploads\/2026\/01\/4750.png",1175,979,false],"thumbnail":["https:\/\/www.nenuphar.com\/wp-content\/uploads\/2026\/01\/4750-150x150.png",150,150,true],"medium":["https:\/\/www.nenuphar.com\/wp-content\/uploads\/2026\/01\/4750-300x250.png",300,250,true],"medium_large":["https:\/\/www.nenuphar.com\/wp-content\/uploads\/2026\/01\/4750-768x640.png",768,640,true],"large":["https:\/\/www.nenuphar.com\/wp-content\/uploads\/2026\/01\/4750-1024x853.png",1024,853,true],"1536x1536":["https:\/\/www.nenuphar.com\/wp-content\/uploads\/2026\/01\/4750.png",1175,979,false],"2048x2048":["https:\/\/www.nenuphar.com\/wp-content\/uploads\/2026\/01\/4750.png",1175,979,false],"trp-custom-language-flag":["https:\/\/www.nenuphar.com\/wp-content\/uploads\/2026\/01\/4750.png",14,12,false],"woocommerce_thumbnail":["https:\/\/www.nenuphar.com\/wp-content\/uploads\/2026\/01\/4750-300x300.png",300,300,true],"woocommerce_single":["https:\/\/www.nenuphar.com\/wp-content\/uploads\/2026\/01\/4750-600x500.png",600,500,true],"woocommerce_gallery_thumbnail":["https:\/\/www.nenuphar.com\/wp-content\/uploads\/2026\/01\/4750-100x100.png",100,100,true]},"uagb_author_info":{"display_name":"Karine","author_link":"https:\/\/www.nenuphar.com\/en\/author\/"},"uagb_comment_info":0,"uagb_excerpt":"Spi Open 500 homologu\u00e9 par la classe. Coloris possibles (spi uni): &#8211; gris &#8211; noir &#8211; jaune &#8211; bleu ciel &#8211; bleu France &#8211; rouge &#8211; blanc (d\u00e9conseill\u00e9) Spi livr\u00e9 avec son sac Livr\u00e9 avec son sac.","_links":{"self":[{"href":"https:\/\/www.nenuphar.com\/en\/wp-json\/wp\/v2\/product\/5021","targetHints":{"allow":["GET"]}}],"collection":[{"href":"https:\/\/www.nenuphar.com\/en\/wp-json\/wp\/v2\/product"}],"about":[{"href":"https:\/\/www.nenuphar.com\/en\/wp-json\/wp\/v2\/types\/product"}],"wp:featuredmedia":[{"embeddable":true,"href":"https:\/\/www.nenuphar.com\/en\/wp-json\/wp\/v2\/media\/5026"}],"wp:attachment":[{"href":"https:\/\/www.nenuphar.com\/en\/wp-json\/wp\/v2\/media?parent=5021"}],"wp:term":[{"taxonomy":"product_brand","embeddable":true,"href":"https:\/\/www.nenuphar.com\/en\/wp-json\/wp\/v2\/product_brand?post=5021"},{"taxonomy":"product_cat","embeddable":true,"href":"https:\/\/www.nenuphar.com\/en\/wp-json\/wp\/v2\/product_cat?post=5021"},{"taxonomy":"product_tag","embeddable":true,"href":"https:\/\/www.nenuphar.com\/en\/wp-json\/wp\/v2\/product_tag?post=5021"}],"curies":[{"name":"wp","href":"https:\/\/api.w.org\/{rel}","templated":true}]}}