{"id":5050,"date":"2026-01-06T18:07:22","date_gmt":"2026-01-06T18:07:22","guid":{"rendered":"https:\/\/nen.kmkoncept.fr\/?post_type=product&#038;p=5050"},"modified":"2026-04-28T07:30:53","modified_gmt":"2026-04-28T07:30:53","slug":"coulisseau-plastique9-3mm","status":"publish","type":"product","link":"https:\/\/www.nenuphar.com\/en\/shop\/glisse\/planche-a-voile\/voiles-planche-a-voile\/coulisseau-plastique9-3mm\/","title":{"rendered":"ALUMINIUM SHEAVE D25 L10 A6.2MM"},"content":{"rendered":"<p>R\u00e9a en aluminium sauf pour le 685 qui est en laiton<\/p>\n<p>La dimension D est le diam\u00e8tre ext\u00e9rieur<\/p>\n<p>La dimension L est la largeur (\u00e9paisseur)<\/p>\n<p>La dimension A est l&rsquo;al\u00e9sage (diam\u00e8tre du trou central)<\/p>","protected":false},"excerpt":{"rendered":"<p>R\u00e9a en aluminium sauf pour le 685 qui est en laiton La dimension D est le diam\u00e8tre ext\u00e9rieur La dimension L est la largeur (\u00e9paisseur) La dimension A est l&rsquo;al\u00e9sage (diam\u00e8tre du trou central)<\/p>","protected":false},"featured_media":8159,"template":"","meta":{"_acf_changed":false,"_uag_custom_page_level_css":""},"product_brand":[430],"product_cat":[152],"product_tag":[],"class_list":{"0":"post-5050","1":"product","2":"type-product","3":"status-publish","4":"has-post-thumbnail","6":"product_brand-nenuphar","7":"product_cat-voiles-planche-a-voile","9":"first","10":"instock","11":"taxable","12":"shipping-taxable","13":"purchasable","14":"product-type-variable"},"acf":[],"aioseo_notices":[],"uagb_featured_image_src":{"full":["https:\/\/www.nenuphar.com\/wp-content\/uploads\/2026\/01\/1438-1.jpg",400,105,false],"thumbnail":["https:\/\/www.nenuphar.com\/wp-content\/uploads\/2026\/01\/1438-1-150x105.jpg",150,105,true],"medium":["https:\/\/www.nenuphar.com\/wp-content\/uploads\/2026\/01\/1438-1-300x79.jpg",300,79,true],"medium_large":["https:\/\/www.nenuphar.com\/wp-content\/uploads\/2026\/01\/1438-1.jpg",400,105,false],"large":["https:\/\/www.nenuphar.com\/wp-content\/uploads\/2026\/01\/1438-1.jpg",400,105,false],"1536x1536":["https:\/\/www.nenuphar.com\/wp-content\/uploads\/2026\/01\/1438-1.jpg",400,105,false],"2048x2048":["https:\/\/www.nenuphar.com\/wp-content\/uploads\/2026\/01\/1438-1.jpg",400,105,false],"trp-custom-language-flag":["https:\/\/www.nenuphar.com\/wp-content\/uploads\/2026\/01\/1438-1-18x5.jpg",18,5,true],"woocommerce_thumbnail":["https:\/\/www.nenuphar.com\/wp-content\/uploads\/2026\/01\/1438-1-300x105.jpg",300,105,true],"woocommerce_single":["https:\/\/www.nenuphar.com\/wp-content\/uploads\/2026\/01\/1438-1.jpg",400,105,false],"woocommerce_gallery_thumbnail":["https:\/\/www.nenuphar.com\/wp-content\/uploads\/2026\/01\/1438-1-100x100.jpg",100,100,true]},"uagb_author_info":{"display_name":"Karine","author_link":"https:\/\/www.nenuphar.com\/en\/author\/"},"uagb_comment_info":0,"uagb_excerpt":"R\u00e9a en aluminium sauf pour le 685 qui est en laiton La dimension D est le diam\u00e8tre ext\u00e9rieur La dimension L est la largeur (\u00e9paisseur) La dimension A est l&rsquo;al\u00e9sage (diam\u00e8tre du trou central)","_links":{"self":[{"href":"https:\/\/www.nenuphar.com\/en\/wp-json\/wp\/v2\/product\/5050","targetHints":{"allow":["GET"]}}],"collection":[{"href":"https:\/\/www.nenuphar.com\/en\/wp-json\/wp\/v2\/product"}],"about":[{"href":"https:\/\/www.nenuphar.com\/en\/wp-json\/wp\/v2\/types\/product"}],"wp:featuredmedia":[{"embeddable":true,"href":"https:\/\/www.nenuphar.com\/en\/wp-json\/wp\/v2\/media\/8159"}],"wp:attachment":[{"href":"https:\/\/www.nenuphar.com\/en\/wp-json\/wp\/v2\/media?parent=5050"}],"wp:term":[{"taxonomy":"product_brand","embeddable":true,"href":"https:\/\/www.nenuphar.com\/en\/wp-json\/wp\/v2\/product_brand?post=5050"},{"taxonomy":"product_cat","embeddable":true,"href":"https:\/\/www.nenuphar.com\/en\/wp-json\/wp\/v2\/product_cat?post=5050"},{"taxonomy":"product_tag","embeddable":true,"href":"https:\/\/www.nenuphar.com\/en\/wp-json\/wp\/v2\/product_tag?post=5050"}],"curies":[{"name":"wp","href":"https:\/\/api.w.org\/{rel}","templated":true}]}}