{"id":510,"date":"2026-01-04T13:52:48","date_gmt":"2026-01-04T13:52:48","guid":{"rendered":"https:\/\/nen.kmkoncept.fr\/?post_type=product&#038;p=510"},"modified":"2026-04-28T07:28:06","modified_gmt":"2026-04-28T07:28:06","slug":"gd-voile-4m-morin","status":"publish","type":"product","link":"https:\/\/www.nenuphar.com\/en\/shop\/navigation\/voiles\/catamarans\/gd-voile-4m-morin\/","title":{"rendered":"GD VOILE 4M MORIN"},"content":{"rendered":"<p>Voile de 4m Morin.<\/p>\n<p>Conforme \u00e0 la voile d&rsquo;origine.<\/p>\n<p>Avec Logo 4m<\/p>\n<p>Livr\u00e9e sans sac, sans latte, \u00e0 commander s\u00e9par\u00e9ment.<\/p>\n<p>Num\u00e9ros et pose \u00e9ventuelle \u00e0 commander s\u00e9par\u00e9ment.<\/p>\n<\/p>\n<p>Made to order only.<\/p><\/p>","protected":false},"excerpt":{"rendered":"<p>Voile de 4m Morin. Conforme \u00e0 la voile d&rsquo;origine. Avec Logo 4m Livr\u00e9e sans sac, sans latte, \u00e0 commander s\u00e9par\u00e9ment. Num\u00e9ros et pose \u00e9ventuelle \u00e0 commander s\u00e9par\u00e9ment. Fabrication \u00e0 la commande uniquement<\/p>","protected":false},"featured_media":7240,"template":"","meta":{"_acf_changed":false,"_uag_custom_page_level_css":""},"product_brand":[430],"product_cat":[63,207],"product_tag":[497,498],"class_list":{"0":"post-510","1":"product","2":"type-product","3":"status-publish","4":"has-post-thumbnail","6":"product_brand-nenuphar","7":"product_cat-catamarans","8":"product_cat-morim-4m","9":"product_tag-morin","10":"product_tag-morin-4m","12":"first","13":"onbackorder","14":"taxable","15":"shipping-taxable","16":"purchasable","17":"product-type-simple"},"acf":[],"aioseo_notices":[],"uagb_featured_image_src":{"full":["https:\/\/www.nenuphar.com\/wp-content\/uploads\/2026\/02\/5581.png",819,901,false],"thumbnail":["https:\/\/www.nenuphar.com\/wp-content\/uploads\/2026\/02\/5581-150x150.png",150,150,true],"medium":["https:\/\/www.nenuphar.com\/wp-content\/uploads\/2026\/02\/5581-273x300.png",273,300,true],"medium_large":["https:\/\/www.nenuphar.com\/wp-content\/uploads\/2026\/02\/5581-768x845.png",768,845,true],"large":["https:\/\/www.nenuphar.com\/wp-content\/uploads\/2026\/02\/5581.png",819,901,false],"1536x1536":["https:\/\/www.nenuphar.com\/wp-content\/uploads\/2026\/02\/5581.png",819,901,false],"2048x2048":["https:\/\/www.nenuphar.com\/wp-content\/uploads\/2026\/02\/5581.png",819,901,false],"trp-custom-language-flag":["https:\/\/www.nenuphar.com\/wp-content\/uploads\/2026\/02\/5581-11x12.png",11,12,true],"woocommerce_thumbnail":["https:\/\/www.nenuphar.com\/wp-content\/uploads\/2026\/02\/5581-300x300.png",300,300,true],"woocommerce_single":["https:\/\/www.nenuphar.com\/wp-content\/uploads\/2026\/02\/5581-600x660.png",600,660,true],"woocommerce_gallery_thumbnail":["https:\/\/www.nenuphar.com\/wp-content\/uploads\/2026\/02\/5581-100x100.png",100,100,true]},"uagb_author_info":{"display_name":"Karine","author_link":"https:\/\/www.nenuphar.com\/en\/author\/"},"uagb_comment_info":0,"uagb_excerpt":"Voile de 4m Morin. Conforme \u00e0 la voile d&rsquo;origine. Avec Logo 4m Livr\u00e9e sans sac, sans latte, \u00e0 commander s\u00e9par\u00e9ment. Num\u00e9ros et pose \u00e9ventuelle \u00e0 commander s\u00e9par\u00e9ment. Fabrication \u00e0 la commande uniquement","_links":{"self":[{"href":"https:\/\/www.nenuphar.com\/en\/wp-json\/wp\/v2\/product\/510","targetHints":{"allow":["GET"]}}],"collection":[{"href":"https:\/\/www.nenuphar.com\/en\/wp-json\/wp\/v2\/product"}],"about":[{"href":"https:\/\/www.nenuphar.com\/en\/wp-json\/wp\/v2\/types\/product"}],"wp:featuredmedia":[{"embeddable":true,"href":"https:\/\/www.nenuphar.com\/en\/wp-json\/wp\/v2\/media\/7240"}],"wp:attachment":[{"href":"https:\/\/www.nenuphar.com\/en\/wp-json\/wp\/v2\/media?parent=510"}],"wp:term":[{"taxonomy":"product_brand","embeddable":true,"href":"https:\/\/www.nenuphar.com\/en\/wp-json\/wp\/v2\/product_brand?post=510"},{"taxonomy":"product_cat","embeddable":true,"href":"https:\/\/www.nenuphar.com\/en\/wp-json\/wp\/v2\/product_cat?post=510"},{"taxonomy":"product_tag","embeddable":true,"href":"https:\/\/www.nenuphar.com\/en\/wp-json\/wp\/v2\/product_tag?post=510"}],"curies":[{"name":"wp","href":"https:\/\/api.w.org\/{rel}","templated":true}]}}