{"id":5103,"date":"2026-01-06T18:08:59","date_gmt":"2026-01-06T18:08:59","guid":{"rendered":"https:\/\/nen.kmkoncept.fr\/?post_type=product&#038;p=5103"},"modified":"2026-04-28T07:30:31","modified_gmt":"2026-04-28T07:30:31","slug":"sangle-20mm-polypro-blanche","status":"publish","type":"product","link":"https:\/\/www.nenuphar.com\/en\/shop\/glisse\/planche-a-voile\/voiles-planche-a-voile\/sangle-20mm-polypro-blanche\/","title":{"rendered":"SANGLE 20MM POLYPRO TOUTES COULEURS"},"content":{"rendered":"<p>Sangle polypropylene blanche largeur 20mm vendue au m\u00e8tre lin\u00e9aire. Sert souvent pour sangle de bout de latte forc\u00e9e.<\/p>","protected":false},"excerpt":{"rendered":"<p>Sangle polypropylene blanche largeur 20mm vendue au m\u00e8tre lin\u00e9aire. Sert souvent pour sangle de bout de latte forc\u00e9e.<\/p>","protected":false},"featured_media":5105,"template":"","meta":{"_acf_changed":false,"_uag_custom_page_level_css":""},"product_brand":[946],"product_cat":[152],"product_tag":[],"class_list":{"0":"post-5103","1":"product","2":"type-product","3":"status-publish","4":"has-post-thumbnail","6":"product_brand-sans-marque","7":"product_cat-voiles-planche-a-voile","9":"first","10":"instock","11":"taxable","12":"shipping-taxable","13":"purchasable","14":"product-type-simple"},"acf":[],"aioseo_notices":[],"uagb_featured_image_src":{"full":["https:\/\/www.nenuphar.com\/wp-content\/uploads\/2026\/01\/2932-scaled.jpg",2560,1707,false],"thumbnail":["https:\/\/www.nenuphar.com\/wp-content\/uploads\/2026\/01\/2932-150x150.jpg",150,150,true],"medium":["https:\/\/www.nenuphar.com\/wp-content\/uploads\/2026\/01\/2932-300x200.jpg",300,200,true],"medium_large":["https:\/\/www.nenuphar.com\/wp-content\/uploads\/2026\/01\/2932-768x512.jpg",768,512,true],"large":["https:\/\/www.nenuphar.com\/wp-content\/uploads\/2026\/01\/2932-1024x683.jpg",1024,683,true],"1536x1536":["https:\/\/www.nenuphar.com\/wp-content\/uploads\/2026\/01\/2932-1536x1024.jpg",1536,1024,true],"2048x2048":["https:\/\/www.nenuphar.com\/wp-content\/uploads\/2026\/01\/2932-2048x1365.jpg",2048,1365,true],"trp-custom-language-flag":["https:\/\/www.nenuphar.com\/wp-content\/uploads\/2026\/01\/2932-scaled.jpg",18,12,false],"woocommerce_thumbnail":["https:\/\/www.nenuphar.com\/wp-content\/uploads\/2026\/01\/2932-300x300.jpg",300,300,true],"woocommerce_single":["https:\/\/www.nenuphar.com\/wp-content\/uploads\/2026\/01\/2932-600x400.jpg",600,400,true],"woocommerce_gallery_thumbnail":["https:\/\/www.nenuphar.com\/wp-content\/uploads\/2026\/01\/2932-100x100.jpg",100,100,true]},"uagb_author_info":{"display_name":"Karine","author_link":"https:\/\/www.nenuphar.com\/en\/author\/"},"uagb_comment_info":0,"uagb_excerpt":"Sangle polypropylene blanche largeur 20mm vendue au m\u00e8tre lin\u00e9aire. Sert souvent pour sangle de bout de latte forc\u00e9e.","_links":{"self":[{"href":"https:\/\/www.nenuphar.com\/en\/wp-json\/wp\/v2\/product\/5103","targetHints":{"allow":["GET"]}}],"collection":[{"href":"https:\/\/www.nenuphar.com\/en\/wp-json\/wp\/v2\/product"}],"about":[{"href":"https:\/\/www.nenuphar.com\/en\/wp-json\/wp\/v2\/types\/product"}],"wp:featuredmedia":[{"embeddable":true,"href":"https:\/\/www.nenuphar.com\/en\/wp-json\/wp\/v2\/media\/5105"}],"wp:attachment":[{"href":"https:\/\/www.nenuphar.com\/en\/wp-json\/wp\/v2\/media?parent=5103"}],"wp:term":[{"taxonomy":"product_brand","embeddable":true,"href":"https:\/\/www.nenuphar.com\/en\/wp-json\/wp\/v2\/product_brand?post=5103"},{"taxonomy":"product_cat","embeddable":true,"href":"https:\/\/www.nenuphar.com\/en\/wp-json\/wp\/v2\/product_cat?post=5103"},{"taxonomy":"product_tag","embeddable":true,"href":"https:\/\/www.nenuphar.com\/en\/wp-json\/wp\/v2\/product_tag?post=5103"}],"curies":[{"name":"wp","href":"https:\/\/api.w.org\/{rel}","templated":true}]}}