{"id":5109,"date":"2026-01-06T18:12:00","date_gmt":"2026-01-06T18:12:00","guid":{"rendered":"https:\/\/nen.kmkoncept.fr\/?post_type=product&#038;p=5109"},"modified":"2026-04-28T07:29:28","modified_gmt":"2026-04-28T07:29:28","slug":"pagaie-s-u-p-170-a-215cms-demontable-en-2-parties","status":"publish","type":"product","link":"https:\/\/www.nenuphar.com\/en\/shop\/glisse\/stand-up-paddle\/pagaies-sup-et-accessoires\/pagaie-s-u-p-170-a-215cms-demontable-en-2-parties\/","title":{"rendered":"For fatigue-free paddling, see 7020 \u2013 S.U.P Paddle 170\u2013215 cm"},"content":{"rendered":"<p>Adjustable S.U.P. paddle, 170\u2013215 cm, two-piece design for easy disassembly.<\/p>\n<p>Made of aluminum and fiberglass.<\/p>\n<p>Reste 2 ex.<\/p>\n<p>Model not restocked after sellout. See references: 7020 and 7014.<\/p>","protected":false},"excerpt":{"rendered":"<p>S.U.P paddle. Adjustable lenght from 170 cm up to 215 cm (5.57ft - 7.05 ft) Aluminium shaft and fiberglass blade.<\/p>","protected":false},"featured_media":5121,"template":"","meta":{"_acf_changed":false,"_uag_custom_page_level_css":""},"product_brand":[],"product_cat":[160],"product_tag":[],"class_list":{"0":"post-5109","1":"product","2":"type-product","3":"status-publish","4":"has-post-thumbnail","6":"product_cat-pagaies-sup-et-accessoires","7":"product_shipping_class-schenker","9":"first","10":"instock","11":"taxable","12":"shipping-taxable","13":"purchasable","14":"product-type-simple"},"acf":[],"aioseo_notices":[],"uagb_featured_image_src":{"full":["https:\/\/www.nenuphar.com\/wp-content\/uploads\/2026\/01\/2423.jpg",341,1354,false],"thumbnail":["https:\/\/www.nenuphar.com\/wp-content\/uploads\/2026\/01\/2423-150x150.jpg",150,150,true],"medium":["https:\/\/www.nenuphar.com\/wp-content\/uploads\/2026\/01\/2423-76x300.jpg",76,300,true],"medium_large":["https:\/\/www.nenuphar.com\/wp-content\/uploads\/2026\/01\/2423.jpg",341,1354,false],"large":["https:\/\/www.nenuphar.com\/wp-content\/uploads\/2026\/01\/2423-258x1024.jpg",258,1024,true],"1536x1536":["https:\/\/www.nenuphar.com\/wp-content\/uploads\/2026\/01\/2423.jpg",341,1354,false],"2048x2048":["https:\/\/www.nenuphar.com\/wp-content\/uploads\/2026\/01\/2423.jpg",341,1354,false],"trp-custom-language-flag":["https:\/\/www.nenuphar.com\/wp-content\/uploads\/2026\/01\/2423.jpg",3,12,false],"woocommerce_thumbnail":["https:\/\/www.nenuphar.com\/wp-content\/uploads\/2026\/01\/2423-300x300.jpg",300,300,true],"woocommerce_single":["https:\/\/www.nenuphar.com\/wp-content\/uploads\/2026\/01\/2423.jpg",341,1354,false],"woocommerce_gallery_thumbnail":["https:\/\/www.nenuphar.com\/wp-content\/uploads\/2026\/01\/2423-100x100.jpg",100,100,true]},"uagb_author_info":{"display_name":"Karine","author_link":"https:\/\/www.nenuphar.com\/en\/author\/"},"uagb_comment_info":0,"uagb_excerpt":"Pagaie S.U.P. r\u00e9glable en longueur de 170 \u00e0 215 cm, d\u00e9montable en 2 parties. En aluminium et fibre de verre. Reste 2 ex. Mod\u00e8le non suivi apr\u00e8s \u00e9puisement. voir ensuite r\u00e9f:\u00a0 7020 et 7014","_links":{"self":[{"href":"https:\/\/www.nenuphar.com\/en\/wp-json\/wp\/v2\/product\/5109","targetHints":{"allow":["GET"]}}],"collection":[{"href":"https:\/\/www.nenuphar.com\/en\/wp-json\/wp\/v2\/product"}],"about":[{"href":"https:\/\/www.nenuphar.com\/en\/wp-json\/wp\/v2\/types\/product"}],"wp:featuredmedia":[{"embeddable":true,"href":"https:\/\/www.nenuphar.com\/en\/wp-json\/wp\/v2\/media\/5121"}],"wp:attachment":[{"href":"https:\/\/www.nenuphar.com\/en\/wp-json\/wp\/v2\/media?parent=5109"}],"wp:term":[{"taxonomy":"product_brand","embeddable":true,"href":"https:\/\/www.nenuphar.com\/en\/wp-json\/wp\/v2\/product_brand?post=5109"},{"taxonomy":"product_cat","embeddable":true,"href":"https:\/\/www.nenuphar.com\/en\/wp-json\/wp\/v2\/product_cat?post=5109"},{"taxonomy":"product_tag","embeddable":true,"href":"https:\/\/www.nenuphar.com\/en\/wp-json\/wp\/v2\/product_tag?post=5109"}],"curies":[{"name":"wp","href":"https:\/\/api.w.org\/{rel}","templated":true}]}}