{"id":5110,"date":"2026-01-06T18:12:00","date_gmt":"2026-01-06T18:12:00","guid":{"rendered":"https:\/\/nen.kmkoncept.fr\/?post_type=product&#038;p=5110"},"modified":"2026-04-28T07:29:28","modified_gmt":"2026-04-28T07:29:28","slug":"leash-sup-8-coil","status":"publish","type":"product","link":"https:\/\/www.nenuphar.com\/en\/shop\/glisse\/stand-up-paddle\/pagaies-sup-et-accessoires\/leash-sup-8-coil\/","title":{"rendered":"LEASH SUP 8\u2032 COIL"},"content":{"rendered":"<p>Don\u2019t lose your surfboard in the waves!<\/p>\n<p>BIC SUP leashes fit all boards, are made from high-quality materials, and are completely reliable. They feature a detachable rail saver, a simple swivel, and a thermoformed crimp on the Velcro strap. The ankle leash is ideal for large SUPs in surf conditions.<\/p>\n<p>\u00a0<\/p>","protected":false},"excerpt":{"rendered":"<p>\u00a0Offering excellent value for money, they come with a lifetime labor warranty and a 6-month material warranty from the date of purchase.<\/p>","protected":false},"featured_media":5123,"template":"","meta":{"_acf_changed":false,"_uag_custom_page_level_css":""},"product_brand":[445],"product_cat":[160],"product_tag":[],"class_list":{"0":"post-5110","1":"product","2":"type-product","3":"status-publish","4":"has-post-thumbnail","6":"product_brand-bic","7":"product_cat-pagaies-sup-et-accessoires","9":"first","10":"instock","11":"taxable","12":"shipping-taxable","13":"purchasable","14":"product-type-simple"},"acf":[],"aioseo_notices":[],"uagb_featured_image_src":{"full":["https:\/\/www.nenuphar.com\/wp-content\/uploads\/2026\/01\/3193.jpg",2454,2108,false],"thumbnail":["https:\/\/www.nenuphar.com\/wp-content\/uploads\/2026\/01\/3193-150x150.jpg",150,150,true],"medium":["https:\/\/www.nenuphar.com\/wp-content\/uploads\/2026\/01\/3193-300x258.jpg",300,258,true],"medium_large":["https:\/\/www.nenuphar.com\/wp-content\/uploads\/2026\/01\/3193-768x660.jpg",768,660,true],"large":["https:\/\/www.nenuphar.com\/wp-content\/uploads\/2026\/01\/3193-1024x880.jpg",1024,880,true],"1536x1536":["https:\/\/www.nenuphar.com\/wp-content\/uploads\/2026\/01\/3193-1536x1319.jpg",1536,1319,true],"2048x2048":["https:\/\/www.nenuphar.com\/wp-content\/uploads\/2026\/01\/3193-2048x1759.jpg",2048,1759,true],"trp-custom-language-flag":["https:\/\/www.nenuphar.com\/wp-content\/uploads\/2026\/01\/3193.jpg",14,12,false],"woocommerce_thumbnail":["https:\/\/www.nenuphar.com\/wp-content\/uploads\/2026\/01\/3193-300x300.jpg",300,300,true],"woocommerce_single":["https:\/\/www.nenuphar.com\/wp-content\/uploads\/2026\/01\/3193-600x515.jpg",600,515,true],"woocommerce_gallery_thumbnail":["https:\/\/www.nenuphar.com\/wp-content\/uploads\/2026\/01\/3193-100x100.jpg",100,100,true]},"uagb_author_info":{"display_name":"Karine","author_link":"https:\/\/www.nenuphar.com\/en\/author\/"},"uagb_comment_info":0,"uagb_excerpt":"\u00a0D'un excellent rapport qualit\u00e9\/prix, ils sont garantis \u00e0 vie sur la main d'oeuvre et 6 mois sur les mat\u00e9riaux \u00e0 partir de la date d'achat.","_links":{"self":[{"href":"https:\/\/www.nenuphar.com\/en\/wp-json\/wp\/v2\/product\/5110","targetHints":{"allow":["GET"]}}],"collection":[{"href":"https:\/\/www.nenuphar.com\/en\/wp-json\/wp\/v2\/product"}],"about":[{"href":"https:\/\/www.nenuphar.com\/en\/wp-json\/wp\/v2\/types\/product"}],"wp:featuredmedia":[{"embeddable":true,"href":"https:\/\/www.nenuphar.com\/en\/wp-json\/wp\/v2\/media\/5123"}],"wp:attachment":[{"href":"https:\/\/www.nenuphar.com\/en\/wp-json\/wp\/v2\/media?parent=5110"}],"wp:term":[{"taxonomy":"product_brand","embeddable":true,"href":"https:\/\/www.nenuphar.com\/en\/wp-json\/wp\/v2\/product_brand?post=5110"},{"taxonomy":"product_cat","embeddable":true,"href":"https:\/\/www.nenuphar.com\/en\/wp-json\/wp\/v2\/product_cat?post=5110"},{"taxonomy":"product_tag","embeddable":true,"href":"https:\/\/www.nenuphar.com\/en\/wp-json\/wp\/v2\/product_tag?post=5110"}],"curies":[{"name":"wp","href":"https:\/\/api.w.org\/{rel}","templated":true}]}}