{"id":5115,"date":"2026-01-06T18:12:00","date_gmt":"2026-01-06T18:12:00","guid":{"rendered":"https:\/\/nen.kmkoncept.fr\/?post_type=product&#038;p=5115"},"modified":"2026-04-28T07:29:28","modified_gmt":"2026-04-28T07:29:28","slug":"pagaie-s-u-p-170-a-210-cm-alu-renforce-noir-pale-fibrylon-orange","status":"publish","type":"product","link":"https:\/\/www.nenuphar.com\/en\/shop\/glisse\/stand-up-paddle\/pagaies-sup-et-accessoires\/pagaie-s-u-p-170-a-210-cm-alu-renforce-noir-pale-fibrylon-orange\/","title":{"rendered":"S.U.P. Paddle 170\u2013210 cm Aluminum \u2013 Reinforced Black Fibrylon Blade"},"content":{"rendered":"<p>Pagaie Paddle Egalis Swan SLIM t\u00e9lescopique 1m70 \u00e0 2m10 .<\/p>\n<p>Manche alu anodis\u00e9 noir<\/p>\n<p>Pale en Fibrylon.<\/p>\n<p>Unsinkable.<\/p>","protected":false},"excerpt":{"rendered":"<div class=\"data item title active\" style=\"text-align:justify;\"><strong>The new \u2018Swan Slim\u2019 SUP paddle, made in France by EGALIS, is lightweight and very easy to handle. Thinner and more rounded than its counterparts,\u00a0<span>la pagaie Swan Slim a b\u00e9n\u00e9fici\u00e9 de beaucoup d&rsquo;\u00e9volutions :\u00a0<\/span><span>Reduced blade surface compared to the Swan: 650 cm\u00b2 vs 550 cm\u00b2 (higher stroke rate, more endurance, less imbalance for beginners); available in different colors according to size for rental centers or paddle schools; PVC thermo sleeve (more durable over time); teardrop shape with duck-foot reinforcements.<\/span>\u00a0<\/strong><\/div>\n<p class=\"x_MsoNormal\" style=\"text-align:justify;\"><strong>30mm diameter reinforced aluminum shaft with coating; Fibrylon blade<\/strong><\/p>\n<p class=\"x_MsoNormal\" style=\"text-align:justify;\"><span class=\"value\"><strong>Mod\u00e8le t\u00e9lescopique de 170 cm \u00e0 210 cm . Pale Orange<\/strong><\/span><\/p>\n<p class=\"x_MsoNormal\" style=\"text-align:justify;\"><span class=\"value\"><span class=\"value\"><strong>Existe aussi t\u00e9lescopique de 140 cm \u00e0 180 cm . Pale jaune<\/strong><\/span><\/span><\/p>\n<p class=\"x_MsoNormal\" style=\"text-align:justify;\"><strong> <br \/><\/strong><\/p>","protected":false},"featured_media":5142,"template":"","meta":{"_acf_changed":false,"_uag_custom_page_level_css":""},"product_brand":[],"product_cat":[160],"product_tag":[],"class_list":{"0":"post-5115","1":"product","2":"type-product","3":"status-publish","4":"has-post-thumbnail","6":"product_cat-pagaies-sup-et-accessoires","7":"product_shipping_class-schenker","9":"first","10":"instock","11":"taxable","12":"shipping-taxable","13":"purchasable","14":"product-type-simple"},"acf":[],"aioseo_notices":[],"uagb_featured_image_src":{"full":["https:\/\/www.nenuphar.com\/wp-content\/uploads\/2026\/01\/5081.jpg",800,800,false],"thumbnail":["https:\/\/www.nenuphar.com\/wp-content\/uploads\/2026\/01\/5081-150x150.jpg",150,150,true],"medium":["https:\/\/www.nenuphar.com\/wp-content\/uploads\/2026\/01\/5081-300x300.jpg",300,300,true],"medium_large":["https:\/\/www.nenuphar.com\/wp-content\/uploads\/2026\/01\/5081-768x768.jpg",768,768,true],"large":["https:\/\/www.nenuphar.com\/wp-content\/uploads\/2026\/01\/5081.jpg",800,800,false],"1536x1536":["https:\/\/www.nenuphar.com\/wp-content\/uploads\/2026\/01\/5081.jpg",800,800,false],"2048x2048":["https:\/\/www.nenuphar.com\/wp-content\/uploads\/2026\/01\/5081.jpg",800,800,false],"trp-custom-language-flag":["https:\/\/www.nenuphar.com\/wp-content\/uploads\/2026\/01\/5081.jpg",12,12,false],"woocommerce_thumbnail":["https:\/\/www.nenuphar.com\/wp-content\/uploads\/2026\/01\/5081-300x300.jpg",300,300,true],"woocommerce_single":["https:\/\/www.nenuphar.com\/wp-content\/uploads\/2026\/01\/5081-600x600.jpg",600,600,true],"woocommerce_gallery_thumbnail":["https:\/\/www.nenuphar.com\/wp-content\/uploads\/2026\/01\/5081-100x100.jpg",100,100,true]},"uagb_author_info":{"display_name":"Karine","author_link":"https:\/\/www.nenuphar.com\/en\/author\/"},"uagb_comment_info":0,"uagb_excerpt":"La nouvelle pagaie de SUP \"Swan Slim\", fabriqu\u00e9e en France par EGALIS, est l\u00e9g\u00e8re et tr\u00e8s facile \u00e0 prendre en main. Plus fine et arrondie que ses homologues,\u00a0la pagaie Swan Slim a b\u00e9n\u00e9fici\u00e9 de beaucoup d'\u00e9volutions :\u00a0R\u00e9duction de la surface de pale compar\u00e9 \u00e0 la Swan\u00a0: 650 cm\u00b2 vs 550 cm\u00b2 (augmentation de la fr\u00e9quence,&hellip;","_links":{"self":[{"href":"https:\/\/www.nenuphar.com\/en\/wp-json\/wp\/v2\/product\/5115","targetHints":{"allow":["GET"]}}],"collection":[{"href":"https:\/\/www.nenuphar.com\/en\/wp-json\/wp\/v2\/product"}],"about":[{"href":"https:\/\/www.nenuphar.com\/en\/wp-json\/wp\/v2\/types\/product"}],"wp:featuredmedia":[{"embeddable":true,"href":"https:\/\/www.nenuphar.com\/en\/wp-json\/wp\/v2\/media\/5142"}],"wp:attachment":[{"href":"https:\/\/www.nenuphar.com\/en\/wp-json\/wp\/v2\/media?parent=5115"}],"wp:term":[{"taxonomy":"product_brand","embeddable":true,"href":"https:\/\/www.nenuphar.com\/en\/wp-json\/wp\/v2\/product_brand?post=5115"},{"taxonomy":"product_cat","embeddable":true,"href":"https:\/\/www.nenuphar.com\/en\/wp-json\/wp\/v2\/product_cat?post=5115"},{"taxonomy":"product_tag","embeddable":true,"href":"https:\/\/www.nenuphar.com\/en\/wp-json\/wp\/v2\/product_tag?post=5115"}],"curies":[{"name":"wp","href":"https:\/\/api.w.org\/{rel}","templated":true}]}}