{"id":5147,"date":"2026-01-06T18:17:36","date_gmt":"2026-01-06T18:17:36","guid":{"rendered":"https:\/\/nen.kmkoncept.fr\/?post_type=product&#038;p=5147"},"modified":"2026-04-28T07:29:57","modified_gmt":"2026-04-28T07:29:57","slug":"sup-stand-up-paddle-bic-cross-100-ace-tec","status":"publish","type":"product","link":"https:\/\/www.nenuphar.com\/en\/shop\/glisse\/stand-up-paddle\/sup-rigide\/sup-stand-up-paddle-bic-cross-100-ace-tec\/","title":{"rendered":"BIC Cross 10\u20190 ACE-TEC Stand-Up Paddleboard"},"content":{"rendered":"<p>MODEL WITH OLD DESIGN: while stocks last.<\/p>\n<p>ACE-TEC: Lightweight Epoxy Performance<br \/>Une solidit\u00e9 exceptionnelle!<\/p>\n<p>CROSS: Hybrid shapes for flat water. Super stable,<br \/>these versatile boards are ready to be outfitted for touring,<br \/>la balade sur le plat, le fitness, le yoga ou la p\u00eache<\/p>","protected":false},"excerpt":{"rendered":"<p>Des formes hybrides pour plans d\u2019eau plats<br \/>An ultra-stable platform designed for beginners and enjoyment.<br \/>for family use, fitness, yoga, fishing, or any SUP activity.<br \/>The unique \u2018hybrid\u2019 design of the CROSS features the advantages<br \/>as follows: a slightly raised bow to better handle choppy water<br \/>and improve tracking, with significant volume along the rails for<br \/>enhanced stability and maximum use of the board\u2019s surface<br \/>deck, and a low waterline for increased glide.<br \/>Multiple attachment points are provided for securing the<br \/>accessories, and the deck mounting system is included as standard<br \/>on all CROSS models.<\/p>\n<div id=\"bloc-fiche-tech\">\n<div class=\"typeCaracteristique\">\n<h4>Fiche technique<\/h4>\n<table class=\"colonne\" style=\"width:120px;\">\n<tbody>\n<tr>\n<td class=\"gris_clair\">Longueur<\/td>\n<\/tr>\n<tr>\n<td class=\"blanc\">305 cm<\/td>\n<\/tr>\n<\/tbody>\n<\/table>\n<table class=\"colonne\" style=\"width:120px;\">\n<tbody>\n<tr>\n<td class=\"gris_clair\">Largeur<\/td>\n<\/tr>\n<tr>\n<td class=\"blanc\">84 cm<\/td>\n<\/tr>\n<\/tbody>\n<\/table>\n<table class=\"colonne\" style=\"width:120px;\">\n<tbody>\n<tr>\n<td class=\"gris_clair\">Thickness<\/td>\n<\/tr>\n<tr>\n<td class=\"blanc\">12.1 cm<\/td>\n<\/tr>\n<\/tbody>\n<\/table>\n<table class=\"colonne\" style=\"width:120px;\">\n<tbody>\n<tr>\n<td class=\"gris_clair\">Poids<\/td>\n<\/tr>\n<tr>\n<td class=\"blanc\">12.5 kg<\/td>\n<\/tr>\n<\/tbody>\n<\/table>\n<table class=\"colonne\" style=\"width:120px;\">\n<tbody>\n<tr>\n<td class=\"gris_clair\">Volume<\/td>\n<\/tr>\n<tr>\n<td class=\"blanc\">195 L<\/td>\n<\/tr>\n<\/tbody>\n<\/table>\n<table class=\"colonne\" style=\"width:120px;\">\n<tbody>\n<tr>\n<td class=\"gris_clair\">Ailerons Disposition<\/td>\n<\/tr>\n<tr>\n<td class=\"blanc\">Thruster<\/td>\n<\/tr>\n<\/tbody>\n<\/table>\n<table class=\"colonne\" style=\"width:120px;\">\n<tbody>\n<tr>\n<td class=\"gris_clair\">Ailerons Fournis<\/td>\n<\/tr>\n<tr>\n<td class=\"blanc\">Touring 9&Prime;<\/td>\n<\/tr>\n<\/tbody>\n<\/table>\n<\/div>\n<\/div>\n<div id=\"bloc-level\"><br style=\"clear:both;\" \/><\/p>\n<div class=\"caracteristique box\">\n<h3>Key features<\/h3>\n<p><em class=\"fa fa-check\"><\/em> Swallowtail nose = Greater tracking and improved glide<br \/><em class=\"fa fa-check\"><\/em> Thick rails and well-distributed volume = Increases stability, allows full use of the deck surface, and keeps your feet dry.<br \/><em class=\"fa fa-check\"><\/em> Six deck attachment points = Easy transport and secure stowage of onboard equipment.<br \/><em class=\"fa fa-check\"><\/em> Pont plat = Id\u00e9al pour pratiquer la balade en famille, le fitness et le yoga.<br \/><em class=\"fa fa-check\"><\/em> Full-deck pad (Fit\/Adventure) = Comfort and complete non-slip surface. Very useful for fitness and yoga. \u2018Wave Groove\u2019 texture for maximum comfort.<\/p>\n<div style=\"padding:5px 0;\"><img decoding=\"async\" src=\"http:\/\/www.bicsport.com\/images\/caracteristique\/sup_diag_2014_ace-tec_10-0-cross.png\" alt=\"\" \/><\/div>\n<\/div>\n<\/div>","protected":false},"featured_media":5152,"template":"","meta":{"_acf_changed":false,"_uag_custom_page_level_css":""},"product_brand":[445],"product_cat":[158],"product_tag":[],"class_list":{"0":"post-5147","1":"product","2":"type-product","3":"status-publish","4":"has-post-thumbnail","6":"product_brand-bic","7":"product_cat-sup-rigide","8":"product_shipping_class-schenker","10":"first","11":"instock","12":"taxable","13":"shipping-taxable","14":"purchasable","15":"product-type-simple"},"acf":[],"aioseo_notices":[],"uagb_featured_image_src":{"full":["https:\/\/www.nenuphar.com\/wp-content\/uploads\/2026\/01\/3116-scaled.jpg",831,2560,false],"thumbnail":["https:\/\/www.nenuphar.com\/wp-content\/uploads\/2026\/01\/3116-150x150.jpg",150,150,true],"medium":["https:\/\/www.nenuphar.com\/wp-content\/uploads\/2026\/01\/3116-97x300.jpg",97,300,true],"medium_large":["https:\/\/www.nenuphar.com\/wp-content\/uploads\/2026\/01\/3116-768x2365.jpg",768,2365,true],"large":["https:\/\/www.nenuphar.com\/wp-content\/uploads\/2026\/01\/3116-332x1024.jpg",332,1024,true],"1536x1536":["https:\/\/www.nenuphar.com\/wp-content\/uploads\/2026\/01\/3116-499x1536.jpg",499,1536,true],"2048x2048":["https:\/\/www.nenuphar.com\/wp-content\/uploads\/2026\/01\/3116-665x2048.jpg",665,2048,true],"trp-custom-language-flag":["https:\/\/www.nenuphar.com\/wp-content\/uploads\/2026\/01\/3116-scaled.jpg",4,12,false],"woocommerce_thumbnail":["https:\/\/www.nenuphar.com\/wp-content\/uploads\/2026\/01\/3116-300x300.jpg",300,300,true],"woocommerce_single":["https:\/\/www.nenuphar.com\/wp-content\/uploads\/2026\/01\/3116-600x1848.jpg",600,1848,true],"woocommerce_gallery_thumbnail":["https:\/\/www.nenuphar.com\/wp-content\/uploads\/2026\/01\/3116-100x100.jpg",100,100,true]},"uagb_author_info":{"display_name":"Karine","author_link":"https:\/\/www.nenuphar.com\/en\/author\/"},"uagb_comment_info":0,"uagb_excerpt":"Des formes hybrides pour plans d\u2019eau platsUne plate-forme ultra-stable destin\u00e9e aux d\u00e9butants, au plaisiren famille, au fitness, yoga, p\u00eache ou toute activit\u00e9 SUP.La conception unique \u00abhybride\u00bb de la CROSS dispose des atoutssuivants : un nez l\u00e9g\u00e8rement \u00e9trav\u00e9 pour mieux passer le clapotet guider la planche, un volume important le long des rails pourune stabilit\u00e9 accrue&hellip;","_links":{"self":[{"href":"https:\/\/www.nenuphar.com\/en\/wp-json\/wp\/v2\/product\/5147","targetHints":{"allow":["GET"]}}],"collection":[{"href":"https:\/\/www.nenuphar.com\/en\/wp-json\/wp\/v2\/product"}],"about":[{"href":"https:\/\/www.nenuphar.com\/en\/wp-json\/wp\/v2\/types\/product"}],"wp:featuredmedia":[{"embeddable":true,"href":"https:\/\/www.nenuphar.com\/en\/wp-json\/wp\/v2\/media\/5152"}],"wp:attachment":[{"href":"https:\/\/www.nenuphar.com\/en\/wp-json\/wp\/v2\/media?parent=5147"}],"wp:term":[{"taxonomy":"product_brand","embeddable":true,"href":"https:\/\/www.nenuphar.com\/en\/wp-json\/wp\/v2\/product_brand?post=5147"},{"taxonomy":"product_cat","embeddable":true,"href":"https:\/\/www.nenuphar.com\/en\/wp-json\/wp\/v2\/product_cat?post=5147"},{"taxonomy":"product_tag","embeddable":true,"href":"https:\/\/www.nenuphar.com\/en\/wp-json\/wp\/v2\/product_tag?post=5147"}],"curies":[{"name":"wp","href":"https:\/\/api.w.org\/{rel}","templated":true}]}}