{"id":5149,"date":"2026-01-06T18:17:37","date_gmt":"2026-01-06T18:17:37","guid":{"rendered":"https:\/\/nen.kmkoncept.fr\/?post_type=product&#038;p=5149"},"modified":"2026-04-28T07:29:58","modified_gmt":"2026-04-28T07:29:58","slug":"sup-stand-up-paddle-sic-tao-fit-10-0-tough-tec","status":"publish","type":"product","link":"https:\/\/www.nenuphar.com\/en\/shop\/glisse\/stand-up-paddle\/sup-rigide\/sup-stand-up-paddle-sic-tao-fit-10-0-tough-tec\/","title":{"rendered":"SUP STAND UP PADDLE SIC TAO &#8211; FIT 10.0 TOUGH TEC"},"content":{"rendered":"<p>e mod\u00e8le TAO Fit TT a \u00e9t\u00e9 con\u00e7u pour r\u00e9pondre \u00e0 3 principales exigences : <strong>stabilit\u00e9, durabilit\u00e9 et polyvalence<\/strong>. <\/p>\n<p> Que ce soit pour ramer sur des plans d\u2019eau agit\u00e9s, les petites vagues g\u00e9n\u00e9r\u00e9es par les bateaux ou simplement sur l\u2019eau plate, sa partie avant dot\u00e9e d\u2019une petite \u00e9trave passe bien le clapot et facilite la glisse tout en offrant un excellent maintien du cap.<\/p>\n<p> La car\u00e8ne plate sur la section centrale apporte une grande stabilit\u00e9 tandis que la forme du pont tr\u00e8s aplatie offre une formidable plateforme pour la pratique du yoga, le transport d\u2019un enfant ou d\u2019un chien \u00e0 l\u2019avant et pour la pratique du SUP &#8211; Fishing avec m\u00eame la possibilit\u00e9 d\u2019emporter une glaci\u00e8re sur la planche.<\/p>\n<p> La TAO FIT (TT) 10&rsquo;0\u00a0\u00bb x 33\u00a0\u00bb est <strong>fabriqu\u00e9e en TOUGH-TEC (TT) qui lui conf\u00e8re une solidit\u00e9 maximale.<\/strong><\/p>","protected":false},"excerpt":{"rendered":"<p><strong>La TAO FIT (TT) 10&rsquo;0\u00a0\u00bb x 33\u00a0\u00bb est \u00e9quip\u00e9e de :<br \/><\/strong> &#8211; Construction TT : combinaison d\u2019une couche ext\u00e9rieure en poly\u00e9thyl\u00e8ne moul\u00e9 sur un noyau EPS, <br \/> &#8211; Pad textur\u00e9 en EVA anti-d\u00e9rapant et confortable sur l\u2019int\u00e9gralit\u00e9 du pont,<br \/> &#8211; Aileron central FCS Connect Touring 9\u2019\u2019, <br \/> &#8211; Poign\u00e9e centrale ergonomique, <br \/> &#8211; Filet \u00e9lastique \u00e0 l\u2019avant, <br \/> &#8211; Plug de leash.<\/p>\n<p><strong>Poids utilisateur id\u00e9al :<\/strong> 220 lbs\/100 kg<\/p>\n<p>Inclus:<\/p>\n<p>La planche de SUP TAO FIT (TT) 10&rsquo;0\u00a0\u00bb x 33\u00a0\u00bb <br \/> &#8211; 1 aileron 9.0\u201d FCS Connect (nylon)<\/p><\/p>","protected":false},"featured_media":5164,"template":"","meta":{"_acf_changed":false,"_uag_custom_page_level_css":""},"product_brand":[467],"product_cat":[158],"product_tag":[],"class_list":{"0":"post-5149","1":"product","2":"type-product","3":"status-publish","4":"has-post-thumbnail","6":"product_brand-sic","7":"product_cat-sup-rigide","9":"first","10":"onbackorder","11":"taxable","12":"shipping-taxable","13":"purchasable","14":"product-type-simple"},"acf":[],"aioseo_notices":[],"uagb_featured_image_src":{"full":["https:\/\/www.nenuphar.com\/wp-content\/uploads\/2026\/01\/4956-scaled.jpg",1816,2560,false],"thumbnail":["https:\/\/www.nenuphar.com\/wp-content\/uploads\/2026\/01\/4956-150x150.jpg",150,150,true],"medium":["https:\/\/www.nenuphar.com\/wp-content\/uploads\/2026\/01\/4956-213x300.jpg",213,300,true],"medium_large":["https:\/\/www.nenuphar.com\/wp-content\/uploads\/2026\/01\/4956-768x1082.jpg",768,1082,true],"large":["https:\/\/www.nenuphar.com\/wp-content\/uploads\/2026\/01\/4956-727x1024.jpg",727,1024,true],"1536x1536":["https:\/\/www.nenuphar.com\/wp-content\/uploads\/2026\/01\/4956-1090x1536.jpg",1090,1536,true],"2048x2048":["https:\/\/www.nenuphar.com\/wp-content\/uploads\/2026\/01\/4956-1453x2048.jpg",1453,2048,true],"trp-custom-language-flag":["https:\/\/www.nenuphar.com\/wp-content\/uploads\/2026\/01\/4956-scaled.jpg",9,12,false],"woocommerce_thumbnail":["https:\/\/www.nenuphar.com\/wp-content\/uploads\/2026\/01\/4956-300x300.jpg",300,300,true],"woocommerce_single":["https:\/\/www.nenuphar.com\/wp-content\/uploads\/2026\/01\/4956-600x846.jpg",600,846,true],"woocommerce_gallery_thumbnail":["https:\/\/www.nenuphar.com\/wp-content\/uploads\/2026\/01\/4956-100x100.jpg",100,100,true]},"uagb_author_info":{"display_name":"Karine","author_link":"https:\/\/www.nenuphar.com\/en\/author\/"},"uagb_comment_info":0,"uagb_excerpt":"La TAO FIT (TT) 10'0'' x 33'' est \u00e9quip\u00e9e de : - Construction TT : combinaison d\u2019une couche ext\u00e9rieure en poly\u00e9thyl\u00e8ne moul\u00e9 sur un noyau EPS, - Pad textur\u00e9 en EVA anti-d\u00e9rapant et confortable sur l\u2019int\u00e9gralit\u00e9 du pont, - Aileron central FCS Connect Touring 9\u2019\u2019, - Poign\u00e9e centrale ergonomique, - Filet \u00e9lastique \u00e0 l\u2019avant, -&hellip;","_links":{"self":[{"href":"https:\/\/www.nenuphar.com\/en\/wp-json\/wp\/v2\/product\/5149","targetHints":{"allow":["GET"]}}],"collection":[{"href":"https:\/\/www.nenuphar.com\/en\/wp-json\/wp\/v2\/product"}],"about":[{"href":"https:\/\/www.nenuphar.com\/en\/wp-json\/wp\/v2\/types\/product"}],"wp:featuredmedia":[{"embeddable":true,"href":"https:\/\/www.nenuphar.com\/en\/wp-json\/wp\/v2\/media\/5164"}],"wp:attachment":[{"href":"https:\/\/www.nenuphar.com\/en\/wp-json\/wp\/v2\/media?parent=5149"}],"wp:term":[{"taxonomy":"product_brand","embeddable":true,"href":"https:\/\/www.nenuphar.com\/en\/wp-json\/wp\/v2\/product_brand?post=5149"},{"taxonomy":"product_cat","embeddable":true,"href":"https:\/\/www.nenuphar.com\/en\/wp-json\/wp\/v2\/product_cat?post=5149"},{"taxonomy":"product_tag","embeddable":true,"href":"https:\/\/www.nenuphar.com\/en\/wp-json\/wp\/v2\/product_tag?post=5149"}],"curies":[{"name":"wp","href":"https:\/\/api.w.org\/{rel}","templated":true}]}}