{"id":5150,"date":"2026-01-06T18:17:37","date_gmt":"2026-01-06T18:17:37","guid":{"rendered":"https:\/\/nen.kmkoncept.fr\/?post_type=product&#038;p=5150"},"modified":"2026-04-28T07:29:58","modified_gmt":"2026-04-28T07:29:58","slug":"sup-stand-up-paddle-sic-tao-surf-10-6-tough-tec","status":"publish","type":"product","link":"https:\/\/www.nenuphar.com\/en\/shop\/glisse\/stand-up-paddle\/sup-rigide\/sup-stand-up-paddle-sic-tao-surf-10-6-tough-tec\/","title":{"rendered":"SUP STAND UP PADDLE SIC TAO \u2013 SURF 10.6 TOUGH TEC"},"content":{"rendered":"<p>La TAO SURF (TT) s&rsquo;inspire des <strong> designs traditionnels du surf<\/strong>. Son shape dot\u00e9 d\u2019un nez large et d\u2019un arri\u00e8re arrondi vous aide \u00e0 bien partir dans les vagues et \u00e0 conserver facilement une trajectoire optimale dans la pente. Sa largeur g\u00e9n\u00e9reuse offre une <strong> grande stabilit\u00e9<\/strong>, un point particuli\u00e8rement appr\u00e9ciable pour passer confortablement la barre et rester debout en haut de la vague.<\/p>\n<p> This board is also designed for enjoyable rides thanks to its moderate rocker (longitudinal curve), which provides excellent glide on flat water and stable, predictable performance in choppier conditions. <strong> utilisation familiale<\/strong>.<\/p>\n<p> Les mod\u00e8les TAO peuvent adopter plusieurs configurations d\u2019ailerons soit en montage aileron unique \u00ab single fin \u00bb, soit en 2+1 (tri-fin) avec un aileron central et une paire de petits ailerons lat\u00e9raux. La TAO Surf (TT) est <strong>fabriqu\u00e9e en TOUGH-TEC (TT) qui lui conf\u00e8re une solidit\u00e9 maximale.<\/strong><\/p>","protected":false},"excerpt":{"rendered":"<p><strong>La TAO SURF (TT) 10&rsquo;6\u00a0\u00bb x 31.5\u00a0\u00bb est \u00e9quip\u00e9e de :<br \/><\/strong> &#8211; Construction TT : combinaison d\u2019une couche ext\u00e9rieure en poly\u00e9thyl\u00e8ne moul\u00e9 sur un noyau EPS, <br \/> &#8211; Montage Trifin 2+1, <br \/> &#8211; Pad textur\u00e9 en EVA anti-d\u00e9rapant et confortable,<br \/> &#8211; Poign\u00e9e centrale ergonomique, <br \/> &#8211; Filet \u00e9lastique 4 points \u00e0 l\u2019avant,<br \/> &#8211; Plug de leash.<\/p>\n<p><strong>Poids utilisateur id\u00e9al :<\/strong> 200 lbs\/90 kg<\/p>","protected":false},"featured_media":5165,"template":"","meta":{"_acf_changed":false,"_uag_custom_page_level_css":""},"product_brand":[467],"product_cat":[158],"product_tag":[],"class_list":{"0":"post-5150","1":"product","2":"type-product","3":"status-publish","4":"has-post-thumbnail","6":"product_brand-sic","7":"product_cat-sup-rigide","9":"first","10":"onbackorder","11":"taxable","12":"shipping-taxable","13":"purchasable","14":"product-type-simple"},"acf":[],"aioseo_notices":[],"uagb_featured_image_src":{"full":["https:\/\/www.nenuphar.com\/wp-content\/uploads\/2026\/01\/4957-scaled.jpg",1816,2560,false],"thumbnail":["https:\/\/www.nenuphar.com\/wp-content\/uploads\/2026\/01\/4957-150x150.jpg",150,150,true],"medium":["https:\/\/www.nenuphar.com\/wp-content\/uploads\/2026\/01\/4957-213x300.jpg",213,300,true],"medium_large":["https:\/\/www.nenuphar.com\/wp-content\/uploads\/2026\/01\/4957-768x1082.jpg",768,1082,true],"large":["https:\/\/www.nenuphar.com\/wp-content\/uploads\/2026\/01\/4957-727x1024.jpg",727,1024,true],"1536x1536":["https:\/\/www.nenuphar.com\/wp-content\/uploads\/2026\/01\/4957-1090x1536.jpg",1090,1536,true],"2048x2048":["https:\/\/www.nenuphar.com\/wp-content\/uploads\/2026\/01\/4957-1453x2048.jpg",1453,2048,true],"trp-custom-language-flag":["https:\/\/www.nenuphar.com\/wp-content\/uploads\/2026\/01\/4957-scaled.jpg",9,12,false],"woocommerce_thumbnail":["https:\/\/www.nenuphar.com\/wp-content\/uploads\/2026\/01\/4957-300x300.jpg",300,300,true],"woocommerce_single":["https:\/\/www.nenuphar.com\/wp-content\/uploads\/2026\/01\/4957-600x846.jpg",600,846,true],"woocommerce_gallery_thumbnail":["https:\/\/www.nenuphar.com\/wp-content\/uploads\/2026\/01\/4957-100x100.jpg",100,100,true]},"uagb_author_info":{"display_name":"Karine","author_link":"https:\/\/www.nenuphar.com\/en\/author\/"},"uagb_comment_info":0,"uagb_excerpt":"La TAO SURF (TT) 10'6'' x 31.5'' est \u00e9quip\u00e9e de : - Construction TT : combinaison d\u2019une couche ext\u00e9rieure en poly\u00e9thyl\u00e8ne moul\u00e9 sur un noyau EPS, - Montage Trifin 2+1, - Pad textur\u00e9 en EVA anti-d\u00e9rapant et confortable, - Poign\u00e9e centrale ergonomique, - Filet \u00e9lastique 4 points \u00e0 l\u2019avant, - Plug de leash.Poids utilisateur id\u00e9al&hellip;","_links":{"self":[{"href":"https:\/\/www.nenuphar.com\/en\/wp-json\/wp\/v2\/product\/5150","targetHints":{"allow":["GET"]}}],"collection":[{"href":"https:\/\/www.nenuphar.com\/en\/wp-json\/wp\/v2\/product"}],"about":[{"href":"https:\/\/www.nenuphar.com\/en\/wp-json\/wp\/v2\/types\/product"}],"wp:featuredmedia":[{"embeddable":true,"href":"https:\/\/www.nenuphar.com\/en\/wp-json\/wp\/v2\/media\/5165"}],"wp:attachment":[{"href":"https:\/\/www.nenuphar.com\/en\/wp-json\/wp\/v2\/media?parent=5150"}],"wp:term":[{"taxonomy":"product_brand","embeddable":true,"href":"https:\/\/www.nenuphar.com\/en\/wp-json\/wp\/v2\/product_brand?post=5150"},{"taxonomy":"product_cat","embeddable":true,"href":"https:\/\/www.nenuphar.com\/en\/wp-json\/wp\/v2\/product_cat?post=5150"},{"taxonomy":"product_tag","embeddable":true,"href":"https:\/\/www.nenuphar.com\/en\/wp-json\/wp\/v2\/product_tag?post=5150"}],"curies":[{"name":"wp","href":"https:\/\/api.w.org\/{rel}","templated":true}]}}