{"id":5178,"date":"2026-01-06T18:54:56","date_gmt":"2026-01-06T18:54:56","guid":{"rendered":"https:\/\/nen.kmkoncept.fr\/?post_type=product&#038;p=5178"},"modified":"2026-04-28T12:49:20","modified_gmt":"2026-04-28T12:49:20","slug":"cable-inox-monotor-1x19-gaine-le-m","status":"publish","type":"product","link":"https:\/\/www.nenuphar.com\/en\/shop\/collectivites-entretien\/cables-cosses-manchons\/cables-inox\/cable-inox-monotor-1x19-gaine-le-m\/","title":{"rendered":"STAINLESS STEEL WIRE ROPE 1X19 WITH SHEATH BY THE METER"},"content":{"rendered":"<p>Gain\u00e9 PVC blanc<\/p>\n<p>Cable inox monotoron 1 x 19 gain\u00e9 blanc au ml. Choisissez votre diam\u00e8tre:<\/p>","protected":false},"excerpt":{"rendered":"<p>White PVC sheath SS wire rope 1 x 19 with sheath by the meter. Choose your diameter :<\/p>","protected":false},"featured_media":5187,"template":"","meta":{"_acf_changed":false,"_uag_custom_page_level_css":""},"product_brand":[430],"product_cat":[48,164,22],"product_tag":[],"class_list":{"0":"post-5178","1":"product","2":"type-product","3":"status-publish","4":"has-post-thumbnail","6":"product_brand-nenuphar","7":"product_cat-cables-cosses-manchons","8":"product_cat-cables-inox","9":"product_cat-collectivites-entretien","11":"first","12":"instock","13":"taxable","14":"shipping-taxable","15":"purchasable","16":"product-type-simple"},"acf":[],"aioseo_notices":[],"uagb_featured_image_src":{"full":["https:\/\/www.nenuphar.com\/wp-content\/uploads\/2026\/01\/4651.jpg",458,458,false],"thumbnail":["https:\/\/www.nenuphar.com\/wp-content\/uploads\/2026\/01\/4651-150x150.jpg",150,150,true],"medium":["https:\/\/www.nenuphar.com\/wp-content\/uploads\/2026\/01\/4651-300x300.jpg",300,300,true],"medium_large":["https:\/\/www.nenuphar.com\/wp-content\/uploads\/2026\/01\/4651.jpg",458,458,false],"large":["https:\/\/www.nenuphar.com\/wp-content\/uploads\/2026\/01\/4651.jpg",458,458,false],"1536x1536":["https:\/\/www.nenuphar.com\/wp-content\/uploads\/2026\/01\/4651.jpg",458,458,false],"2048x2048":["https:\/\/www.nenuphar.com\/wp-content\/uploads\/2026\/01\/4651.jpg",458,458,false],"trp-custom-language-flag":["https:\/\/www.nenuphar.com\/wp-content\/uploads\/2026\/01\/4651.jpg",12,12,false],"woocommerce_thumbnail":["https:\/\/www.nenuphar.com\/wp-content\/uploads\/2026\/01\/4651-300x300.jpg",300,300,true],"woocommerce_single":["https:\/\/www.nenuphar.com\/wp-content\/uploads\/2026\/01\/4651.jpg",458,458,false],"woocommerce_gallery_thumbnail":["https:\/\/www.nenuphar.com\/wp-content\/uploads\/2026\/01\/4651-100x100.jpg",100,100,true]},"uagb_author_info":{"display_name":"Karine","author_link":"https:\/\/www.nenuphar.com\/en\/author\/"},"uagb_comment_info":0,"uagb_excerpt":"Gain\u00e9 PVC blanc Cable inox monotoron 1 x 19 gain\u00e9 blanc au ml. Choisissez votre diam\u00e8tre:","_links":{"self":[{"href":"https:\/\/www.nenuphar.com\/en\/wp-json\/wp\/v2\/product\/5178","targetHints":{"allow":["GET"]}}],"collection":[{"href":"https:\/\/www.nenuphar.com\/en\/wp-json\/wp\/v2\/product"}],"about":[{"href":"https:\/\/www.nenuphar.com\/en\/wp-json\/wp\/v2\/types\/product"}],"wp:featuredmedia":[{"embeddable":true,"href":"https:\/\/www.nenuphar.com\/en\/wp-json\/wp\/v2\/media\/5187"}],"wp:attachment":[{"href":"https:\/\/www.nenuphar.com\/en\/wp-json\/wp\/v2\/media?parent=5178"}],"wp:term":[{"taxonomy":"product_brand","embeddable":true,"href":"https:\/\/www.nenuphar.com\/en\/wp-json\/wp\/v2\/product_brand?post=5178"},{"taxonomy":"product_cat","embeddable":true,"href":"https:\/\/www.nenuphar.com\/en\/wp-json\/wp\/v2\/product_cat?post=5178"},{"taxonomy":"product_tag","embeddable":true,"href":"https:\/\/www.nenuphar.com\/en\/wp-json\/wp\/v2\/product_tag?post=5178"}],"curies":[{"name":"wp","href":"https:\/\/api.w.org\/{rel}","templated":true}]}}