{"id":519,"date":"2026-01-04T13:52:48","date_gmt":"2026-01-04T13:52:48","guid":{"rendered":"https:\/\/nen.kmkoncept.fr\/?post_type=product&#038;p=519"},"modified":"2026-04-28T07:30:24","modified_gmt":"2026-04-28T07:30:24","slug":"gd-voile-ludic-blanche-2-ris-pas-de-flotta-de-tete-de-mat","status":"publish","type":"product","link":"https:\/\/www.nenuphar.com\/en\/shop\/navigation\/voiles\/catamarans\/gd-voile-ludic-blanche-2-ris-pas-de-flotta-de-tete-de-mat\/","title":{"rendered":"GD VOILE LUDIC BLANCHE 2 RIS &#8211; PAS DE FLOTTA DE TETE DE MAT"},"content":{"rendered":"<p>Grand Voile compatible pour D\u00e9riveur Ludic<\/p>\n<p>R\u00e9alis\u00e9e en Dacron 210 grammes blanc<\/p>\n<p>Black reinforcements and trims.<\/p>\n<p>4 goussets de latte forc\u00e9e (lattes non fournies)<\/p>\n<p>Con\u00e7ue et fabriqu\u00e9e dans notre atelier \u00e0 Nemours<\/p><\/p>","protected":false},"excerpt":{"rendered":"<p>Mainsail for \"Ludic\". White 210 g\/m\u00b2 dacron Reinforcements, and batten pockets are black. Delivered without batten and bag. If you wish them, you have to order in addition.<\/p>","protected":false},"featured_media":0,"template":"","meta":{"_acf_changed":false,"_uag_custom_page_level_css":""},"product_brand":[430],"product_cat":[63,205],"product_tag":[495],"class_list":{"0":"post-519","1":"product","2":"type-product","3":"status-publish","5":"product_brand-nenuphar","6":"product_cat-catamarans","7":"product_cat-ludic","8":"product_tag-ludic","10":"first","11":"onbackorder","12":"taxable","13":"shipping-taxable","14":"purchasable","15":"product-type-simple"},"acf":[],"aioseo_notices":[],"uagb_featured_image_src":{"full":false,"thumbnail":false,"medium":false,"medium_large":false,"large":false,"1536x1536":false,"2048x2048":false,"trp-custom-language-flag":false,"woocommerce_thumbnail":false,"woocommerce_single":false,"woocommerce_gallery_thumbnail":false},"uagb_author_info":{"display_name":"Karine","author_link":"https:\/\/www.nenuphar.com\/en\/author\/"},"uagb_comment_info":0,"uagb_excerpt":"Grand Voile compatible pour D\u00e9riveur Ludic R\u00e9alis\u00e9e en Dacron 210 grammes blanc Renforts et galons noirs 4 goussets de latte forc\u00e9e (lattes non fournies) Con\u00e7ue et fabriqu\u00e9e dans notre atelier \u00e0 Nemours","_links":{"self":[{"href":"https:\/\/www.nenuphar.com\/en\/wp-json\/wp\/v2\/product\/519","targetHints":{"allow":["GET"]}}],"collection":[{"href":"https:\/\/www.nenuphar.com\/en\/wp-json\/wp\/v2\/product"}],"about":[{"href":"https:\/\/www.nenuphar.com\/en\/wp-json\/wp\/v2\/types\/product"}],"wp:attachment":[{"href":"https:\/\/www.nenuphar.com\/en\/wp-json\/wp\/v2\/media?parent=519"}],"wp:term":[{"taxonomy":"product_brand","embeddable":true,"href":"https:\/\/www.nenuphar.com\/en\/wp-json\/wp\/v2\/product_brand?post=519"},{"taxonomy":"product_cat","embeddable":true,"href":"https:\/\/www.nenuphar.com\/en\/wp-json\/wp\/v2\/product_cat?post=519"},{"taxonomy":"product_tag","embeddable":true,"href":"https:\/\/www.nenuphar.com\/en\/wp-json\/wp\/v2\/product_tag?post=519"}],"curies":[{"name":"wp","href":"https:\/\/api.w.org\/{rel}","templated":true}]}}