{"id":520,"date":"2026-01-04T13:52:49","date_gmt":"2026-01-04T13:52:49","guid":{"rendered":"https:\/\/nen.kmkoncept.fr\/?post_type=product&#038;p=520"},"modified":"2026-04-28T07:30:29","modified_gmt":"2026-04-28T07:30:29","slug":"gd-voile-phileas-4-35","status":"publish","type":"product","link":"https:\/\/www.nenuphar.com\/en\/shop\/navigation\/voiles\/catamarans\/gd-voile-phileas-4-35\/","title":{"rendered":"PHILEAS MAINSAIL"},"content":{"rendered":"<p>Grand voile Phil\u00e9as 4.35 cross cut blanche.<\/p>\n<p>Renforts, galons et goussets noirs.<\/p>\n<p>Possibilit\u00e9 de demander la voile full blanche (y compris renforts).<\/p>\n<p>Sail delivered without bag or battens.<\/p>\n<p>Voile fabriqu\u00e9e \u00e0 la commande.<\/p><\/p>","protected":false},"excerpt":{"rendered":"<p>Grand voile Phil\u00e9as 4.35 cross cut blanche. Renforts, galons et goussets noirs. Possibilit\u00e9 de demander la voile full blanche (y compris renforts). Voile livr\u00e9e sans sac ni latte. Voile fabriqu\u00e9e \u00e0 la commande.<\/p>","protected":false},"featured_media":0,"template":"","meta":{"_acf_changed":false,"_uag_custom_page_level_css":""},"product_brand":[430],"product_cat":[63],"product_tag":[],"class_list":{"0":"post-520","1":"product","2":"type-product","3":"status-publish","5":"product_brand-nenuphar","6":"product_cat-catamarans","8":"first","9":"onbackorder","10":"taxable","11":"shipping-taxable","12":"purchasable","13":"product-type-simple"},"acf":[],"aioseo_notices":[],"uagb_featured_image_src":{"full":false,"thumbnail":false,"medium":false,"medium_large":false,"large":false,"1536x1536":false,"2048x2048":false,"trp-custom-language-flag":false,"woocommerce_thumbnail":false,"woocommerce_single":false,"woocommerce_gallery_thumbnail":false},"uagb_author_info":{"display_name":"Karine","author_link":"https:\/\/www.nenuphar.com\/en\/author\/"},"uagb_comment_info":0,"uagb_excerpt":"Grand voile Phil\u00e9as 4.35 cross cut blanche. Renforts, galons et goussets noirs. Possibilit\u00e9 de demander la voile full blanche (y compris renforts). Voile livr\u00e9e sans sac ni latte. Voile fabriqu\u00e9e \u00e0 la commande.","_links":{"self":[{"href":"https:\/\/www.nenuphar.com\/en\/wp-json\/wp\/v2\/product\/520","targetHints":{"allow":["GET"]}}],"collection":[{"href":"https:\/\/www.nenuphar.com\/en\/wp-json\/wp\/v2\/product"}],"about":[{"href":"https:\/\/www.nenuphar.com\/en\/wp-json\/wp\/v2\/types\/product"}],"wp:attachment":[{"href":"https:\/\/www.nenuphar.com\/en\/wp-json\/wp\/v2\/media?parent=520"}],"wp:term":[{"taxonomy":"product_brand","embeddable":true,"href":"https:\/\/www.nenuphar.com\/en\/wp-json\/wp\/v2\/product_brand?post=520"},{"taxonomy":"product_cat","embeddable":true,"href":"https:\/\/www.nenuphar.com\/en\/wp-json\/wp\/v2\/product_cat?post=520"},{"taxonomy":"product_tag","embeddable":true,"href":"https:\/\/www.nenuphar.com\/en\/wp-json\/wp\/v2\/product_tag?post=520"}],"curies":[{"name":"wp","href":"https:\/\/api.w.org\/{rel}","templated":true}]}}