{"id":521,"date":"2026-01-04T13:52:49","date_gmt":"2026-01-04T13:52:49","guid":{"rendered":"https:\/\/nen.kmkoncept.fr\/?post_type=product&#038;p=521"},"modified":"2026-04-28T07:30:29","modified_gmt":"2026-04-28T07:30:29","slug":"pose-pour-un-numero-de-voile","status":"publish","type":"product","link":"https:\/\/www.nenuphar.com\/en\/shop\/navigation\/voiles\/catamarans\/pose-pour-un-numero-de-voile\/","title":{"rendered":"POSE POUR UN NUMERO DE VOILE"},"content":{"rendered":"<p>Si vous souhaitez que nous posions pour vous les lettreset num\u00e9ros de voile, il faut, apr\u00e8s avoir choisi et\u00a0<span style=\"line-height:24px;\">command\u00e9 vos lettres et n\u00b0 , commander autant de poses que de lettres et num\u00e9ros.<\/span><\/p>\n<p><span style=\"line-height:24px;\">Exemple: FRA 1212 des 2 c\u00f4t\u00e9s de la GV, il faut commander 14 x l&rsquo;article POS, en plus des lettres et chiffres.<br \/><\/span><\/p>\n<p>\u00a0<\/p>","protected":false},"excerpt":{"rendered":"<p>Si vous souhaitez que nous posions pour vous les lettreset num\u00e9ros de voile, il faut, apr\u00e8s avoir choisi et\u00a0command\u00e9 vos lettres et n\u00b0 , commander autant de poses que de lettres et num\u00e9ros. Exemple: FRA 1212 des 2 c\u00f4t\u00e9s de la GV, il faut commander 14 x l&rsquo;article POS, en plus des lettres et chiffres. [&hellip;]<\/p>\n","protected":false},"featured_media":7246,"template":"","meta":{"_acf_changed":false,"_uag_custom_page_level_css":""},"product_brand":[430],"product_cat":[63],"product_tag":[],"class_list":{"0":"post-521","1":"product","2":"type-product","3":"status-publish","4":"has-post-thumbnail","6":"product_brand-nenuphar","7":"product_cat-catamarans","9":"first","10":"onbackorder","11":"taxable","12":"shipping-taxable","13":"purchasable","14":"product-type-simple"},"acf":[],"aioseo_notices":[],"uagb_featured_image_src":{"full":["https:\/\/www.nenuphar.com\/wp-content\/uploads\/2026\/02\/2187-scaled.jpg",2560,1920,false],"thumbnail":["https:\/\/www.nenuphar.com\/wp-content\/uploads\/2026\/02\/2187-150x150.jpg",150,150,true],"medium":["https:\/\/www.nenuphar.com\/wp-content\/uploads\/2026\/02\/2187-300x225.jpg",300,225,true],"medium_large":["https:\/\/www.nenuphar.com\/wp-content\/uploads\/2026\/02\/2187-768x576.jpg",768,576,true],"large":["https:\/\/www.nenuphar.com\/wp-content\/uploads\/2026\/02\/2187-1024x768.jpg",1024,768,true],"1536x1536":["https:\/\/www.nenuphar.com\/wp-content\/uploads\/2026\/02\/2187-1536x1152.jpg",1536,1152,true],"2048x2048":["https:\/\/www.nenuphar.com\/wp-content\/uploads\/2026\/02\/2187-2048x1536.jpg",2048,1536,true],"trp-custom-language-flag":["https:\/\/www.nenuphar.com\/wp-content\/uploads\/2026\/02\/2187-16x12.jpg",16,12,true],"woocommerce_thumbnail":["https:\/\/www.nenuphar.com\/wp-content\/uploads\/2026\/02\/2187-300x300.jpg",300,300,true],"woocommerce_single":["https:\/\/www.nenuphar.com\/wp-content\/uploads\/2026\/02\/2187-600x450.jpg",600,450,true],"woocommerce_gallery_thumbnail":["https:\/\/www.nenuphar.com\/wp-content\/uploads\/2026\/02\/2187-100x100.jpg",100,100,true]},"uagb_author_info":{"display_name":"Karine","author_link":"https:\/\/www.nenuphar.com\/en\/author\/"},"uagb_comment_info":0,"uagb_excerpt":"Si vous souhaitez que nous posions pour vous les lettreset num\u00e9ros de voile, il faut, apr\u00e8s avoir choisi et\u00a0command\u00e9 vos lettres et n\u00b0 , commander autant de poses que de lettres et num\u00e9ros. Exemple: FRA 1212 des 2 c\u00f4t\u00e9s de la GV, il faut commander 14 x l&rsquo;article POS, en plus des lettres et chiffres.&hellip;","_links":{"self":[{"href":"https:\/\/www.nenuphar.com\/en\/wp-json\/wp\/v2\/product\/521","targetHints":{"allow":["GET"]}}],"collection":[{"href":"https:\/\/www.nenuphar.com\/en\/wp-json\/wp\/v2\/product"}],"about":[{"href":"https:\/\/www.nenuphar.com\/en\/wp-json\/wp\/v2\/types\/product"}],"wp:featuredmedia":[{"embeddable":true,"href":"https:\/\/www.nenuphar.com\/en\/wp-json\/wp\/v2\/media\/7246"}],"wp:attachment":[{"href":"https:\/\/www.nenuphar.com\/en\/wp-json\/wp\/v2\/media?parent=521"}],"wp:term":[{"taxonomy":"product_brand","embeddable":true,"href":"https:\/\/www.nenuphar.com\/en\/wp-json\/wp\/v2\/product_brand?post=521"},{"taxonomy":"product_cat","embeddable":true,"href":"https:\/\/www.nenuphar.com\/en\/wp-json\/wp\/v2\/product_cat?post=521"},{"taxonomy":"product_tag","embeddable":true,"href":"https:\/\/www.nenuphar.com\/en\/wp-json\/wp\/v2\/product_tag?post=521"}],"curies":[{"name":"wp","href":"https:\/\/api.w.org\/{rel}","templated":true}]}}