{"id":5245,"date":"2026-01-13T10:28:26","date_gmt":"2026-01-13T10:28:26","guid":{"rendered":"https:\/\/nen.kmkoncept.fr\/?post_type=product&#038;p=5245"},"modified":"2026-04-28T07:28:34","modified_gmt":"2026-04-28T07:28:34","slug":"portant-alu-3-niveaux-porte-60-gilets-roulettes","status":"publish","type":"product","link":"https:\/\/www.nenuphar.com\/en\/shop\/collectivites-entretien\/racks-et-rangements\/portant-alu-3-niveaux-porte-60-gilets-roulettes\/","title":{"rendered":"3-TIER ALUMINUM RACK \u2013 HOLDS 60 LIFEJACKETS, WHEELS + 4 CASTORS"},"content":{"rendered":"<p>The ideal partner for all sailing schools and clubs!<\/p>\n<p>Available in 60- and 100-lifejacket versions.<\/p>\n<p>Made entirely of aluminum, making it very light and sturdy, with castors for easy mobility.<\/p>\n<p>Possibilit\u00e9 de choisir la solution 2 roues et 2 roulettes<\/p>\n<\/p>\n<p>(en photos d&rsquo;illustrations mod\u00e8le 102 gilets)<\/p>","protected":false},"excerpt":{"rendered":"<p>Le partenaire id\u00e9al de toutes les \u00e9coles et club de voile ! Existe en version 60 et 100 gilets. Enti\u00e8rement en aluminium donc tr\u00e8s l\u00e9ger et robuste, ses roulettes permettent de le d\u00e9placer facilement. Possibilit\u00e9 de choisir la solution 2 roues et 2 roulettes (en photos d&rsquo;illustrations mod\u00e8le 102 gilets)<\/p>","protected":false},"featured_media":5256,"template":"","meta":{"_acf_changed":false,"_uag_custom_page_level_css":""},"product_brand":[430],"product_cat":[15,172],"product_tag":[],"class_list":{"0":"post-5245","1":"product","2":"type-product","3":"status-publish","4":"has-post-thumbnail","6":"product_brand-nenuphar","7":"product_cat-non-classe","8":"product_cat-racks-et-rangements","10":"first","11":"onbackorder","12":"taxable","13":"shipping-taxable","14":"purchasable","15":"product-type-simple"},"acf":[],"aioseo_notices":[],"uagb_featured_image_src":{"full":["https:\/\/www.nenuphar.com\/wp-content\/uploads\/2026\/01\/5905.jpg",1440,1800,false],"thumbnail":["https:\/\/www.nenuphar.com\/wp-content\/uploads\/2026\/01\/5905-150x150.jpg",150,150,true],"medium":["https:\/\/www.nenuphar.com\/wp-content\/uploads\/2026\/01\/5905-240x300.jpg",240,300,true],"medium_large":["https:\/\/www.nenuphar.com\/wp-content\/uploads\/2026\/01\/5905-768x960.jpg",768,960,true],"large":["https:\/\/www.nenuphar.com\/wp-content\/uploads\/2026\/01\/5905-819x1024.jpg",819,1024,true],"1536x1536":["https:\/\/www.nenuphar.com\/wp-content\/uploads\/2026\/01\/5905-1229x1536.jpg",1229,1536,true],"2048x2048":["https:\/\/www.nenuphar.com\/wp-content\/uploads\/2026\/01\/5905.jpg",1440,1800,false],"trp-custom-language-flag":["https:\/\/www.nenuphar.com\/wp-content\/uploads\/2026\/01\/5905.jpg",10,12,false],"woocommerce_thumbnail":["https:\/\/www.nenuphar.com\/wp-content\/uploads\/2026\/01\/5905-300x300.jpg",300,300,true],"woocommerce_single":["https:\/\/www.nenuphar.com\/wp-content\/uploads\/2026\/01\/5905-600x750.jpg",600,750,true],"woocommerce_gallery_thumbnail":["https:\/\/www.nenuphar.com\/wp-content\/uploads\/2026\/01\/5905-100x100.jpg",100,100,true]},"uagb_author_info":{"display_name":"Karine","author_link":"https:\/\/www.nenuphar.com\/en\/author\/"},"uagb_comment_info":0,"uagb_excerpt":"Le partenaire id\u00e9al de toutes les \u00e9coles et club de voile ! Existe en version 60 et 100 gilets. Enti\u00e8rement en aluminium donc tr\u00e8s l\u00e9ger et robuste, ses roulettes permettent de le d\u00e9placer facilement. Possibilit\u00e9 de choisir la solution 2 roues et 2 roulettes (en photos d&rsquo;illustrations mod\u00e8le 102 gilets)","_links":{"self":[{"href":"https:\/\/www.nenuphar.com\/en\/wp-json\/wp\/v2\/product\/5245","targetHints":{"allow":["GET"]}}],"collection":[{"href":"https:\/\/www.nenuphar.com\/en\/wp-json\/wp\/v2\/product"}],"about":[{"href":"https:\/\/www.nenuphar.com\/en\/wp-json\/wp\/v2\/types\/product"}],"wp:featuredmedia":[{"embeddable":true,"href":"https:\/\/www.nenuphar.com\/en\/wp-json\/wp\/v2\/media\/5256"}],"wp:attachment":[{"href":"https:\/\/www.nenuphar.com\/en\/wp-json\/wp\/v2\/media?parent=5245"}],"wp:term":[{"taxonomy":"product_brand","embeddable":true,"href":"https:\/\/www.nenuphar.com\/en\/wp-json\/wp\/v2\/product_brand?post=5245"},{"taxonomy":"product_cat","embeddable":true,"href":"https:\/\/www.nenuphar.com\/en\/wp-json\/wp\/v2\/product_cat?post=5245"},{"taxonomy":"product_tag","embeddable":true,"href":"https:\/\/www.nenuphar.com\/en\/wp-json\/wp\/v2\/product_tag?post=5245"}],"curies":[{"name":"wp","href":"https:\/\/api.w.org\/{rel}","templated":true}]}}