{"id":5249,"date":"2026-01-13T10:28:27","date_gmt":"2026-01-13T10:28:27","guid":{"rendered":"https:\/\/nen.kmkoncept.fr\/?post_type=product&#038;p=5249"},"modified":"2026-04-28T07:28:45","modified_gmt":"2026-04-28T07:28:45","slug":"ratelier-porte-10-safrans-derives-laser-sur-roulettes","status":"publish","type":"product","link":"https:\/\/www.nenuphar.com\/en\/shop\/collectivites-entretien\/racks-et-rangements\/ratelier-porte-10-safrans-derives-laser-sur-roulettes\/","title":{"rendered":"Rack for 10 rudders \u2013 Laser daggerboards on wheels."},"content":{"rendered":"<p>Ideal for sailing clubs:<\/p>\n<p>Wheeled support allowing storage of:<\/p>\n<p>\u2013 10 Laser rudders,<\/p>\n<p>\u2013 10 Laser daggerboards.<\/p>\n<p>Support supplied without rudders or daggerboards \ud83d\ude09<\/p>\n<\/p><\/p>","protected":false},"excerpt":{"rendered":"<p>Id\u00e9al pour les clubs: Support \u00e0 roulettes permettant le stockage de: &#8211; 10 safrans de Laser, &#8211; 10 d\u00e9rives de Laser Support livr\u00e9 sans safran ni d\u00e9rive \ud83d\ude09<\/p>","protected":false},"featured_media":5265,"template":"","meta":{"_acf_changed":false,"_uag_custom_page_level_css":""},"product_brand":[430],"product_cat":[15,172],"product_tag":[],"class_list":{"0":"post-5249","1":"product","2":"type-product","3":"status-publish","4":"has-post-thumbnail","6":"product_brand-nenuphar","7":"product_cat-non-classe","8":"product_cat-racks-et-rangements","9":"product_shipping_class-schenker","11":"first","12":"onbackorder","13":"taxable","14":"shipping-taxable","15":"purchasable","16":"product-type-simple"},"acf":[],"aioseo_notices":[],"uagb_featured_image_src":{"full":["https:\/\/www.nenuphar.com\/wp-content\/uploads\/2026\/01\/4902-scaled.jpg",2560,1707,false],"thumbnail":["https:\/\/www.nenuphar.com\/wp-content\/uploads\/2026\/01\/4902-150x150.jpg",150,150,true],"medium":["https:\/\/www.nenuphar.com\/wp-content\/uploads\/2026\/01\/4902-300x200.jpg",300,200,true],"medium_large":["https:\/\/www.nenuphar.com\/wp-content\/uploads\/2026\/01\/4902-768x512.jpg",768,512,true],"large":["https:\/\/www.nenuphar.com\/wp-content\/uploads\/2026\/01\/4902-1024x683.jpg",1024,683,true],"1536x1536":["https:\/\/www.nenuphar.com\/wp-content\/uploads\/2026\/01\/4902-1536x1024.jpg",1536,1024,true],"2048x2048":["https:\/\/www.nenuphar.com\/wp-content\/uploads\/2026\/01\/4902-2048x1365.jpg",2048,1365,true],"trp-custom-language-flag":["https:\/\/www.nenuphar.com\/wp-content\/uploads\/2026\/01\/4902-scaled.jpg",18,12,false],"woocommerce_thumbnail":["https:\/\/www.nenuphar.com\/wp-content\/uploads\/2026\/01\/4902-300x300.jpg",300,300,true],"woocommerce_single":["https:\/\/www.nenuphar.com\/wp-content\/uploads\/2026\/01\/4902-600x400.jpg",600,400,true],"woocommerce_gallery_thumbnail":["https:\/\/www.nenuphar.com\/wp-content\/uploads\/2026\/01\/4902-100x100.jpg",100,100,true]},"uagb_author_info":{"display_name":"Karine","author_link":"https:\/\/www.nenuphar.com\/en\/author\/"},"uagb_comment_info":0,"uagb_excerpt":"Id\u00e9al pour les clubs: Support \u00e0 roulettes permettant le stockage de: &#8211; 10 safrans de Laser, &#8211; 10 d\u00e9rives de Laser Support livr\u00e9 sans safran ni d\u00e9rive \ud83d\ude09","_links":{"self":[{"href":"https:\/\/www.nenuphar.com\/en\/wp-json\/wp\/v2\/product\/5249","targetHints":{"allow":["GET"]}}],"collection":[{"href":"https:\/\/www.nenuphar.com\/en\/wp-json\/wp\/v2\/product"}],"about":[{"href":"https:\/\/www.nenuphar.com\/en\/wp-json\/wp\/v2\/types\/product"}],"wp:featuredmedia":[{"embeddable":true,"href":"https:\/\/www.nenuphar.com\/en\/wp-json\/wp\/v2\/media\/5265"}],"wp:attachment":[{"href":"https:\/\/www.nenuphar.com\/en\/wp-json\/wp\/v2\/media?parent=5249"}],"wp:term":[{"taxonomy":"product_brand","embeddable":true,"href":"https:\/\/www.nenuphar.com\/en\/wp-json\/wp\/v2\/product_brand?post=5249"},{"taxonomy":"product_cat","embeddable":true,"href":"https:\/\/www.nenuphar.com\/en\/wp-json\/wp\/v2\/product_cat?post=5249"},{"taxonomy":"product_tag","embeddable":true,"href":"https:\/\/www.nenuphar.com\/en\/wp-json\/wp\/v2\/product_tag?post=5249"}],"curies":[{"name":"wp","href":"https:\/\/api.w.org\/{rel}","templated":true}]}}