{"id":5285,"date":"2026-01-13T10:42:19","date_gmt":"2026-01-13T10:42:19","guid":{"rendered":"https:\/\/nen.kmkoncept.fr\/?post_type=product&#038;p=5285"},"modified":"2026-04-28T07:27:18","modified_gmt":"2026-04-28T07:27:18","slug":"couteau-de-sauvetage-lame-fixe-demanilleur-etui-fluo","status":"publish","type":"product","link":"https:\/\/www.nenuphar.com\/en\/shop\/non-classe\/couteau-de-sauvetage-lame-fixe-demanilleur-etui-fluo\/","title":{"rendered":"COUTEAU DE SAUVETAGE LAME FIXE &#8211; DEMANILLEUR + ETUI FLUO"},"content":{"rendered":"<h5> Couteaux d\u00e9velopp\u00e9s sp\u00e9cifiquement pour les <strong>op\u00e9rations de sauvetage et les sports extr\u00eames<\/strong> (voile l\u00e9g\u00e8re, course au large, sports en eaux vives, etc.).<\/p>\n<p><span style=\"font-size:16px;\">Advantages<\/span><br \/> Le choix des mat\u00e9riaux (inox N680) apporte une <strong>excellente r\u00e9sistance \u00e0 la corrosion<\/strong>, un <strong>pouvoir de coupe remarquable<\/strong> et une <strong>grande solidit\u00e9<\/strong>.<br \/> Son <strong>\u00e9tui s\u00e9curis\u00e9<\/strong> assure le maintien en place du couteau en toutes circonstances.<br \/> L&rsquo;\u00e9tui offre <strong>diff\u00e9rentes possibilit\u00e9s d&rsquo;attache<\/strong> : sur le pratiquant (gilet de sauvetage, bras, jambe) sur diff\u00e9rents supports (cockpit, colonne de barre, pied de m\u00e2t, trampoline, martingale, etc.).\u00a0<br \/> Photoluminescent (visible de nuit)<br \/> Lame enti\u00e8rement crant\u00e9e<br \/> Pointe ronde pour \u00e9viter les blessures<br \/> D\u00e9manilleur<br \/> Grip sur le manche pour une meilleure pr\u00e9hension<\/p>\n<p><span style=\"font-size:16px;\">CARACTERISTIQUES TECHNIQUES<\/span><br \/> Mat\u00e9riau lame : Inox N680 (59HRC)<br \/> Longueur lame : 72 mm<br \/> Epaisseur lame : 3 mm\u00a0<br \/> Mat\u00e9riau manche : Polyurethane (PU) avec grip<br \/> Longueur totale : 190 mm avec \u00e9tui\/ 179mm sans \u00e9tui<br \/> Poids : 119gr avec \u00e9tui\/ 89gr sans \u00e9tui<\/h5>","protected":false},"excerpt":{"rendered":"<p>Couteaux d\u00e9velopp\u00e9s sp\u00e9cifiquement pour les op\u00e9rations de sauvetage et les sports extr\u00eames (voile l\u00e9g\u00e8re, course au large, sports en eaux vives, etc.). AVANTAGES Le choix des mat\u00e9riaux (inox N680) apporte une excellente r\u00e9sistance \u00e0 la corrosion, un pouvoir de coupe remarquable et une grande solidit\u00e9. Son \u00e9tui s\u00e9curis\u00e9 assure le maintien en place du couteau [&hellip;]<\/p>\n","protected":false},"featured_media":5310,"template":"","meta":{"_acf_changed":false,"_uag_custom_page_level_css":""},"product_brand":[474],"product_cat":[15],"product_tag":[],"class_list":{"0":"post-5285","1":"product","2":"type-product","3":"status-publish","4":"has-post-thumbnail","6":"product_brand-wichard","7":"product_cat-non-classe","9":"first","10":"instock","11":"taxable","12":"shipping-taxable","13":"purchasable","14":"product-type-simple"},"acf":[],"aioseo_notices":[],"uagb_featured_image_src":{"full":["https:\/\/www.nenuphar.com\/wp-content\/uploads\/2026\/01\/4906.jpg",390,390,false],"thumbnail":["https:\/\/www.nenuphar.com\/wp-content\/uploads\/2026\/01\/4906-150x150.jpg",150,150,true],"medium":["https:\/\/www.nenuphar.com\/wp-content\/uploads\/2026\/01\/4906-300x300.jpg",300,300,true],"medium_large":["https:\/\/www.nenuphar.com\/wp-content\/uploads\/2026\/01\/4906.jpg",390,390,false],"large":["https:\/\/www.nenuphar.com\/wp-content\/uploads\/2026\/01\/4906.jpg",390,390,false],"1536x1536":["https:\/\/www.nenuphar.com\/wp-content\/uploads\/2026\/01\/4906.jpg",390,390,false],"2048x2048":["https:\/\/www.nenuphar.com\/wp-content\/uploads\/2026\/01\/4906.jpg",390,390,false],"trp-custom-language-flag":["https:\/\/www.nenuphar.com\/wp-content\/uploads\/2026\/01\/4906.jpg",12,12,false],"woocommerce_thumbnail":["https:\/\/www.nenuphar.com\/wp-content\/uploads\/2026\/01\/4906-300x300.jpg",300,300,true],"woocommerce_single":["https:\/\/www.nenuphar.com\/wp-content\/uploads\/2026\/01\/4906.jpg",390,390,false],"woocommerce_gallery_thumbnail":["https:\/\/www.nenuphar.com\/wp-content\/uploads\/2026\/01\/4906-100x100.jpg",100,100,true]},"uagb_author_info":{"display_name":"Karine","author_link":"https:\/\/www.nenuphar.com\/en\/author\/"},"uagb_comment_info":0,"uagb_excerpt":"Couteaux d\u00e9velopp\u00e9s sp\u00e9cifiquement pour les op\u00e9rations de sauvetage et les sports extr\u00eames (voile l\u00e9g\u00e8re, course au large, sports en eaux vives, etc.). AVANTAGES Le choix des mat\u00e9riaux (inox N680) apporte une excellente r\u00e9sistance \u00e0 la corrosion, un pouvoir de coupe remarquable et une grande solidit\u00e9. Son \u00e9tui s\u00e9curis\u00e9 assure le maintien en place du couteau&hellip;","_links":{"self":[{"href":"https:\/\/www.nenuphar.com\/en\/wp-json\/wp\/v2\/product\/5285","targetHints":{"allow":["GET"]}}],"collection":[{"href":"https:\/\/www.nenuphar.com\/en\/wp-json\/wp\/v2\/product"}],"about":[{"href":"https:\/\/www.nenuphar.com\/en\/wp-json\/wp\/v2\/types\/product"}],"wp:featuredmedia":[{"embeddable":true,"href":"https:\/\/www.nenuphar.com\/en\/wp-json\/wp\/v2\/media\/5310"}],"wp:attachment":[{"href":"https:\/\/www.nenuphar.com\/en\/wp-json\/wp\/v2\/media?parent=5285"}],"wp:term":[{"taxonomy":"product_brand","embeddable":true,"href":"https:\/\/www.nenuphar.com\/en\/wp-json\/wp\/v2\/product_brand?post=5285"},{"taxonomy":"product_cat","embeddable":true,"href":"https:\/\/www.nenuphar.com\/en\/wp-json\/wp\/v2\/product_cat?post=5285"},{"taxonomy":"product_tag","embeddable":true,"href":"https:\/\/www.nenuphar.com\/en\/wp-json\/wp\/v2\/product_tag?post=5285"}],"curies":[{"name":"wp","href":"https:\/\/api.w.org\/{rel}","templated":true}]}}