{"id":5298,"date":"2026-01-13T10:42:20","date_gmt":"2026-01-13T10:42:20","guid":{"rendered":"https:\/\/nen.kmkoncept.fr\/?post_type=product&#038;p=5298"},"modified":"2026-04-28T07:29:31","modified_gmt":"2026-04-28T07:29:31","slug":"corne-de-brume-trump","status":"publish","type":"product","link":"https:\/\/www.nenuphar.com\/en\/shop\/non-classe\/corne-de-brume-trump\/","title":{"rendered":"TRUMP LARGE MODEL"},"content":{"rendered":"<p>Manual horn. Noisy and it floats!\u00a0<\/p>","protected":false},"excerpt":{"rendered":"<p><span>Operates by vibrating a thin plastic membrane, which can be replaced with any thin plastic film. Durable, unalterable, ecological, and economical. Cannot be lost as it floats. The Mini Trump is the most compact version. Both the Trump and Mini Trump comply with regulations.\nSpecifications:\n\nTrump Length: 195 mm\nDiameter: 70 mm\nWeight: 140 g\nColor: Yellow\nDelivered in a container with cord and 2 spare membranes.<\/span><\/p>","protected":false},"featured_media":5333,"template":"","meta":{"_acf_changed":false,"_uag_custom_page_level_css":""},"product_brand":[946],"product_cat":[15],"product_tag":[],"class_list":{"0":"post-5298","1":"product","2":"type-product","3":"status-publish","4":"has-post-thumbnail","6":"product_brand-sans-marque","7":"product_cat-non-classe","9":"first","10":"onbackorder","11":"taxable","12":"shipping-taxable","13":"purchasable","14":"product-type-simple"},"acf":[],"aioseo_notices":[],"uagb_featured_image_src":{"full":["https:\/\/www.nenuphar.com\/wp-content\/uploads\/2026\/01\/1821.jpg",400,391,false],"thumbnail":["https:\/\/www.nenuphar.com\/wp-content\/uploads\/2026\/01\/1821-150x150.jpg",150,150,true],"medium":["https:\/\/www.nenuphar.com\/wp-content\/uploads\/2026\/01\/1821-300x293.jpg",300,293,true],"medium_large":["https:\/\/www.nenuphar.com\/wp-content\/uploads\/2026\/01\/1821.jpg",400,391,false],"large":["https:\/\/www.nenuphar.com\/wp-content\/uploads\/2026\/01\/1821.jpg",400,391,false],"1536x1536":["https:\/\/www.nenuphar.com\/wp-content\/uploads\/2026\/01\/1821.jpg",400,391,false],"2048x2048":["https:\/\/www.nenuphar.com\/wp-content\/uploads\/2026\/01\/1821.jpg",400,391,false],"trp-custom-language-flag":["https:\/\/www.nenuphar.com\/wp-content\/uploads\/2026\/01\/1821.jpg",12,12,false],"woocommerce_thumbnail":["https:\/\/www.nenuphar.com\/wp-content\/uploads\/2026\/01\/1821-300x300.jpg",300,300,true],"woocommerce_single":["https:\/\/www.nenuphar.com\/wp-content\/uploads\/2026\/01\/1821.jpg",400,391,false],"woocommerce_gallery_thumbnail":["https:\/\/www.nenuphar.com\/wp-content\/uploads\/2026\/01\/1821-100x100.jpg",100,100,true]},"uagb_author_info":{"display_name":"Karine","author_link":"https:\/\/www.nenuphar.com\/en\/author\/"},"uagb_comment_info":0,"uagb_excerpt":"Fonctionne par vibration d'une fine membrane plastique, rempla\u00e7able par n'importe quel film plastique fin. Inusable, inalt\u00e9rable, \u00e9cologique et \u00e9conomique. Imperdable car il flotte. La mini Trump est la version la plus compacte. le trump et le mini trump sont r\u00e9glementaire. Caract\u00e9ristiques: Trump Longueur: 195 mm Diam\u00e8tre: 70 mm Poids: 140 g Coloris: jaune Livr\u00e9 en&hellip;","_links":{"self":[{"href":"https:\/\/www.nenuphar.com\/en\/wp-json\/wp\/v2\/product\/5298","targetHints":{"allow":["GET"]}}],"collection":[{"href":"https:\/\/www.nenuphar.com\/en\/wp-json\/wp\/v2\/product"}],"about":[{"href":"https:\/\/www.nenuphar.com\/en\/wp-json\/wp\/v2\/types\/product"}],"wp:featuredmedia":[{"embeddable":true,"href":"https:\/\/www.nenuphar.com\/en\/wp-json\/wp\/v2\/media\/5333"}],"wp:attachment":[{"href":"https:\/\/www.nenuphar.com\/en\/wp-json\/wp\/v2\/media?parent=5298"}],"wp:term":[{"taxonomy":"product_brand","embeddable":true,"href":"https:\/\/www.nenuphar.com\/en\/wp-json\/wp\/v2\/product_brand?post=5298"},{"taxonomy":"product_cat","embeddable":true,"href":"https:\/\/www.nenuphar.com\/en\/wp-json\/wp\/v2\/product_cat?post=5298"},{"taxonomy":"product_tag","embeddable":true,"href":"https:\/\/www.nenuphar.com\/en\/wp-json\/wp\/v2\/product_tag?post=5298"}],"curies":[{"name":"wp","href":"https:\/\/api.w.org\/{rel}","templated":true}]}}