{"id":5300,"date":"2026-01-13T10:42:20","date_gmt":"2026-01-13T10:42:20","guid":{"rendered":"https:\/\/nen.kmkoncept.fr\/?post_type=product&#038;p=5300"},"modified":"2026-04-28T07:29:40","modified_gmt":"2026-04-28T07:29:40","slug":"vhf-portable-navicom-rt-420-etanche-et-flottante","status":"publish","type":"product","link":"https:\/\/www.nenuphar.com\/en\/shop\/series\/deriveurs\/420\/vhf-portable-navicom-rt-420-etanche-et-flottante\/","title":{"rendered":"VHF PORTABLE NAVICOM RT 420 + &#8211; ETANCHE ET FLOTTANTE"},"content":{"rendered":"<p>C&rsquo;est la VHF qui vient en 2015 remplacer le bast-seller RT320.<\/p>\n<p>Plus fine, elle est surtout d\u00e9sormais flottante! Elle est bien s\u00fbr toujours \u00e9tanche&#8230;<\/p>\n<p>Un autre plus: le compartiment batterie ne se d\u00e9tache plus qui qui \u00e9vite certains petits soucis de corrosion des contacts parfois rencontr\u00e9s sur la 320.<\/p>\n<p>Livr\u00e9e avec antenne, clips de ceinture, chargeur 220 V\u00a0 et dragonne<\/p>","protected":false},"excerpt":{"rendered":"<p>&#8211; Robuste pour une utilisation soutenue,<\/p>\n<p>&#8211; Ecran LCD r\u00e9tro \u00e9clair\u00e9 tr\u00e8s lisible,<\/p>\n<p>&#8211; 55 canaux, avec m\u00e9moire du dernier canal s\u00e9lectionn\u00e9,<\/p>\n<p>&#8211; fiabilit\u00e9 en toutes circonstances,<\/p>\n<p>&#8211; Syst\u00e8me \u00ab\u00a0Flashlight\u00a0\u00bb \u00e0 l&rsquo;immersion,<\/p>\n<p>&#8211; Dimensions sans antenne: H139 x L60 x Ep 39 mm<\/p>\n<p>&#8211; Batterie Li-Polymer int\u00e9gr\u00e9e d\u00e9livrant 1700mA\u00a0<\/p>\n<p>&#8211; Autonomie: 10 h (10% utilisation et 90% veille)<\/p>","protected":false},"featured_media":5335,"template":"","meta":{"_acf_changed":false,"_uag_custom_page_level_css":""},"product_brand":[],"product_cat":[186,15],"product_tag":[311],"class_list":{"0":"post-5300","1":"product","2":"type-product","3":"status-publish","4":"has-post-thumbnail","6":"product_cat-186","7":"product_cat-non-classe","8":"product_tag-311","10":"first","11":"onbackorder","12":"taxable","13":"shipping-taxable","14":"purchasable","15":"product-type-simple"},"acf":[],"aioseo_notices":[],"uagb_featured_image_src":{"full":["https:\/\/www.nenuphar.com\/wp-content\/uploads\/2026\/01\/2764-scaled.jpg",605,2560,false],"thumbnail":["https:\/\/www.nenuphar.com\/wp-content\/uploads\/2026\/01\/2764-150x150.jpg",150,150,true],"medium":["https:\/\/www.nenuphar.com\/wp-content\/uploads\/2026\/01\/2764-71x300.jpg",71,300,true],"medium_large":["https:\/\/www.nenuphar.com\/wp-content\/uploads\/2026\/01\/2764-768x3251.jpg",768,3251,true],"large":["https:\/\/www.nenuphar.com\/wp-content\/uploads\/2026\/01\/2764-242x1024.jpg",242,1024,true],"1536x1536":["https:\/\/www.nenuphar.com\/wp-content\/uploads\/2026\/01\/2764-363x1536.jpg",363,1536,true],"2048x2048":["https:\/\/www.nenuphar.com\/wp-content\/uploads\/2026\/01\/2764-484x2048.jpg",484,2048,true],"trp-custom-language-flag":["https:\/\/www.nenuphar.com\/wp-content\/uploads\/2026\/01\/2764-scaled.jpg",3,12,false],"woocommerce_thumbnail":["https:\/\/www.nenuphar.com\/wp-content\/uploads\/2026\/01\/2764-300x300.jpg",300,300,true],"woocommerce_single":["https:\/\/www.nenuphar.com\/wp-content\/uploads\/2026\/01\/2764-600x2540.jpg",600,2540,true],"woocommerce_gallery_thumbnail":["https:\/\/www.nenuphar.com\/wp-content\/uploads\/2026\/01\/2764-100x100.jpg",100,100,true]},"uagb_author_info":{"display_name":"Karine","author_link":"https:\/\/www.nenuphar.com\/en\/author\/"},"uagb_comment_info":0,"uagb_excerpt":"- Robuste pour une utilisation soutenue, - Ecran LCD r\u00e9tro \u00e9clair\u00e9 tr\u00e8s lisible, - 55 canaux, avec m\u00e9moire du dernier canal s\u00e9lectionn\u00e9, - fiabilit\u00e9 en toutes circonstances, - Syst\u00e8me \"Flashlight\" \u00e0 l'immersion, - Dimensions sans antenne: H139 x L60 x Ep 39 mm - Batterie Li-Polymer int\u00e9gr\u00e9e d\u00e9livrant 1700mA\u00a0 - Autonomie: 10 h (10% utilisation&hellip;","_links":{"self":[{"href":"https:\/\/www.nenuphar.com\/en\/wp-json\/wp\/v2\/product\/5300","targetHints":{"allow":["GET"]}}],"collection":[{"href":"https:\/\/www.nenuphar.com\/en\/wp-json\/wp\/v2\/product"}],"about":[{"href":"https:\/\/www.nenuphar.com\/en\/wp-json\/wp\/v2\/types\/product"}],"wp:featuredmedia":[{"embeddable":true,"href":"https:\/\/www.nenuphar.com\/en\/wp-json\/wp\/v2\/media\/5335"}],"wp:attachment":[{"href":"https:\/\/www.nenuphar.com\/en\/wp-json\/wp\/v2\/media?parent=5300"}],"wp:term":[{"taxonomy":"product_brand","embeddable":true,"href":"https:\/\/www.nenuphar.com\/en\/wp-json\/wp\/v2\/product_brand?post=5300"},{"taxonomy":"product_cat","embeddable":true,"href":"https:\/\/www.nenuphar.com\/en\/wp-json\/wp\/v2\/product_cat?post=5300"},{"taxonomy":"product_tag","embeddable":true,"href":"https:\/\/www.nenuphar.com\/en\/wp-json\/wp\/v2\/product_tag?post=5300"}],"curies":[{"name":"wp","href":"https:\/\/api.w.org\/{rel}","templated":true}]}}