{"id":5301,"date":"2026-01-13T10:42:20","date_gmt":"2026-01-13T10:42:20","guid":{"rendered":"https:\/\/nen.kmkoncept.fr\/?post_type=product&#038;p=5301"},"modified":"2026-04-28T07:29:40","modified_gmt":"2026-04-28T07:29:40","slug":"batons-lumineux-cyalume-lot-de-10","status":"publish","type":"product","link":"https:\/\/www.nenuphar.com\/en\/shop\/non-classe\/batons-lumineux-cyalume-lot-de-10\/","title":{"rendered":"CYALUME LIGHT STICKS \u2013 PACK OF 10 (GREEN)"},"content":{"rendered":"<p>Cyalume light sticks \u2013 pack of 10<\/p>\n<p>Visible from over a mile away: essential for the safety of every crew member sailing at night.<\/p>\n<p>100% reliable, unbreakable, non-corrosive, waterproof, non-toxic, flame-free and non-flammable, spark-free and battery-free, it can be used in all circumstances:<\/p>\n<p>Man overboard, gas leak, power failure, engine breakdown, in the wind, in or under water, at anchor fire, or for signaling\u2026<\/p>\n<p>24\u00d72\u202fcm cylinder, waterproof and floating, with attachment eye.<\/p>\n<p>*instantly produces a bright light.<\/p>\n<p>*minimum range 1 mile.<\/p>\n<p>*duration 12 hours.<\/p><\/p>","protected":false},"excerpt":{"rendered":"<p>B\u00e2tons lumineux Cyalume le lot de 10 Visible \u00e0 plus d&rsquo;un mille : indispensable pour la s\u00e9curit\u00e9 de chaque \u00e9quipier navigant la nuit. Fiable \u00e0 100%, incassable, non corrosif, \u00e9tanche, non toxique, sans flamme et ininflammable, sans \u00e9tincelle et sans pile, il peut \u00eatre utilis\u00e9 en toutes circonstances : Homme \u00e0 la mer, fuite de [&hellip;]<\/p>\n","protected":false},"featured_media":5341,"template":"","meta":{"_acf_changed":false,"_uag_custom_page_level_css":""},"product_brand":[462],"product_cat":[15],"product_tag":[],"class_list":{"0":"post-5301","1":"product","2":"type-product","3":"status-publish","4":"has-post-thumbnail","6":"product_brand-plastimo","7":"product_cat-non-classe","9":"first","10":"onbackorder","11":"taxable","12":"shipping-taxable","13":"purchasable","14":"product-type-simple"},"acf":[],"aioseo_notices":[],"uagb_featured_image_src":{"full":["https:\/\/www.nenuphar.com\/wp-content\/uploads\/2026\/01\/3623.jpg",400,266,false],"thumbnail":["https:\/\/www.nenuphar.com\/wp-content\/uploads\/2026\/01\/3623-150x150.jpg",150,150,true],"medium":["https:\/\/www.nenuphar.com\/wp-content\/uploads\/2026\/01\/3623-300x200.jpg",300,200,true],"medium_large":["https:\/\/www.nenuphar.com\/wp-content\/uploads\/2026\/01\/3623.jpg",400,266,false],"large":["https:\/\/www.nenuphar.com\/wp-content\/uploads\/2026\/01\/3623.jpg",400,266,false],"1536x1536":["https:\/\/www.nenuphar.com\/wp-content\/uploads\/2026\/01\/3623.jpg",400,266,false],"2048x2048":["https:\/\/www.nenuphar.com\/wp-content\/uploads\/2026\/01\/3623.jpg",400,266,false],"trp-custom-language-flag":["https:\/\/www.nenuphar.com\/wp-content\/uploads\/2026\/01\/3623.jpg",18,12,false],"woocommerce_thumbnail":["https:\/\/www.nenuphar.com\/wp-content\/uploads\/2026\/01\/3623-300x266.jpg",300,266,true],"woocommerce_single":["https:\/\/www.nenuphar.com\/wp-content\/uploads\/2026\/01\/3623.jpg",400,266,false],"woocommerce_gallery_thumbnail":["https:\/\/www.nenuphar.com\/wp-content\/uploads\/2026\/01\/3623-100x100.jpg",100,100,true]},"uagb_author_info":{"display_name":"Karine","author_link":"https:\/\/www.nenuphar.com\/en\/author\/"},"uagb_comment_info":0,"uagb_excerpt":"B\u00e2tons lumineux Cyalume le lot de 10 Visible \u00e0 plus d&rsquo;un mille : indispensable pour la s\u00e9curit\u00e9 de chaque \u00e9quipier navigant la nuit. Fiable \u00e0 100%, incassable, non corrosif, \u00e9tanche, non toxique, sans flamme et ininflammable, sans \u00e9tincelle et sans pile, il peut \u00eatre utilis\u00e9 en toutes circonstances : Homme \u00e0 la mer, fuite de&hellip;","_links":{"self":[{"href":"https:\/\/www.nenuphar.com\/en\/wp-json\/wp\/v2\/product\/5301","targetHints":{"allow":["GET"]}}],"collection":[{"href":"https:\/\/www.nenuphar.com\/en\/wp-json\/wp\/v2\/product"}],"about":[{"href":"https:\/\/www.nenuphar.com\/en\/wp-json\/wp\/v2\/types\/product"}],"wp:featuredmedia":[{"embeddable":true,"href":"https:\/\/www.nenuphar.com\/en\/wp-json\/wp\/v2\/media\/5341"}],"wp:attachment":[{"href":"https:\/\/www.nenuphar.com\/en\/wp-json\/wp\/v2\/media?parent=5301"}],"wp:term":[{"taxonomy":"product_brand","embeddable":true,"href":"https:\/\/www.nenuphar.com\/en\/wp-json\/wp\/v2\/product_brand?post=5301"},{"taxonomy":"product_cat","embeddable":true,"href":"https:\/\/www.nenuphar.com\/en\/wp-json\/wp\/v2\/product_cat?post=5301"},{"taxonomy":"product_tag","embeddable":true,"href":"https:\/\/www.nenuphar.com\/en\/wp-json\/wp\/v2\/product_tag?post=5301"}],"curies":[{"name":"wp","href":"https:\/\/api.w.org\/{rel}","templated":true}]}}