{"id":5302,"date":"2026-01-13T10:42:20","date_gmt":"2026-01-13T10:42:20","guid":{"rendered":"https:\/\/nen.kmkoncept.fr\/?post_type=product&#038;p=5302"},"modified":"2026-04-28T07:29:41","modified_gmt":"2026-04-28T07:29:41","slug":"regle-a-maree","status":"publish","type":"product","link":"https:\/\/www.nenuphar.com\/en\/shop\/non-classe\/regle-a-maree\/","title":{"rendered":"REGLE A MAREE"},"content":{"rendered":"<p>REGLE A MAREE<\/p>\n<p>\u00a0<\/p>\n<p>La r\u00e8gle \u00e0 mar\u00e9e ILV permet par lecture directe de connaitre instantan\u00e9ment la hauteur d\u2019eau.<\/p>\n<p>S\u00e9rigraphi\u00e9e sur support rigide PVC, boutons mollet\u00e9s en inox.<\/p>","protected":false},"excerpt":{"rendered":"<p>\u00a0<\/p>\n<ul>\n<li>Afficher sur le disque horaire A les heures PM et BM.<\/li>\n<\/ul>\n<p>Le disque se d\u00e9place en rotation et en translation. Les horaires de PM et BM doivent co\u00efncider avec les deux lignes les plus ext\u00e9rieures (\u00e9tales)<\/p>\n<p>\u00a0<\/p>\n<ul>\n<li>Afficher par translation les hauteurs d\u2019eau correspondantes sur la r\u00e8gle B\n<ul>\n<li>La barrette des hauteurs d\u2019eau doit \u00eatre perpendiculaire \u00e0 la fente de translation,<\/li>\n<li>Pensez \u00e0 bien tourner la barrette en fonction de la mar\u00e9e (montante ou descendante)<\/li>\n<\/ul>\n<\/li>\n<\/ul>\n<p>Lire ensuite directement en suivant la ligne d\u2019heure choisie la hauteur d\u2019eau correspondante<\/p>","protected":false},"featured_media":5342,"template":"","meta":{"_acf_changed":false,"_uag_custom_page_level_css":""},"product_brand":[430],"product_cat":[15],"product_tag":[],"class_list":{"0":"post-5302","1":"product","2":"type-product","3":"status-publish","4":"has-post-thumbnail","6":"product_brand-nenuphar","7":"product_cat-non-classe","9":"first","10":"instock","11":"taxable","12":"shipping-taxable","13":"purchasable","14":"product-type-simple"},"acf":[],"aioseo_notices":[],"uagb_featured_image_src":{"full":["https:\/\/www.nenuphar.com\/wp-content\/uploads\/2026\/01\/4248-scaled.jpg",2560,1542,false],"thumbnail":["https:\/\/www.nenuphar.com\/wp-content\/uploads\/2026\/01\/4248-150x150.jpg",150,150,true],"medium":["https:\/\/www.nenuphar.com\/wp-content\/uploads\/2026\/01\/4248-300x181.jpg",300,181,true],"medium_large":["https:\/\/www.nenuphar.com\/wp-content\/uploads\/2026\/01\/4248-768x463.jpg",768,463,true],"large":["https:\/\/www.nenuphar.com\/wp-content\/uploads\/2026\/01\/4248-1024x617.jpg",1024,617,true],"1536x1536":["https:\/\/www.nenuphar.com\/wp-content\/uploads\/2026\/01\/4248-1536x925.jpg",1536,925,true],"2048x2048":["https:\/\/www.nenuphar.com\/wp-content\/uploads\/2026\/01\/4248-2048x1234.jpg",2048,1234,true],"trp-custom-language-flag":["https:\/\/www.nenuphar.com\/wp-content\/uploads\/2026\/01\/4248-scaled.jpg",18,12,false],"woocommerce_thumbnail":["https:\/\/www.nenuphar.com\/wp-content\/uploads\/2026\/01\/4248-300x300.jpg",300,300,true],"woocommerce_single":["https:\/\/www.nenuphar.com\/wp-content\/uploads\/2026\/01\/4248-600x361.jpg",600,361,true],"woocommerce_gallery_thumbnail":["https:\/\/www.nenuphar.com\/wp-content\/uploads\/2026\/01\/4248-100x100.jpg",100,100,true]},"uagb_author_info":{"display_name":"Karine","author_link":"https:\/\/www.nenuphar.com\/en\/author\/"},"uagb_comment_info":0,"uagb_excerpt":"\u00a0 Afficher sur le disque horaire A les heures PM et BM. Le disque se d\u00e9place en rotation et en translation. Les horaires de PM et BM doivent co\u00efncider avec les deux lignes les plus ext\u00e9rieures (\u00e9tales) \u00a0 Afficher par translation les hauteurs d\u2019eau correspondantes sur la r\u00e8gle BLa barrette des hauteurs d\u2019eau doit \u00eatre&hellip;","_links":{"self":[{"href":"https:\/\/www.nenuphar.com\/en\/wp-json\/wp\/v2\/product\/5302","targetHints":{"allow":["GET"]}}],"collection":[{"href":"https:\/\/www.nenuphar.com\/en\/wp-json\/wp\/v2\/product"}],"about":[{"href":"https:\/\/www.nenuphar.com\/en\/wp-json\/wp\/v2\/types\/product"}],"wp:featuredmedia":[{"embeddable":true,"href":"https:\/\/www.nenuphar.com\/en\/wp-json\/wp\/v2\/media\/5342"}],"wp:attachment":[{"href":"https:\/\/www.nenuphar.com\/en\/wp-json\/wp\/v2\/media?parent=5302"}],"wp:term":[{"taxonomy":"product_brand","embeddable":true,"href":"https:\/\/www.nenuphar.com\/en\/wp-json\/wp\/v2\/product_brand?post=5302"},{"taxonomy":"product_cat","embeddable":true,"href":"https:\/\/www.nenuphar.com\/en\/wp-json\/wp\/v2\/product_cat?post=5302"},{"taxonomy":"product_tag","embeddable":true,"href":"https:\/\/www.nenuphar.com\/en\/wp-json\/wp\/v2\/product_tag?post=5302"}],"curies":[{"name":"wp","href":"https:\/\/api.w.org\/{rel}","templated":true}]}}