{"id":5304,"date":"2026-01-13T10:42:20","date_gmt":"2026-01-13T10:42:20","guid":{"rendered":"https:\/\/nen.kmkoncept.fr\/?post_type=product&#038;p=5304"},"modified":"2026-04-28T07:30:25","modified_gmt":"2026-04-28T07:30:25","slug":"new-matic-360-orange","status":"publish","type":"product","link":"https:\/\/www.nenuphar.com\/en\/shop\/series\/autres\/newmatic-360\/new-matic-360-orange\/","title":{"rendered":"NEW MATIC 360 ORANGE"},"content":{"rendered":"<p>This is the best\u2011seller of the safety range! The New Matic 360 features an exemplary double-layer construction. Its design and ease of maintenance make it a favorite in sailing, water skiing, rowing, and diving clubs. Stable on the water both when stationary and drifting, it is a versatile and very practical unit.<\/p>\n<p>Please note: shipping costs cannot be calculated on the website \u2013 please request a quote.<\/p>","protected":false},"excerpt":{"rendered":"<p>This boat can accommodate 3 to 6 people on board in comfort and safety.<\/p>\n<div class=\"value\">Longueur :3,60 m<\/div>\n<div class=\"value\">Largeur :1,68 m<\/div>\n<div class=\"value\">Poids coque nue :120 kgs<\/div>\n<div class=\"value\">Motorisation max :22 kW &#8211; 30 CV<\/div>\n<div class=\"value\">Cat\u00e9gorie \/ Capacit\u00e9 :D-6 \/ C-3<\/div>\n<div class=\"value\">Homologation CE :B+F<\/div>","protected":false},"featured_media":5344,"template":"","meta":{"_acf_changed":false,"_uag_custom_page_level_css":""},"product_brand":[],"product_cat":[20,44,237],"product_tag":[],"class_list":{"0":"post-5304","1":"product","2":"type-product","3":"status-publish","4":"has-post-thumbnail","6":"product_cat-bateaux","7":"product_cat-newmatic","8":"product_cat-newmatic-360","9":"product_shipping_class-schenker","11":"first","12":"onbackorder","13":"taxable","14":"shipping-taxable","15":"purchasable","16":"product-type-simple"},"acf":[],"aioseo_notices":[],"uagb_featured_image_src":{"full":["https:\/\/www.nenuphar.com\/wp-content\/uploads\/2026\/01\/4363.jpg",1024,684,false],"thumbnail":["https:\/\/www.nenuphar.com\/wp-content\/uploads\/2026\/01\/4363-150x150.jpg",150,150,true],"medium":["https:\/\/www.nenuphar.com\/wp-content\/uploads\/2026\/01\/4363-300x200.jpg",300,200,true],"medium_large":["https:\/\/www.nenuphar.com\/wp-content\/uploads\/2026\/01\/4363-768x513.jpg",768,513,true],"large":["https:\/\/www.nenuphar.com\/wp-content\/uploads\/2026\/01\/4363.jpg",1024,684,false],"1536x1536":["https:\/\/www.nenuphar.com\/wp-content\/uploads\/2026\/01\/4363.jpg",1024,684,false],"2048x2048":["https:\/\/www.nenuphar.com\/wp-content\/uploads\/2026\/01\/4363.jpg",1024,684,false],"trp-custom-language-flag":["https:\/\/www.nenuphar.com\/wp-content\/uploads\/2026\/01\/4363.jpg",18,12,false],"woocommerce_thumbnail":["https:\/\/www.nenuphar.com\/wp-content\/uploads\/2026\/01\/4363-300x300.jpg",300,300,true],"woocommerce_single":["https:\/\/www.nenuphar.com\/wp-content\/uploads\/2026\/01\/4363-600x401.jpg",600,401,true],"woocommerce_gallery_thumbnail":["https:\/\/www.nenuphar.com\/wp-content\/uploads\/2026\/01\/4363-100x100.jpg",100,100,true]},"uagb_author_info":{"display_name":"Karine","author_link":"https:\/\/www.nenuphar.com\/en\/author\/"},"uagb_comment_info":0,"uagb_excerpt":"Ce bateau a la capacit\u00e9 d\u2019accueillir \u00e0 son bord de 3 \u00e0 6\u00a0personnes dans le confort et la s\u00e9curit\u00e9. Longueur :3,60 m Largeur :1,68 m Poids coque nue :120 kgs Motorisation max :22 kW - 30 CV Cat\u00e9gorie \/ Capacit\u00e9 :D-6 \/ C-3 Homologation CE :B+F","_links":{"self":[{"href":"https:\/\/www.nenuphar.com\/en\/wp-json\/wp\/v2\/product\/5304","targetHints":{"allow":["GET"]}}],"collection":[{"href":"https:\/\/www.nenuphar.com\/en\/wp-json\/wp\/v2\/product"}],"about":[{"href":"https:\/\/www.nenuphar.com\/en\/wp-json\/wp\/v2\/types\/product"}],"wp:featuredmedia":[{"embeddable":true,"href":"https:\/\/www.nenuphar.com\/en\/wp-json\/wp\/v2\/media\/5344"}],"wp:attachment":[{"href":"https:\/\/www.nenuphar.com\/en\/wp-json\/wp\/v2\/media?parent=5304"}],"wp:term":[{"taxonomy":"product_brand","embeddable":true,"href":"https:\/\/www.nenuphar.com\/en\/wp-json\/wp\/v2\/product_brand?post=5304"},{"taxonomy":"product_cat","embeddable":true,"href":"https:\/\/www.nenuphar.com\/en\/wp-json\/wp\/v2\/product_cat?post=5304"},{"taxonomy":"product_tag","embeddable":true,"href":"https:\/\/www.nenuphar.com\/en\/wp-json\/wp\/v2\/product_tag?post=5304"}],"curies":[{"name":"wp","href":"https:\/\/api.w.org\/{rel}","templated":true}]}}