{"id":5361,"date":"2026-01-13T10:49:58","date_gmt":"2026-01-13T10:49:58","guid":{"rendered":"https:\/\/nen.kmkoncept.fr\/?post_type=product&#038;p=5361"},"modified":"2026-04-28T07:27:14","modified_gmt":"2026-04-28T07:27:14","slug":"oeillet-fixation-rapide-holdon-mini","status":"publish","type":"product","link":"https:\/\/www.nenuphar.com\/en\/shop\/collectivites-entretien\/voilerie\/boucles-de-sangle-et-sangle\/oeillet-fixation-rapide-holdon-mini\/","title":{"rendered":"Quick-Release Eyelet \u2013 Holdon Mini"},"content":{"rendered":"<p>Oeillet \u00ab\u00a0clip-on\u00a0\u00bb test\u00e9 pour supporter un poids de 45 kg, concu pour permettre une fixation facile et rapide.<\/p>","protected":false},"excerpt":{"rendered":"<p>The \u201cclip-on\u201d eyelet is stronger than a traditional eyelet. It features the \u201cwedge lock\u201d system: the greater the load, the tighter the attachment.<\/p>\n<p><span style=\"line-height:18px;\">\u00c9paisseur maximale du tissu: 1,5 mm<\/span><\/p>\n<p><span style=\"line-height:18px;\">Performance d&rsquo;accroche test\u00e9 jusqu&rsquo;\u00e0\u00a045 kg<\/span><\/p>\n<p><span style=\"line-height:18px;\">Aucun outil n&rsquo;est n\u00e9cessaire pour la pose, et cet oeillet est bien s\u00fbr r\u00e9utilisable\/repositionnable.<\/span><\/p>","protected":false},"featured_media":5383,"template":"","meta":{"_acf_changed":false,"_uag_custom_page_level_css":""},"product_brand":[430],"product_cat":[173],"product_tag":[],"class_list":{"0":"post-5361","1":"product","2":"type-product","3":"status-publish","4":"has-post-thumbnail","6":"product_brand-nenuphar","7":"product_cat-boucles-de-sangle-et-sangle","9":"first","10":"instock","11":"taxable","12":"shipping-taxable","13":"purchasable","14":"product-type-simple"},"acf":[],"aioseo_notices":[],"uagb_featured_image_src":{"full":["https:\/\/www.nenuphar.com\/wp-content\/uploads\/2026\/01\/2340.jpg",183,79,false],"thumbnail":["https:\/\/www.nenuphar.com\/wp-content\/uploads\/2026\/01\/2340-150x79.jpg",150,79,true],"medium":["https:\/\/www.nenuphar.com\/wp-content\/uploads\/2026\/01\/2340.jpg",183,79,false],"medium_large":["https:\/\/www.nenuphar.com\/wp-content\/uploads\/2026\/01\/2340.jpg",183,79,false],"large":["https:\/\/www.nenuphar.com\/wp-content\/uploads\/2026\/01\/2340.jpg",183,79,false],"1536x1536":["https:\/\/www.nenuphar.com\/wp-content\/uploads\/2026\/01\/2340.jpg",183,79,false],"2048x2048":["https:\/\/www.nenuphar.com\/wp-content\/uploads\/2026\/01\/2340.jpg",183,79,false],"trp-custom-language-flag":["https:\/\/www.nenuphar.com\/wp-content\/uploads\/2026\/01\/2340.jpg",18,8,false],"woocommerce_thumbnail":["https:\/\/www.nenuphar.com\/wp-content\/uploads\/2026\/01\/2340.jpg",183,79,false],"woocommerce_single":["https:\/\/www.nenuphar.com\/wp-content\/uploads\/2026\/01\/2340.jpg",183,79,false],"woocommerce_gallery_thumbnail":["https:\/\/www.nenuphar.com\/wp-content\/uploads\/2026\/01\/2340-100x79.jpg",100,79,true]},"uagb_author_info":{"display_name":"Karine","author_link":"https:\/\/www.nenuphar.com\/en\/author\/"},"uagb_comment_info":0,"uagb_excerpt":"L'oeillet \"clip-on\" est plus solide qu'un oeillet traditionnel. Il est muni du syst\u00e8me \"wedge lock\": plus la charge est forte, plus l'accrochage r\u00e9alis\u00e9 est serr\u00e9. \u00c9paisseur maximale du tissu: 1,5 mm Performance d'accroche test\u00e9 jusqu'\u00e0\u00a045 kg Aucun outil n'est n\u00e9cessaire pour la pose, et cet oeillet est bien s\u00fbr r\u00e9utilisable\/repositionnable.","_links":{"self":[{"href":"https:\/\/www.nenuphar.com\/en\/wp-json\/wp\/v2\/product\/5361","targetHints":{"allow":["GET"]}}],"collection":[{"href":"https:\/\/www.nenuphar.com\/en\/wp-json\/wp\/v2\/product"}],"about":[{"href":"https:\/\/www.nenuphar.com\/en\/wp-json\/wp\/v2\/types\/product"}],"wp:featuredmedia":[{"embeddable":true,"href":"https:\/\/www.nenuphar.com\/en\/wp-json\/wp\/v2\/media\/5383"}],"wp:attachment":[{"href":"https:\/\/www.nenuphar.com\/en\/wp-json\/wp\/v2\/media?parent=5361"}],"wp:term":[{"taxonomy":"product_brand","embeddable":true,"href":"https:\/\/www.nenuphar.com\/en\/wp-json\/wp\/v2\/product_brand?post=5361"},{"taxonomy":"product_cat","embeddable":true,"href":"https:\/\/www.nenuphar.com\/en\/wp-json\/wp\/v2\/product_cat?post=5361"},{"taxonomy":"product_tag","embeddable":true,"href":"https:\/\/www.nenuphar.com\/en\/wp-json\/wp\/v2\/product_tag?post=5361"}],"curies":[{"name":"wp","href":"https:\/\/api.w.org\/{rel}","templated":true}]}}