{"id":5421,"date":"2026-01-13T10:54:43","date_gmt":"2026-01-13T10:54:43","guid":{"rendered":"https:\/\/nen.kmkoncept.fr\/?post_type=product&#038;p=5421"},"modified":"2026-04-28T14:30:52","modified_gmt":"2026-04-28T14:30:52","slug":"ruban-a-spi-autocollant-4-5ml","status":"publish","type":"product","link":"https:\/\/www.nenuphar.com\/en\/shop\/collectivites-entretien\/voilerie\/reparation-voiles\/ruban-a-spi-autocollant-4-5ml\/","title":{"rendered":"SPINNAKER REPAIR TAPE BY 4.50 ML ROLL"},"content":{"rendered":"<p>Spinnaker repair tape Red\/ blue\/ white\/ green\/ yellow\/ pink\/ black\/ violet please specify to the comments the requested colors.<\/p>","protected":false},"excerpt":{"rendered":"<p>Spinnaker repair tape Red\/ blue\/ white\/ green\/ yellow\/ pink\/ black\/ violet please specify to the comments the requested colors.<\/p>","protected":false},"featured_media":4886,"template":"","meta":{"_acf_changed":false,"_uag_custom_page_level_css":""},"product_brand":[],"product_cat":[174],"product_tag":[],"class_list":{"0":"post-5421","1":"product","2":"type-product","3":"status-publish","4":"has-post-thumbnail","6":"product_cat-reparation-voiles","8":"first","9":"instock","10":"taxable","11":"shipping-taxable","12":"purchasable","13":"product-type-variable"},"acf":[],"aioseo_notices":[],"uagb_featured_image_src":{"full":["https:\/\/www.nenuphar.com\/wp-content\/uploads\/2026\/01\/1129.jpg",588,300,false],"thumbnail":["https:\/\/www.nenuphar.com\/wp-content\/uploads\/2026\/01\/1129-150x150.jpg",150,150,true],"medium":["https:\/\/www.nenuphar.com\/wp-content\/uploads\/2026\/01\/1129-300x153.jpg",300,153,true],"medium_large":["https:\/\/www.nenuphar.com\/wp-content\/uploads\/2026\/01\/1129.jpg",588,300,false],"large":["https:\/\/www.nenuphar.com\/wp-content\/uploads\/2026\/01\/1129.jpg",588,300,false],"1536x1536":["https:\/\/www.nenuphar.com\/wp-content\/uploads\/2026\/01\/1129.jpg",588,300,false],"2048x2048":["https:\/\/www.nenuphar.com\/wp-content\/uploads\/2026\/01\/1129.jpg",588,300,false],"trp-custom-language-flag":["https:\/\/www.nenuphar.com\/wp-content\/uploads\/2026\/01\/1129.jpg",18,9,false],"woocommerce_thumbnail":["https:\/\/www.nenuphar.com\/wp-content\/uploads\/2026\/01\/1129-300x300.jpg",300,300,true],"woocommerce_single":["https:\/\/www.nenuphar.com\/wp-content\/uploads\/2026\/01\/1129.jpg",588,300,false],"woocommerce_gallery_thumbnail":["https:\/\/www.nenuphar.com\/wp-content\/uploads\/2026\/01\/1129-100x100.jpg",100,100,true]},"uagb_author_info":{"display_name":"Karine","author_link":"https:\/\/www.nenuphar.com\/en\/author\/"},"uagb_comment_info":0,"uagb_excerpt":"R\u00e9pare spi, ruban \u00e0 spi autocollant. Rouleau largeur 5 cm Longueur 4,50 ml. Diff\u00e9rentes couleurs disponibles: veuillez pr\u00e9ciser votre choix :","_links":{"self":[{"href":"https:\/\/www.nenuphar.com\/en\/wp-json\/wp\/v2\/product\/5421","targetHints":{"allow":["GET"]}}],"collection":[{"href":"https:\/\/www.nenuphar.com\/en\/wp-json\/wp\/v2\/product"}],"about":[{"href":"https:\/\/www.nenuphar.com\/en\/wp-json\/wp\/v2\/types\/product"}],"wp:featuredmedia":[{"embeddable":true,"href":"https:\/\/www.nenuphar.com\/en\/wp-json\/wp\/v2\/media\/4886"}],"wp:attachment":[{"href":"https:\/\/www.nenuphar.com\/en\/wp-json\/wp\/v2\/media?parent=5421"}],"wp:term":[{"taxonomy":"product_brand","embeddable":true,"href":"https:\/\/www.nenuphar.com\/en\/wp-json\/wp\/v2\/product_brand?post=5421"},{"taxonomy":"product_cat","embeddable":true,"href":"https:\/\/www.nenuphar.com\/en\/wp-json\/wp\/v2\/product_cat?post=5421"},{"taxonomy":"product_tag","embeddable":true,"href":"https:\/\/www.nenuphar.com\/en\/wp-json\/wp\/v2\/product_tag?post=5421"}],"curies":[{"name":"wp","href":"https:\/\/api.w.org\/{rel}","templated":true}]}}