{"id":5422,"date":"2026-01-13T10:54:44","date_gmt":"2026-01-13T10:54:44","guid":{"rendered":"https:\/\/nen.kmkoncept.fr\/?post_type=product&#038;p=5422"},"modified":"2026-04-28T07:30:56","modified_gmt":"2026-04-28T07:30:56","slug":"gaine-thermoretractable-a-chaud","status":"publish","type":"product","link":"https:\/\/www.nenuphar.com\/en\/shop\/collectivites-entretien\/voilerie\/reparation-voiles\/gaine-thermoretractable-a-chaud\/","title":{"rendered":"GAINE THERMO LARG A  PLAT 11MM &#8211; AU ML-DANS LA LIMITE DU STOCK"},"content":{"rendered":"<p>Gaine thermor\u00e9tractable.<\/p>\n<p>Existe en largeur \u00e0 plat:<\/p>\n<p>&#8211; 11 mm<\/p>\n<p>&#8211; 120 mm<\/p>\n<p>Vendu au M\u00e8tre lin\u00e9aire dans la limite des stocks disponibles. Arr\u00eat apr\u00e8s \u00e9puisement.<\/p>","protected":false},"excerpt":{"rendered":"<p>Gaine thermor\u00e9tractable. Existe en largeur \u00e0 plat: &#8211; 11 mm &#8211; 120 mm Vendu au M\u00e8tre lin\u00e9aire dans la limite des stocks disponibles. Arr\u00eat apr\u00e8s \u00e9puisement.<\/p>","protected":false},"featured_media":4917,"template":"","meta":{"_acf_changed":false,"_uag_custom_page_level_css":""},"product_brand":[],"product_cat":[174],"product_tag":[],"class_list":{"0":"post-5422","1":"product","2":"type-product","3":"status-publish","4":"has-post-thumbnail","6":"product_cat-reparation-voiles","8":"first","9":"instock","10":"taxable","11":"shipping-taxable","12":"purchasable","13":"product-type-variable"},"acf":[],"aioseo_notices":[],"uagb_featured_image_src":{"full":["https:\/\/www.nenuphar.com\/wp-content\/uploads\/2026\/01\/4158.jpg",1851,1554,false],"thumbnail":["https:\/\/www.nenuphar.com\/wp-content\/uploads\/2026\/01\/4158-150x150.jpg",150,150,true],"medium":["https:\/\/www.nenuphar.com\/wp-content\/uploads\/2026\/01\/4158-300x252.jpg",300,252,true],"medium_large":["https:\/\/www.nenuphar.com\/wp-content\/uploads\/2026\/01\/4158-768x645.jpg",768,645,true],"large":["https:\/\/www.nenuphar.com\/wp-content\/uploads\/2026\/01\/4158-1024x860.jpg",1024,860,true],"1536x1536":["https:\/\/www.nenuphar.com\/wp-content\/uploads\/2026\/01\/4158-1536x1290.jpg",1536,1290,true],"2048x2048":["https:\/\/www.nenuphar.com\/wp-content\/uploads\/2026\/01\/4158.jpg",1851,1554,false],"trp-custom-language-flag":["https:\/\/www.nenuphar.com\/wp-content\/uploads\/2026\/01\/4158.jpg",14,12,false],"woocommerce_thumbnail":["https:\/\/www.nenuphar.com\/wp-content\/uploads\/2026\/01\/4158-300x300.jpg",300,300,true],"woocommerce_single":["https:\/\/www.nenuphar.com\/wp-content\/uploads\/2026\/01\/4158-600x504.jpg",600,504,true],"woocommerce_gallery_thumbnail":["https:\/\/www.nenuphar.com\/wp-content\/uploads\/2026\/01\/4158-100x100.jpg",100,100,true]},"uagb_author_info":{"display_name":"Karine","author_link":"https:\/\/www.nenuphar.com\/en\/author\/"},"uagb_comment_info":0,"uagb_excerpt":"Gaine thermor\u00e9tractable. Existe en largeur \u00e0 plat: &#8211; 11 mm &#8211; 120 mm Vendu au M\u00e8tre lin\u00e9aire dans la limite des stocks disponibles. Arr\u00eat apr\u00e8s \u00e9puisement.","_links":{"self":[{"href":"https:\/\/www.nenuphar.com\/en\/wp-json\/wp\/v2\/product\/5422","targetHints":{"allow":["GET"]}}],"collection":[{"href":"https:\/\/www.nenuphar.com\/en\/wp-json\/wp\/v2\/product"}],"about":[{"href":"https:\/\/www.nenuphar.com\/en\/wp-json\/wp\/v2\/types\/product"}],"wp:featuredmedia":[{"embeddable":true,"href":"https:\/\/www.nenuphar.com\/en\/wp-json\/wp\/v2\/media\/4917"}],"wp:attachment":[{"href":"https:\/\/www.nenuphar.com\/en\/wp-json\/wp\/v2\/media?parent=5422"}],"wp:term":[{"taxonomy":"product_brand","embeddable":true,"href":"https:\/\/www.nenuphar.com\/en\/wp-json\/wp\/v2\/product_brand?post=5422"},{"taxonomy":"product_cat","embeddable":true,"href":"https:\/\/www.nenuphar.com\/en\/wp-json\/wp\/v2\/product_cat?post=5422"},{"taxonomy":"product_tag","embeddable":true,"href":"https:\/\/www.nenuphar.com\/en\/wp-json\/wp\/v2\/product_tag?post=5422"}],"curies":[{"name":"wp","href":"https:\/\/api.w.org\/{rel}","templated":true}]}}