{"id":5487,"date":"2026-01-13T11:08:29","date_gmt":"2026-01-13T11:08:29","guid":{"rendered":"https:\/\/nen.kmkoncept.fr\/?post_type=product&#038;p=5487"},"modified":"2026-04-28T07:30:46","modified_gmt":"2026-04-28T07:30:46","slug":"pavillon-serie-4060cm-laser-4-7-fond-jaune","status":"publish","type":"product","link":"https:\/\/www.nenuphar.com\/en\/shop\/collectivites-entretien\/signalisation\/pavillonerie\/pavillon-serie-4060cm-laser-4-7-fond-jaune\/","title":{"rendered":"SWEAT SHIRT POLARTEC POWER &#8211; STRECH TAILLE S-166\/171"},"content":{"rendered":"<p>Ce sweet est id\u00e9al \u00e0 porter sous une combinaison s\u00e8che, ou par dessus une combinaison n\u00e9opr\u00e8ne les jours froids.<\/p>\n<p>Ses avantages?<\/p>\n<p>&#8211; v\u00eatement stretch, permettant une grande libert\u00e9 de mouvements,<\/p>\n<p>&#8211; s\u00e8che tr\u00e8s vite !<\/p>","protected":false},"excerpt":{"rendered":"<p><span style=\"color: #000000; font-family: Arial, Helvetica, sans-serif; font-size: 13px; font-style: normal; font-variant: normal; font-weight: normal; letter-spacing: normal; line-height: 26px; text-indent: 0px; text-transform: none; white-space: normal; word-spacing: 0px; background-color: #ffffff; float: none;\">Fabriqu\u00e9 en Polartec\u00ae Power Stretch\u00ae Pro material<\/span><\/p>\n<p><span style=\"color: #000000; font-family: Arial, Helvetica, sans-serif; font-size: 13px; font-style: normal; font-variant: normal; font-weight: normal; letter-spacing: normal; line-height: 26px; text-indent: 0px; text-transform: none; white-space: normal; word-spacing: 0px; background-color: #ffffff; float: none;\">Ce sweat vous s\u00e9duira particuli\u00e8rement:<\/span><\/p>\n<p><span style=\"color: #000000; font-family: Arial, Helvetica, sans-serif; font-size: 13px; font-style: normal; font-variant: normal; font-weight: normal; letter-spacing: normal; line-height: 26px; text-indent: 0px; text-transform: none; white-space: normal; word-spacing: 0px; background-color: #ffffff; float: none;\">&#8211; coupe \u00e9tudi\u00e9e,<\/span><\/p>\n<p><span style=\"color: #000000; font-family: Arial, Helvetica, sans-serif; font-size: 13px; font-style: normal; font-variant: normal; font-weight: normal; letter-spacing: normal; line-height: 26px; text-indent: 0px; text-transform: none; white-space: normal; word-spacing: 0px; background-color: #ffffff; float: none;\">&#8211; coutures plates,<\/span><\/p>\n<p><span style=\"color: #000000; font-family: Arial, Helvetica, sans-serif; font-size: 13px; font-style: normal; font-variant: normal; font-weight: normal; letter-spacing: normal; line-height: 26px; text-indent: 0px; text-transform: none; white-space: normal; word-spacing: 0px; background-color: #ffffff; float: none;\">&#8211; tr\u00e8s l\u00e9ger \u00e0 porter,<\/span><\/p>\n<p><span style=\"color: #000000; font-family: Arial, Helvetica, sans-serif; font-size: 13px; font-style: normal; font-variant: normal; font-weight: normal; letter-spacing: normal; line-height: 26px; text-indent: 0px; text-transform: none; white-space: normal; word-spacing: 0px; background-color: #ffffff; float: none;\">&#8211; hyper-respirant,<\/span><\/p>\n<p><span style=\"color: #000000; font-family: Arial, Helvetica, sans-serif; font-size: 13px; font-style: normal; font-variant: normal; font-weight: normal; letter-spacing: normal; line-height: 26px; text-indent: 0px; text-transform: none; white-space: normal; word-spacing: 0px; background-color: #ffffff; float: none;\">&#8211; bloque le vent,<\/span><\/p>\n<p><span style=\"color: #000000; font-family: Arial, Helvetica, sans-serif; font-size: 13px; font-style: normal; font-variant: normal; font-weight: normal; letter-spacing: normal; line-height: 26px; text-indent: 0px; text-transform: none; white-space: normal; word-spacing: 0px; background-color: #ffffff; float: none;\">&#8211; r\u00e9sistant \u00e0 l&rsquo;abrasion,<\/span><\/p>\n<p><span style=\"color: #777777; font-family: Arial, Helvetica, sans-serif; font-size: 13px; font-style: normal; font-variant: normal; font-weight: normal; letter-spacing: normal; line-height: 26px; text-indent: 0px; text-transform: none; white-space: normal; word-spacing: 0px; background-color: #000000; float: none;\"><span style=\"color: #000000; background-color: #ffffff;\">&#8211; Vous pouvez le porter confortablement \u00e0-m\u00eame la peau<\/span><br \/>\n<\/span><\/p>","protected":false},"featured_media":8202,"template":"","meta":{"_acf_changed":false,"_uag_custom_page_level_css":""},"product_brand":[465],"product_cat":[176,870],"product_tag":[],"class_list":{"0":"post-5487","1":"product","2":"type-product","3":"status-publish","4":"has-post-thumbnail","6":"product_brand-sandiline","7":"product_cat-pavillonerie","8":"product_cat-vetements-techniques","10":"first","11":"instock","12":"taxable","13":"shipping-taxable","14":"purchasable","15":"product-type-variable"},"acf":[],"aioseo_notices":[],"uagb_featured_image_src":{"full":["https:\/\/www.nenuphar.com\/wp-content\/uploads\/2026\/01\/1757.jpg",488,569,false],"thumbnail":["https:\/\/www.nenuphar.com\/wp-content\/uploads\/2026\/01\/1757-150x150.jpg",150,150,true],"medium":["https:\/\/www.nenuphar.com\/wp-content\/uploads\/2026\/01\/1757-257x300.jpg",257,300,true],"medium_large":["https:\/\/www.nenuphar.com\/wp-content\/uploads\/2026\/01\/1757.jpg",488,569,false],"large":["https:\/\/www.nenuphar.com\/wp-content\/uploads\/2026\/01\/1757.jpg",488,569,false],"1536x1536":["https:\/\/www.nenuphar.com\/wp-content\/uploads\/2026\/01\/1757.jpg",488,569,false],"2048x2048":["https:\/\/www.nenuphar.com\/wp-content\/uploads\/2026\/01\/1757.jpg",488,569,false],"trp-custom-language-flag":["https:\/\/www.nenuphar.com\/wp-content\/uploads\/2026\/01\/1757-10x12.jpg",10,12,true],"woocommerce_thumbnail":["https:\/\/www.nenuphar.com\/wp-content\/uploads\/2026\/01\/1757-300x300.jpg",300,300,true],"woocommerce_single":["https:\/\/www.nenuphar.com\/wp-content\/uploads\/2026\/01\/1757.jpg",488,569,false],"woocommerce_gallery_thumbnail":["https:\/\/www.nenuphar.com\/wp-content\/uploads\/2026\/01\/1757-100x100.jpg",100,100,true]},"uagb_author_info":{"display_name":"Karine","author_link":"https:\/\/www.nenuphar.com\/en\/author\/"},"uagb_comment_info":0,"uagb_excerpt":"Fabriqu\u00e9 en Polartec\u00ae Power Stretch\u00ae Pro material Ce sweat vous s\u00e9duira particuli\u00e8rement: - coupe \u00e9tudi\u00e9e, - coutures plates, - tr\u00e8s l\u00e9ger \u00e0 porter, - hyper-respirant, - bloque le vent, - r\u00e9sistant \u00e0 l'abrasion, - Vous pouvez le porter confortablement \u00e0-m\u00eame la peau","_links":{"self":[{"href":"https:\/\/www.nenuphar.com\/en\/wp-json\/wp\/v2\/product\/5487","targetHints":{"allow":["GET"]}}],"collection":[{"href":"https:\/\/www.nenuphar.com\/en\/wp-json\/wp\/v2\/product"}],"about":[{"href":"https:\/\/www.nenuphar.com\/en\/wp-json\/wp\/v2\/types\/product"}],"wp:featuredmedia":[{"embeddable":true,"href":"https:\/\/www.nenuphar.com\/en\/wp-json\/wp\/v2\/media\/8202"}],"wp:attachment":[{"href":"https:\/\/www.nenuphar.com\/en\/wp-json\/wp\/v2\/media?parent=5487"}],"wp:term":[{"taxonomy":"product_brand","embeddable":true,"href":"https:\/\/www.nenuphar.com\/en\/wp-json\/wp\/v2\/product_brand?post=5487"},{"taxonomy":"product_cat","embeddable":true,"href":"https:\/\/www.nenuphar.com\/en\/wp-json\/wp\/v2\/product_cat?post=5487"},{"taxonomy":"product_tag","embeddable":true,"href":"https:\/\/www.nenuphar.com\/en\/wp-json\/wp\/v2\/product_tag?post=5487"}],"curies":[{"name":"wp","href":"https:\/\/api.w.org\/{rel}","templated":true}]}}