{"id":5512,"date":"2026-01-13T11:08:30","date_gmt":"2026-01-13T11:08:30","guid":{"rendered":"https:\/\/nen.kmkoncept.fr\/?post_type=product&#038;p=5512"},"modified":"2026-04-28T07:27:45","modified_gmt":"2026-04-28T07:27:45","slug":"pavillon-comite-serie-par-10","status":"publish","type":"product","link":"https:\/\/www.nenuphar.com\/en\/shop\/collectivites-entretien\/signalisation\/pavillonerie\/pavillon-comite-serie-par-10\/","title":{"rendered":"COMMITTEE OR STANDARD FLAG 40\u00d760\u202fCM \u2013 Pack of 10, your choice"},"content":{"rendered":"<p>Flag 60 x 40 cm, select the flags of your choice to the comment area at the end of your order.<\/p>","protected":false},"excerpt":{"rendered":"<p>Flag 60 x 40 cm, select the flags of your choice to the comment area at the end of your order.<\/p>","protected":false},"featured_media":0,"template":"","meta":{"_acf_changed":false,"_uag_custom_page_level_css":""},"product_brand":[430],"product_cat":[176],"product_tag":[],"class_list":{"0":"post-5512","1":"product","2":"type-product","3":"status-publish","5":"product_brand-nenuphar","6":"product_cat-pavillonerie","8":"first","9":"onbackorder","10":"taxable","11":"shipping-taxable","12":"purchasable","13":"product-type-simple"},"acf":[],"aioseo_notices":[],"uagb_featured_image_src":{"full":false,"thumbnail":false,"medium":false,"medium_large":false,"large":false,"1536x1536":false,"2048x2048":false,"trp-custom-language-flag":false,"woocommerce_thumbnail":false,"woocommerce_single":false,"woocommerce_gallery_thumbnail":false},"uagb_author_info":{"display_name":"Karine","author_link":"https:\/\/www.nenuphar.com\/en\/author\/"},"uagb_comment_info":0,"uagb_excerpt":"Pavillons 40 cm x 60 cm ou flamme, comit\u00e9 ou pavillon de s\u00e9rie 10 pavillons au choix \u00e0 nous pr\u00e9ciser dans la rubrique commentaires en bas de commande.","_links":{"self":[{"href":"https:\/\/www.nenuphar.com\/en\/wp-json\/wp\/v2\/product\/5512","targetHints":{"allow":["GET"]}}],"collection":[{"href":"https:\/\/www.nenuphar.com\/en\/wp-json\/wp\/v2\/product"}],"about":[{"href":"https:\/\/www.nenuphar.com\/en\/wp-json\/wp\/v2\/types\/product"}],"wp:attachment":[{"href":"https:\/\/www.nenuphar.com\/en\/wp-json\/wp\/v2\/media?parent=5512"}],"wp:term":[{"taxonomy":"product_brand","embeddable":true,"href":"https:\/\/www.nenuphar.com\/en\/wp-json\/wp\/v2\/product_brand?post=5512"},{"taxonomy":"product_cat","embeddable":true,"href":"https:\/\/www.nenuphar.com\/en\/wp-json\/wp\/v2\/product_cat?post=5512"},{"taxonomy":"product_tag","embeddable":true,"href":"https:\/\/www.nenuphar.com\/en\/wp-json\/wp\/v2\/product_tag?post=5512"}],"curies":[{"name":"wp","href":"https:\/\/api.w.org\/{rel}","templated":true}]}}