{"id":5544,"date":"2026-01-13T11:13:29","date_gmt":"2026-01-13T11:13:29","guid":{"rendered":"https:\/\/nen.kmkoncept.fr\/?post_type=product&#038;p=5544"},"modified":"2026-04-28T07:27:14","modified_gmt":"2026-04-28T07:27:14","slug":"housse-tissu-maille-pour-bouee-100","status":"publish","type":"product","link":"https:\/\/www.nenuphar.com\/en\/shop\/collectivites-entretien\/signalisation\/bouees-regate-balisage\/housse-tissu-maille-pour-bouee-100\/","title":{"rendered":"MESH FABRIC COVER FOR \u2013 100 BUOY"},"content":{"rendered":"<p>Cover for our buoy ref. 100, allowing for different colors.<\/p>\n<p>Available colors:<\/p>\n<p>green<\/p>\n<p>red<\/p>\n<p>blue<\/p>\n<p>orange<\/p>\n<p>black<\/p>\n<p>Made to order only<\/p><\/p>","protected":false},"excerpt":{"rendered":"<p>Housse pour notre bou\u00e9e r\u00e9f 100, afin de disposer de diff\u00e9rentes couleurs. Coloris possibles: &#8211; Vert &#8211; Rouge &#8211; Bleu &#8211; Orange &#8211; Noir Fabrication sur commande uniquement.<\/p>","protected":false},"featured_media":5553,"template":"","meta":{"_acf_changed":false,"_uag_custom_page_level_css":""},"product_brand":[430],"product_cat":[178],"product_tag":[],"class_list":{"0":"post-5544","1":"product","2":"type-product","3":"status-publish","4":"has-post-thumbnail","6":"product_brand-nenuphar","7":"product_cat-bouees-regate-balisage","9":"first","10":"onbackorder","11":"taxable","12":"shipping-taxable","13":"purchasable","14":"product-type-simple"},"acf":[],"aioseo_notices":[],"uagb_featured_image_src":{"full":["https:\/\/www.nenuphar.com\/wp-content\/uploads\/2026\/01\/4977-scaled.jpg",1707,2560,false],"thumbnail":["https:\/\/www.nenuphar.com\/wp-content\/uploads\/2026\/01\/4977-150x150.jpg",150,150,true],"medium":["https:\/\/www.nenuphar.com\/wp-content\/uploads\/2026\/01\/4977-200x300.jpg",200,300,true],"medium_large":["https:\/\/www.nenuphar.com\/wp-content\/uploads\/2026\/01\/4977-768x1152.jpg",768,1152,true],"large":["https:\/\/www.nenuphar.com\/wp-content\/uploads\/2026\/01\/4977-683x1024.jpg",683,1024,true],"1536x1536":["https:\/\/www.nenuphar.com\/wp-content\/uploads\/2026\/01\/4977-1024x1536.jpg",1024,1536,true],"2048x2048":["https:\/\/www.nenuphar.com\/wp-content\/uploads\/2026\/01\/4977-1365x2048.jpg",1365,2048,true],"trp-custom-language-flag":["https:\/\/www.nenuphar.com\/wp-content\/uploads\/2026\/01\/4977-scaled.jpg",8,12,false],"woocommerce_thumbnail":["https:\/\/www.nenuphar.com\/wp-content\/uploads\/2026\/01\/4977-300x300.jpg",300,300,true],"woocommerce_single":["https:\/\/www.nenuphar.com\/wp-content\/uploads\/2026\/01\/4977-600x900.jpg",600,900,true],"woocommerce_gallery_thumbnail":["https:\/\/www.nenuphar.com\/wp-content\/uploads\/2026\/01\/4977-100x100.jpg",100,100,true]},"uagb_author_info":{"display_name":"Karine","author_link":"https:\/\/www.nenuphar.com\/en\/author\/"},"uagb_comment_info":0,"uagb_excerpt":"Housse pour notre bou\u00e9e r\u00e9f 100, afin de disposer de diff\u00e9rentes couleurs. Coloris possibles: &#8211; Vert &#8211; Rouge &#8211; Bleu &#8211; Orange &#8211; Noir Fabrication sur commande uniquement.","_links":{"self":[{"href":"https:\/\/www.nenuphar.com\/en\/wp-json\/wp\/v2\/product\/5544","targetHints":{"allow":["GET"]}}],"collection":[{"href":"https:\/\/www.nenuphar.com\/en\/wp-json\/wp\/v2\/product"}],"about":[{"href":"https:\/\/www.nenuphar.com\/en\/wp-json\/wp\/v2\/types\/product"}],"wp:featuredmedia":[{"embeddable":true,"href":"https:\/\/www.nenuphar.com\/en\/wp-json\/wp\/v2\/media\/5553"}],"wp:attachment":[{"href":"https:\/\/www.nenuphar.com\/en\/wp-json\/wp\/v2\/media?parent=5544"}],"wp:term":[{"taxonomy":"product_brand","embeddable":true,"href":"https:\/\/www.nenuphar.com\/en\/wp-json\/wp\/v2\/product_brand?post=5544"},{"taxonomy":"product_cat","embeddable":true,"href":"https:\/\/www.nenuphar.com\/en\/wp-json\/wp\/v2\/product_cat?post=5544"},{"taxonomy":"product_tag","embeddable":true,"href":"https:\/\/www.nenuphar.com\/en\/wp-json\/wp\/v2\/product_tag?post=5544"}],"curies":[{"name":"wp","href":"https:\/\/api.w.org\/{rel}","templated":true}]}}