{"id":5546,"date":"2026-01-13T11:13:29","date_gmt":"2026-01-13T11:13:29","guid":{"rendered":"https:\/\/nen.kmkoncept.fr\/?post_type=product&#038;p=5546"},"modified":"2026-04-28T07:29:41","modified_gmt":"2026-04-28T07:29:41","slug":"flotteur-bolinche-rouge-diametre-70-mm","status":"publish","type":"product","link":"https:\/\/www.nenuphar.com\/en\/shop\/collectivites-entretien\/signalisation\/bouees-regate-balisage\/flotteur-bolinche-rouge-diametre-70-mm\/","title":{"rendered":"Red Bolinche Float \u2013 70 mm Diameter"},"content":{"rendered":"<p>Bolinche float for making water lines.<\/p>\n<\/p>\n<p>Also available in white.<\/p>\n<\/p>\n<p>Outer diameter: 70 mm (7 cm)<\/p>\n<p>For rope with a maximum diameter of 10 to 12 mm<\/p>","protected":false},"excerpt":{"rendered":"<p>Flotteur bolinche pour confectionner des lignes d&rsquo;eau. Existe aussi en blanc Diam\u00e8tre ext\u00e9rieur : 70 mm (7 cm) pour cordage de diam\u00e8tre maxi : 10 \u00e0 12 mm<\/p>","protected":false},"featured_media":5555,"template":"","meta":{"_acf_changed":false,"_uag_custom_page_level_css":""},"product_brand":[462],"product_cat":[178],"product_tag":[],"class_list":{"0":"post-5546","1":"product","2":"type-product","3":"status-publish","4":"has-post-thumbnail","6":"product_brand-plastimo","7":"product_cat-bouees-regate-balisage","9":"first","10":"instock","11":"taxable","12":"shipping-taxable","13":"purchasable","14":"product-type-simple"},"acf":[],"aioseo_notices":[],"uagb_featured_image_src":{"full":["https:\/\/www.nenuphar.com\/wp-content\/uploads\/2026\/01\/4926-scaled.jpg",2560,2287,false],"thumbnail":["https:\/\/www.nenuphar.com\/wp-content\/uploads\/2026\/01\/4926-150x150.jpg",150,150,true],"medium":["https:\/\/www.nenuphar.com\/wp-content\/uploads\/2026\/01\/4926-300x268.jpg",300,268,true],"medium_large":["https:\/\/www.nenuphar.com\/wp-content\/uploads\/2026\/01\/4926-768x686.jpg",768,686,true],"large":["https:\/\/www.nenuphar.com\/wp-content\/uploads\/2026\/01\/4926-1024x915.jpg",1024,915,true],"1536x1536":["https:\/\/www.nenuphar.com\/wp-content\/uploads\/2026\/01\/4926-1536x1372.jpg",1536,1372,true],"2048x2048":["https:\/\/www.nenuphar.com\/wp-content\/uploads\/2026\/01\/4926-2048x1830.jpg",2048,1830,true],"trp-custom-language-flag":["https:\/\/www.nenuphar.com\/wp-content\/uploads\/2026\/01\/4926-scaled.jpg",13,12,false],"woocommerce_thumbnail":["https:\/\/www.nenuphar.com\/wp-content\/uploads\/2026\/01\/4926-300x300.jpg",300,300,true],"woocommerce_single":["https:\/\/www.nenuphar.com\/wp-content\/uploads\/2026\/01\/4926-600x536.jpg",600,536,true],"woocommerce_gallery_thumbnail":["https:\/\/www.nenuphar.com\/wp-content\/uploads\/2026\/01\/4926-100x100.jpg",100,100,true]},"uagb_author_info":{"display_name":"Karine","author_link":"https:\/\/www.nenuphar.com\/en\/author\/"},"uagb_comment_info":0,"uagb_excerpt":"Flotteur bolinche pour confectionner des lignes d&rsquo;eau. Existe aussi en blanc Diam\u00e8tre ext\u00e9rieur : 70 mm (7 cm) pour cordage de diam\u00e8tre maxi : 10 \u00e0 12 mm","_links":{"self":[{"href":"https:\/\/www.nenuphar.com\/en\/wp-json\/wp\/v2\/product\/5546","targetHints":{"allow":["GET"]}}],"collection":[{"href":"https:\/\/www.nenuphar.com\/en\/wp-json\/wp\/v2\/product"}],"about":[{"href":"https:\/\/www.nenuphar.com\/en\/wp-json\/wp\/v2\/types\/product"}],"wp:featuredmedia":[{"embeddable":true,"href":"https:\/\/www.nenuphar.com\/en\/wp-json\/wp\/v2\/media\/5555"}],"wp:attachment":[{"href":"https:\/\/www.nenuphar.com\/en\/wp-json\/wp\/v2\/media?parent=5546"}],"wp:term":[{"taxonomy":"product_brand","embeddable":true,"href":"https:\/\/www.nenuphar.com\/en\/wp-json\/wp\/v2\/product_brand?post=5546"},{"taxonomy":"product_cat","embeddable":true,"href":"https:\/\/www.nenuphar.com\/en\/wp-json\/wp\/v2\/product_cat?post=5546"},{"taxonomy":"product_tag","embeddable":true,"href":"https:\/\/www.nenuphar.com\/en\/wp-json\/wp\/v2\/product_tag?post=5546"}],"curies":[{"name":"wp","href":"https:\/\/api.w.org\/{rel}","templated":true}]}}