{"id":5574,"date":"2026-01-13T13:32:52","date_gmt":"2026-01-13T13:32:52","guid":{"rendered":"https:\/\/nen.kmkoncept.fr\/?post_type=product&#038;p=5574"},"modified":"2026-04-28T07:27:22","modified_gmt":"2026-04-28T07:27:22","slug":"foc-vaurien-regate-180-htp-square-avec-fenetre","status":"publish","type":"product","link":"https:\/\/www.nenuphar.com\/en\/shop\/navigation\/voiles\/focs\/foc-vaurien-regate-180-htp-square-avec-fenetre\/","title":{"rendered":"VAURIEN RACING JIB 180 HTP+ \u2013 SQUARE WITH WINDOW"},"content":{"rendered":"<p>Jib for Vaurien dinghy, made of 180-gram Dacron with HTP+ Polyant finish.<\/p>\n<p>luff wire<\/p>\n<p>Mylar window<\/p>\n<p>Cut and assembled in our workshop in Nemours (77).<\/p>","protected":false},"excerpt":{"rendered":"<p>Foc pour d\u00e9riveur Vaurien, en dacron 180 grammes finition HTP+ Polyant c\u00e2ble de guindant fen\u00eatre mylar coup\u00e9 et assembl\u00e9 dans notre atelier \u00e0 Nemours (77)<\/p>","protected":false},"featured_media":5608,"template":"","meta":{"_acf_changed":false,"_uag_custom_page_level_css":""},"product_brand":[430],"product_cat":[60,218],"product_tag":[425],"class_list":{"0":"post-5574","1":"product","2":"type-product","3":"status-publish","4":"has-post-thumbnail","6":"product_brand-nenuphar","7":"product_cat-focs","8":"product_cat-vaurien","9":"product_tag-vaurien","11":"first","12":"onbackorder","13":"taxable","14":"shipping-taxable","15":"purchasable","16":"product-type-simple"},"acf":[],"aioseo_notices":[],"uagb_featured_image_src":{"full":["https:\/\/www.nenuphar.com\/wp-content\/uploads\/2026\/01\/5333.jpg",1536,2048,false],"thumbnail":["https:\/\/www.nenuphar.com\/wp-content\/uploads\/2026\/01\/5333-150x150.jpg",150,150,true],"medium":["https:\/\/www.nenuphar.com\/wp-content\/uploads\/2026\/01\/5333-225x300.jpg",225,300,true],"medium_large":["https:\/\/www.nenuphar.com\/wp-content\/uploads\/2026\/01\/5333-768x1024.jpg",768,1024,true],"large":["https:\/\/www.nenuphar.com\/wp-content\/uploads\/2026\/01\/5333-768x1024.jpg",768,1024,true],"1536x1536":["https:\/\/www.nenuphar.com\/wp-content\/uploads\/2026\/01\/5333-1152x1536.jpg",1152,1536,true],"2048x2048":["https:\/\/www.nenuphar.com\/wp-content\/uploads\/2026\/01\/5333.jpg",1536,2048,false],"trp-custom-language-flag":["https:\/\/www.nenuphar.com\/wp-content\/uploads\/2026\/01\/5333.jpg",9,12,false],"woocommerce_thumbnail":["https:\/\/www.nenuphar.com\/wp-content\/uploads\/2026\/01\/5333-300x300.jpg",300,300,true],"woocommerce_single":["https:\/\/www.nenuphar.com\/wp-content\/uploads\/2026\/01\/5333-600x800.jpg",600,800,true],"woocommerce_gallery_thumbnail":["https:\/\/www.nenuphar.com\/wp-content\/uploads\/2026\/01\/5333-100x100.jpg",100,100,true]},"uagb_author_info":{"display_name":"Karine","author_link":"https:\/\/www.nenuphar.com\/en\/author\/"},"uagb_comment_info":0,"uagb_excerpt":"Foc pour d\u00e9riveur Vaurien, en dacron 180 grammes finition HTP+ Polyant c\u00e2ble de guindant fen\u00eatre mylar coup\u00e9 et assembl\u00e9 dans notre atelier \u00e0 Nemours (77)","_links":{"self":[{"href":"https:\/\/www.nenuphar.com\/en\/wp-json\/wp\/v2\/product\/5574","targetHints":{"allow":["GET"]}}],"collection":[{"href":"https:\/\/www.nenuphar.com\/en\/wp-json\/wp\/v2\/product"}],"about":[{"href":"https:\/\/www.nenuphar.com\/en\/wp-json\/wp\/v2\/types\/product"}],"wp:featuredmedia":[{"embeddable":true,"href":"https:\/\/www.nenuphar.com\/en\/wp-json\/wp\/v2\/media\/5608"}],"wp:attachment":[{"href":"https:\/\/www.nenuphar.com\/en\/wp-json\/wp\/v2\/media?parent=5574"}],"wp:term":[{"taxonomy":"product_brand","embeddable":true,"href":"https:\/\/www.nenuphar.com\/en\/wp-json\/wp\/v2\/product_brand?post=5574"},{"taxonomy":"product_cat","embeddable":true,"href":"https:\/\/www.nenuphar.com\/en\/wp-json\/wp\/v2\/product_cat?post=5574"},{"taxonomy":"product_tag","embeddable":true,"href":"https:\/\/www.nenuphar.com\/en\/wp-json\/wp\/v2\/product_tag?post=5574"}],"curies":[{"name":"wp","href":"https:\/\/api.w.org\/{rel}","templated":true}]}}