{"id":5585,"date":"2026-01-13T13:32:53","date_gmt":"2026-01-13T13:32:53","guid":{"rendered":"https:\/\/nen.kmkoncept.fr\/?post_type=product&#038;p=5585"},"modified":"2026-04-28T07:27:48","modified_gmt":"2026-04-28T07:27:48","slug":"foc-nc-14-15-f2-ss-cable-compatible","status":"publish","type":"product","link":"https:\/\/www.nenuphar.com\/en\/shop\/series\/catamarans-series\/new-cat\/nc-14\/foc-nc-14-15-f2-ss-cable-compatible\/","title":{"rendered":"NC 14\/15\/F2 Compatible Jib \u2013 With Snap Hooks"},"content":{"rendered":"<p>Made in France. Jib supplied without bag or batten. Compatible with New Cat 14, New Cat 15 Club, and New Cat F2. Designed and manufactured in our workshops based on feedback from intensive users. Option for one or more colored panels on request for easier identification on the water. Standard version: white jib with black reinforcements and tapes. White panels with black reinforcements and tapes.<\/p>\n<p>Note: the color shown in the photo is optional.<\/p>","protected":false},"excerpt":{"rendered":"<p>Fabriqu\u00e9 en France. Foc livr\u00e9 sans sac, ni latte. Foc comaptible New Cat 14, New Cat 15 Club, New Cat F2. Il est con\u00e7u et r\u00e9alis\u00e9 dans nos ateliers suite aux conseils prodigu\u00e9s par des utilisateurs intensifs. Possibilit\u00e9 d&rsquo;une ou plusieurs laizes couleur sur demande, pour un rep\u00e9rage facilit\u00e9 sur l&rsquo;eau . En standard: foc [&hellip;]<\/p>\n","protected":false},"featured_media":5644,"template":"","meta":{"_acf_changed":false,"_uag_custom_page_level_css":""},"product_brand":[430],"product_cat":[60,284,285],"product_tag":[556,557,558,555],"class_list":{"0":"post-5585","1":"product","2":"type-product","3":"status-publish","4":"has-post-thumbnail","6":"product_brand-nenuphar","7":"product_cat-focs","8":"product_cat-nc-14","9":"product_cat-nc-15-club","10":"product_tag-nc-14","11":"product_tag-nc-15","12":"product_tag-nc-15-club","13":"product_tag-new-cat","15":"first","16":"onbackorder","17":"taxable","18":"shipping-taxable","19":"purchasable","20":"product-type-simple"},"acf":[],"aioseo_notices":[],"uagb_featured_image_src":{"full":["https:\/\/www.nenuphar.com\/wp-content\/uploads\/2026\/01\/6166.jpg",1311,1351,false],"thumbnail":["https:\/\/www.nenuphar.com\/wp-content\/uploads\/2026\/01\/6166-150x150.jpg",150,150,true],"medium":["https:\/\/www.nenuphar.com\/wp-content\/uploads\/2026\/01\/6166-291x300.jpg",291,300,true],"medium_large":["https:\/\/www.nenuphar.com\/wp-content\/uploads\/2026\/01\/6166-768x791.jpg",768,791,true],"large":["https:\/\/www.nenuphar.com\/wp-content\/uploads\/2026\/01\/6166-994x1024.jpg",994,1024,true],"1536x1536":["https:\/\/www.nenuphar.com\/wp-content\/uploads\/2026\/01\/6166.jpg",1311,1351,false],"2048x2048":["https:\/\/www.nenuphar.com\/wp-content\/uploads\/2026\/01\/6166.jpg",1311,1351,false],"trp-custom-language-flag":["https:\/\/www.nenuphar.com\/wp-content\/uploads\/2026\/01\/6166.jpg",12,12,false],"woocommerce_thumbnail":["https:\/\/www.nenuphar.com\/wp-content\/uploads\/2026\/01\/6166-300x300.jpg",300,300,true],"woocommerce_single":["https:\/\/www.nenuphar.com\/wp-content\/uploads\/2026\/01\/6166-600x618.jpg",600,618,true],"woocommerce_gallery_thumbnail":["https:\/\/www.nenuphar.com\/wp-content\/uploads\/2026\/01\/6166-100x100.jpg",100,100,true]},"uagb_author_info":{"display_name":"Karine","author_link":"https:\/\/www.nenuphar.com\/en\/author\/"},"uagb_comment_info":0,"uagb_excerpt":"Fabriqu\u00e9 en France. Foc livr\u00e9 sans sac, ni latte. Foc comaptible New Cat 14, New Cat 15 Club, New Cat F2. Il est con\u00e7u et r\u00e9alis\u00e9 dans nos ateliers suite aux conseils prodigu\u00e9s par des utilisateurs intensifs. Possibilit\u00e9 d&rsquo;une ou plusieurs laizes couleur sur demande, pour un rep\u00e9rage facilit\u00e9 sur l&rsquo;eau . En standard: foc&hellip;","_links":{"self":[{"href":"https:\/\/www.nenuphar.com\/en\/wp-json\/wp\/v2\/product\/5585","targetHints":{"allow":["GET"]}}],"collection":[{"href":"https:\/\/www.nenuphar.com\/en\/wp-json\/wp\/v2\/product"}],"about":[{"href":"https:\/\/www.nenuphar.com\/en\/wp-json\/wp\/v2\/types\/product"}],"wp:featuredmedia":[{"embeddable":true,"href":"https:\/\/www.nenuphar.com\/en\/wp-json\/wp\/v2\/media\/5644"}],"wp:attachment":[{"href":"https:\/\/www.nenuphar.com\/en\/wp-json\/wp\/v2\/media?parent=5585"}],"wp:term":[{"taxonomy":"product_brand","embeddable":true,"href":"https:\/\/www.nenuphar.com\/en\/wp-json\/wp\/v2\/product_brand?post=5585"},{"taxonomy":"product_cat","embeddable":true,"href":"https:\/\/www.nenuphar.com\/en\/wp-json\/wp\/v2\/product_cat?post=5585"},{"taxonomy":"product_tag","embeddable":true,"href":"https:\/\/www.nenuphar.com\/en\/wp-json\/wp\/v2\/product_tag?post=5585"}],"curies":[{"name":"wp","href":"https:\/\/api.w.org\/{rel}","templated":true}]}}