{"id":5587,"date":"2026-01-13T13:32:53","date_gmt":"2026-01-13T13:32:53","guid":{"rendered":"https:\/\/nen.kmkoncept.fr\/?post_type=product&#038;p=5587"},"modified":"2026-04-28T07:27:48","modified_gmt":"2026-04-28T07:27:48","slug":"foc-nc-16-3-5m2-av-cable-compatible","status":"publish","type":"product","link":"https:\/\/www.nenuphar.com\/en\/shop\/navigation\/voiles\/focs\/foc-nc-16-3-5m2-av-cable-compatible\/","title":{"rendered":"JIB NC 16 3.5M\u00b2 WITH CABLE \u2013 COMPATIBLE"},"content":{"rendered":"<p>Made in France.<\/p>\n<p>Jib delivered without bag or batten. Jib for New Cat 16.\nIt is designed and manufactured in our workshops based on feedback from intensive users.\nOption for one or more colored panels on request, for easier identification on the water.<\/p>\n<p>White panels \/ black reinforcements and stripes<\/p>","protected":false},"excerpt":{"rendered":"<p>Fabriqu\u00e9 en France. Foc livr\u00e9 sans sac, ni latte. Foc pour New Cat 16.Il est con\u00e7u et r\u00e9alis\u00e9 dans nos ateliers suite aux conseils prodigu\u00e9s par des utilisateurs intensifs. Possibilit\u00e9 d&rsquo;une ou plusieurs laizes couleur sur demande, pour un rep\u00e9rage facilit\u00e9 sur l&rsquo;eau . Laizes blanches \/renforts et galons noirs<\/p>","protected":false},"featured_media":0,"template":"","meta":{"_acf_changed":false,"_uag_custom_page_level_css":""},"product_brand":[430],"product_cat":[60],"product_tag":[],"class_list":{"0":"post-5587","1":"product","2":"type-product","3":"status-publish","5":"product_brand-nenuphar","6":"product_cat-focs","8":"first","9":"onbackorder","10":"taxable","11":"shipping-taxable","12":"purchasable","13":"product-type-simple"},"acf":[],"aioseo_notices":[],"uagb_featured_image_src":{"full":false,"thumbnail":false,"medium":false,"medium_large":false,"large":false,"1536x1536":false,"2048x2048":false,"trp-custom-language-flag":false,"woocommerce_thumbnail":false,"woocommerce_single":false,"woocommerce_gallery_thumbnail":false},"uagb_author_info":{"display_name":"Karine","author_link":"https:\/\/www.nenuphar.com\/en\/author\/"},"uagb_comment_info":0,"uagb_excerpt":"Fabriqu\u00e9 en France. Foc livr\u00e9 sans sac, ni latte. Foc pour New Cat 16.Il est con\u00e7u et r\u00e9alis\u00e9 dans nos ateliers suite aux conseils prodigu\u00e9s par des utilisateurs intensifs. Possibilit\u00e9 d&rsquo;une ou plusieurs laizes couleur sur demande, pour un rep\u00e9rage facilit\u00e9 sur l&rsquo;eau . Laizes blanches \/renforts et galons noirs","_links":{"self":[{"href":"https:\/\/www.nenuphar.com\/en\/wp-json\/wp\/v2\/product\/5587","targetHints":{"allow":["GET"]}}],"collection":[{"href":"https:\/\/www.nenuphar.com\/en\/wp-json\/wp\/v2\/product"}],"about":[{"href":"https:\/\/www.nenuphar.com\/en\/wp-json\/wp\/v2\/types\/product"}],"wp:attachment":[{"href":"https:\/\/www.nenuphar.com\/en\/wp-json\/wp\/v2\/media?parent=5587"}],"wp:term":[{"taxonomy":"product_brand","embeddable":true,"href":"https:\/\/www.nenuphar.com\/en\/wp-json\/wp\/v2\/product_brand?post=5587"},{"taxonomy":"product_cat","embeddable":true,"href":"https:\/\/www.nenuphar.com\/en\/wp-json\/wp\/v2\/product_cat?post=5587"},{"taxonomy":"product_tag","embeddable":true,"href":"https:\/\/www.nenuphar.com\/en\/wp-json\/wp\/v2\/product_tag?post=5587"}],"curies":[{"name":"wp","href":"https:\/\/api.w.org\/{rel}","templated":true}]}}