{"id":5597,"date":"2026-01-13T13:32:54","date_gmt":"2026-01-13T13:32:54","guid":{"rendered":"https:\/\/nen.kmkoncept.fr\/?post_type=product&#038;p=5597"},"modified":"2026-04-28T07:27:56","modified_gmt":"2026-04-28T07:27:56","slug":"foc-lb15","status":"publish","type":"product","link":"https:\/\/www.nenuphar.com\/en\/shop\/series\/catamarans-series\/boutemy\/lb-15\/foc-lb15\/","title":{"rendered":"LB 15 BOUTEMY COMPATIBLE JIB"},"content":{"rendered":"<p>Made in France.<\/p>\n<p>Jib supplied without bag or batten. LB 15 Boutemy jib. Designed and manufactured in our workshops based on feedback from intensive users. Option for one or more colored panels on request for easier identification on the water.<\/p>\n<p>White panels \/ black trim and reinforcements<\/p>","protected":false},"excerpt":{"rendered":"<p>Fabriqu\u00e9 en France. Foc livr\u00e9 sans sac, ni latte. Foc de LB 15 Boutemy.Il est con\u00e7u et r\u00e9alis\u00e9 dans nos ateliers suite aux conseils prodigu\u00e9s par des utilisateurs intensifs. Possibilit\u00e9 d&rsquo;une ou plusieurs laizes couleur sur demande, pour un rep\u00e9rage facilit\u00e9 sur l&rsquo;eau . Laizes blanches \/ galons et renforts noirs<\/p>","protected":false},"featured_media":0,"template":"","meta":{"_acf_changed":false,"_uag_custom_page_level_css":""},"product_brand":[430],"product_cat":[60,281],"product_tag":[552,551],"class_list":{"0":"post-5597","1":"product","2":"type-product","3":"status-publish","5":"product_brand-nenuphar","6":"product_cat-focs","7":"product_cat-lb-15","8":"product_tag-boutemy","9":"product_tag-lb-15","11":"first","12":"onbackorder","13":"taxable","14":"shipping-taxable","15":"purchasable","16":"product-type-simple"},"acf":[],"aioseo_notices":[],"uagb_featured_image_src":{"full":false,"thumbnail":false,"medium":false,"medium_large":false,"large":false,"1536x1536":false,"2048x2048":false,"trp-custom-language-flag":false,"woocommerce_thumbnail":false,"woocommerce_single":false,"woocommerce_gallery_thumbnail":false},"uagb_author_info":{"display_name":"Karine","author_link":"https:\/\/www.nenuphar.com\/en\/author\/"},"uagb_comment_info":0,"uagb_excerpt":"Fabriqu\u00e9 en France. Foc livr\u00e9 sans sac, ni latte. Foc de LB 15 Boutemy.Il est con\u00e7u et r\u00e9alis\u00e9 dans nos ateliers suite aux conseils prodigu\u00e9s par des utilisateurs intensifs. Possibilit\u00e9 d&rsquo;une ou plusieurs laizes couleur sur demande, pour un rep\u00e9rage facilit\u00e9 sur l&rsquo;eau . Laizes blanches \/ galons et renforts noirs","_links":{"self":[{"href":"https:\/\/www.nenuphar.com\/en\/wp-json\/wp\/v2\/product\/5597","targetHints":{"allow":["GET"]}}],"collection":[{"href":"https:\/\/www.nenuphar.com\/en\/wp-json\/wp\/v2\/product"}],"about":[{"href":"https:\/\/www.nenuphar.com\/en\/wp-json\/wp\/v2\/types\/product"}],"wp:attachment":[{"href":"https:\/\/www.nenuphar.com\/en\/wp-json\/wp\/v2\/media?parent=5597"}],"wp:term":[{"taxonomy":"product_brand","embeddable":true,"href":"https:\/\/www.nenuphar.com\/en\/wp-json\/wp\/v2\/product_brand?post=5597"},{"taxonomy":"product_cat","embeddable":true,"href":"https:\/\/www.nenuphar.com\/en\/wp-json\/wp\/v2\/product_cat?post=5597"},{"taxonomy":"product_tag","embeddable":true,"href":"https:\/\/www.nenuphar.com\/en\/wp-json\/wp\/v2\/product_tag?post=5597"}],"curies":[{"name":"wp","href":"https:\/\/api.w.org\/{rel}","templated":true}]}}