{"id":5598,"date":"2026-01-13T13:32:54","date_gmt":"2026-01-13T13:32:54","guid":{"rendered":"https:\/\/nen.kmkoncept.fr\/?post_type=product&#038;p=5598"},"modified":"2026-04-28T07:27:57","modified_gmt":"2026-04-28T07:27:57","slug":"tous-les-focs-kl-compatibles","status":"publish","type":"product","link":"https:\/\/www.nenuphar.com\/en\/shop\/series\/catamarans-series\/kl\/kl-10\/tous-les-focs-kl-compatibles\/","title":{"rendered":"KL COMPATIBLE JIBS"},"content":{"rendered":"<p>Foc livr\u00e9 sans sac, ni latte. Foc pour :<\/p>\n<p>-KL 10.5,<\/p>\n<p>-KL 13.5\u00a0 Attention !<strong> 2 versions<\/strong>:<\/p>\n<p>\u00a0\u00a0\u00a0\u00a0\u00a0\u00a0\u00a0\u00a0\u00a0\u00a0\u00a0\u00a0\u00a0\u00a0\u00a0\u00a0\u00a0 1 ) standard avec mousquetons 1\/4 tour sur le guindant, et une<\/p>\n<p>\u00a0\u00a0\u00a0\u00a0\u00a0\u00a0\u00a0\u00a0\u00a0\u00a0\u00a0\u00a0\u00a0\u00a0\u00a0\u00a0\u00a0 2) version avec c\u00e2ble de guindant.<\/p>\n<p>-KL 15.5,<\/p>\n<p>-KL Booster,<\/p>\n<p>-KL 12 Colibri,<\/p>\n<p>&#8211; KL 14.<\/p>\n<p>Focs con\u00e7us et r\u00e9alis\u00e9s dans nos ateliers suite aux conseils prodigu\u00e9s par des utilisateurs intensifs. Possibilit\u00e9 d&rsquo;une ou plusieurs laizes couleur sur demande, pour un rep\u00e9rage facilit\u00e9 sur l&rsquo;eau . Choisissez votre mod\u00e8le ci-contre<\/p>","protected":false},"excerpt":{"rendered":"<p>Les Foc KL BOOSTER DACRON COMPATIBLE,\u00a012 COLIBRI DACRON COMPATIBLE et 14 COMPATIBLE sont constitu\u00e9s de Laizes blanches\/galons et renforts noirs.<\/p>","protected":false},"featured_media":4890,"template":"","meta":{"_acf_changed":false,"_uag_custom_page_level_css":""},"product_brand":[430],"product_cat":[60,268,269,270,271,272,273,274,275,276,277,278,279,280],"product_tag":[535,536,537,538,539,540,541,542,543,544,545,546,547],"class_list":{"0":"post-5598","1":"product","2":"type-product","3":"status-publish","4":"has-post-thumbnail","6":"product_brand-nenuphar","7":"product_cat-focs","8":"product_cat-kl-10","9":"product_cat-kl-105","10":"product_cat-kl-12","11":"product_cat-kl-135","12":"product_cat-kl-14","13":"product_cat-kl-15","14":"product_cat-kl-155","15":"product_cat-kl-16","16":"product_cat-kl-17","17":"product_cat-kl-175-tonic","18":"product_cat-kl-18-warp","19":"product_cat-kl-booster","20":"product_cat-kl-colibri","21":"product_tag-kl-10","22":"product_tag-kl-10-5","23":"product_tag-kl-12","24":"product_tag-kl-13-5","25":"product_tag-kl-14","26":"product_tag-kl-15","27":"product_tag-kl-15-5","28":"product_tag-kl-16","29":"product_tag-kl-17","30":"product_tag-kl-17-5","31":"product_tag-kl-18","32":"product_tag-kl-booster","33":"product_tag-kl-colibri","35":"first","36":"instock","37":"taxable","38":"shipping-taxable","39":"purchasable","40":"product-type-simple"},"acf":[],"aioseo_notices":[],"uagb_featured_image_src":{"full":["https:\/\/www.nenuphar.com\/wp-content\/uploads\/2026\/01\/4501-scaled.jpg",1920,2560,false],"thumbnail":["https:\/\/www.nenuphar.com\/wp-content\/uploads\/2026\/01\/4501-150x150.jpg",150,150,true],"medium":["https:\/\/www.nenuphar.com\/wp-content\/uploads\/2026\/01\/4501-225x300.jpg",225,300,true],"medium_large":["https:\/\/www.nenuphar.com\/wp-content\/uploads\/2026\/01\/4501-768x1024.jpg",768,1024,true],"large":["https:\/\/www.nenuphar.com\/wp-content\/uploads\/2026\/01\/4501-768x1024.jpg",768,1024,true],"1536x1536":["https:\/\/www.nenuphar.com\/wp-content\/uploads\/2026\/01\/4501-1152x1536.jpg",1152,1536,true],"2048x2048":["https:\/\/www.nenuphar.com\/wp-content\/uploads\/2026\/01\/4501-1536x2048.jpg",1536,2048,true],"trp-custom-language-flag":["https:\/\/www.nenuphar.com\/wp-content\/uploads\/2026\/01\/4501-scaled.jpg",9,12,false],"woocommerce_thumbnail":["https:\/\/www.nenuphar.com\/wp-content\/uploads\/2026\/01\/4501-300x300.jpg",300,300,true],"woocommerce_single":["https:\/\/www.nenuphar.com\/wp-content\/uploads\/2026\/01\/4501-600x800.jpg",600,800,true],"woocommerce_gallery_thumbnail":["https:\/\/www.nenuphar.com\/wp-content\/uploads\/2026\/01\/4501-100x100.jpg",100,100,true]},"uagb_author_info":{"display_name":"Karine","author_link":"https:\/\/www.nenuphar.com\/en\/author\/"},"uagb_comment_info":0,"uagb_excerpt":"Les Foc KL BOOSTER DACRON COMPATIBLE,\u00a012 COLIBRI DACRON COMPATIBLE et 14 COMPATIBLE sont constitu\u00e9s de Laizes blanches\/galons et renforts noirs.","_links":{"self":[{"href":"https:\/\/www.nenuphar.com\/en\/wp-json\/wp\/v2\/product\/5598","targetHints":{"allow":["GET"]}}],"collection":[{"href":"https:\/\/www.nenuphar.com\/en\/wp-json\/wp\/v2\/product"}],"about":[{"href":"https:\/\/www.nenuphar.com\/en\/wp-json\/wp\/v2\/types\/product"}],"wp:featuredmedia":[{"embeddable":true,"href":"https:\/\/www.nenuphar.com\/en\/wp-json\/wp\/v2\/media\/4890"}],"wp:attachment":[{"href":"https:\/\/www.nenuphar.com\/en\/wp-json\/wp\/v2\/media?parent=5598"}],"wp:term":[{"taxonomy":"product_brand","embeddable":true,"href":"https:\/\/www.nenuphar.com\/en\/wp-json\/wp\/v2\/product_brand?post=5598"},{"taxonomy":"product_cat","embeddable":true,"href":"https:\/\/www.nenuphar.com\/en\/wp-json\/wp\/v2\/product_cat?post=5598"},{"taxonomy":"product_tag","embeddable":true,"href":"https:\/\/www.nenuphar.com\/en\/wp-json\/wp\/v2\/product_tag?post=5598"}],"curies":[{"name":"wp","href":"https:\/\/api.w.org\/{rel}","templated":true}]}}