{"id":5650,"date":"2026-01-13T13:35:01","date_gmt":"2026-01-13T13:35:01","guid":{"rendered":"https:\/\/nen.kmkoncept.fr\/?post_type=product&#038;p=5650"},"modified":"2026-04-28T07:30:45","modified_gmt":"2026-04-28T07:30:45","slug":"genois-racing-corsaire","status":"publish","type":"product","link":"https:\/\/www.nenuphar.com\/en\/shop\/series\/deriveurs\/corsaire\/genois-racing-corsaire\/","title":{"rendered":"CORSAIRE RACING GENOA W\/ CARBINE HOOKS 180 G HTP + SQUARE"},"content":{"rendered":"<p>Products made in France. Two Genoa Racing models are available. See below for more details.<\/p>","protected":false},"excerpt":{"rendered":"<p>CROSSCUT 180G HTP+ SQUARE Snap Hooks: 1\/4-turn plastic snap hooks, Cunningham adjustment, leech line, telltales, triple-point blue stitching, window, telltale window, draft visibility strip. FABRIC: HTP+ SQUARE 180 g\/m\u00b2. DIMENSIONS: Luff 5200 mm \/ Foot 2600 mm \/ Area 6.70 m\u00b2.<\/p>\n<p>CROSSCUT 180G HTP+ SQUARE Cable: Luff cable for furler, Cunningham adjustment, leech line, telltales, triple-point blue stitching, window, telltale window, draft visibility strip. FABRIC: HTP+ SQUARE 180 g\/m\u00b2. DIMENSIONS: Luff 5200 mm \/ Foot 2600 mm \/ Area 6.70 m\u00b2.<\/p>","protected":false},"featured_media":4915,"template":"","meta":{"_acf_changed":false,"_uag_custom_page_level_css":""},"product_brand":[430],"product_cat":[198,60],"product_tag":[482],"class_list":{"0":"post-5650","1":"product","2":"type-product","3":"status-publish","4":"has-post-thumbnail","6":"product_brand-nenuphar","7":"product_cat-corsaire","8":"product_cat-focs","9":"product_tag-corsaire","11":"first","12":"onbackorder","13":"taxable","14":"shipping-taxable","15":"purchasable","16":"product-type-variable"},"acf":[],"aioseo_notices":[],"uagb_featured_image_src":{"full":["https:\/\/www.nenuphar.com\/wp-content\/uploads\/2026\/01\/1525.jpg",400,267,false],"thumbnail":["https:\/\/www.nenuphar.com\/wp-content\/uploads\/2026\/01\/1525-150x150.jpg",150,150,true],"medium":["https:\/\/www.nenuphar.com\/wp-content\/uploads\/2026\/01\/1525-300x200.jpg",300,200,true],"medium_large":["https:\/\/www.nenuphar.com\/wp-content\/uploads\/2026\/01\/1525.jpg",400,267,false],"large":["https:\/\/www.nenuphar.com\/wp-content\/uploads\/2026\/01\/1525.jpg",400,267,false],"1536x1536":["https:\/\/www.nenuphar.com\/wp-content\/uploads\/2026\/01\/1525.jpg",400,267,false],"2048x2048":["https:\/\/www.nenuphar.com\/wp-content\/uploads\/2026\/01\/1525.jpg",400,267,false],"trp-custom-language-flag":["https:\/\/www.nenuphar.com\/wp-content\/uploads\/2026\/01\/1525.jpg",18,12,false],"woocommerce_thumbnail":["https:\/\/www.nenuphar.com\/wp-content\/uploads\/2026\/01\/1525-300x267.jpg",300,267,true],"woocommerce_single":["https:\/\/www.nenuphar.com\/wp-content\/uploads\/2026\/01\/1525.jpg",400,267,false],"woocommerce_gallery_thumbnail":["https:\/\/www.nenuphar.com\/wp-content\/uploads\/2026\/01\/1525-100x100.jpg",100,100,true]},"uagb_author_info":{"display_name":"Karine","author_link":"https:\/\/www.nenuphar.com\/en\/author\/"},"uagb_comment_info":0,"uagb_excerpt":"MOUSQUETONS CROSSCUT 180G HTP+ SQUARE : Mousquetons plastique 1\/4 tour, r\u00e9glage de cunningham, nerf de chute, penons, couture triple point bleue, fen\u00eatre, fen\u00eatre de penons, bande visualisation du creux. TISSU: HTP+ SQUARE 180G\/M\u00b2 DIM: G 5200 \/ LP 2600 \/ SURF 6.70 M\u00b2. CABLE CROSSCUT 180G HTP+ SQUARE : Draille en c\u00e2ble pour emmagasineur, r\u00e9glage&hellip;","_links":{"self":[{"href":"https:\/\/www.nenuphar.com\/en\/wp-json\/wp\/v2\/product\/5650","targetHints":{"allow":["GET"]}}],"collection":[{"href":"https:\/\/www.nenuphar.com\/en\/wp-json\/wp\/v2\/product"}],"about":[{"href":"https:\/\/www.nenuphar.com\/en\/wp-json\/wp\/v2\/types\/product"}],"wp:featuredmedia":[{"embeddable":true,"href":"https:\/\/www.nenuphar.com\/en\/wp-json\/wp\/v2\/media\/4915"}],"wp:attachment":[{"href":"https:\/\/www.nenuphar.com\/en\/wp-json\/wp\/v2\/media?parent=5650"}],"wp:term":[{"taxonomy":"product_brand","embeddable":true,"href":"https:\/\/www.nenuphar.com\/en\/wp-json\/wp\/v2\/product_brand?post=5650"},{"taxonomy":"product_cat","embeddable":true,"href":"https:\/\/www.nenuphar.com\/en\/wp-json\/wp\/v2\/product_cat?post=5650"},{"taxonomy":"product_tag","embeddable":true,"href":"https:\/\/www.nenuphar.com\/en\/wp-json\/wp\/v2\/product_tag?post=5650"}],"curies":[{"name":"wp","href":"https:\/\/api.w.org\/{rel}","templated":true}]}}